{"id":62,"date":"2016-08-19T16:14:58","date_gmt":"2016-08-19T13:14:58","guid":{"rendered":"http:\/\/blog.metu.edu.tr\/zculfaz\/?page_id=62"},"modified":"2024-12-09T16:52:23","modified_gmt":"2024-12-09T13:52:23","slug":"graduate-students","status":"publish","type":"page","link":"https:\/\/blog.metu.edu.tr\/zculfaz\/graduate-students\/","title":{"rendered":"Graduate Students"},"content":{"rendered":"\n<p>Ayt\u00f6re Ar\u0131kan (BSc, METU Chemical Engineering)<\/p>\n\n\n\n<p>Rafid Gertani (BSc, Ankara University Chemical Engineering)<\/p>\n\n\n\n<p>Bengisu Bar\u0131\u015f (BSc, METU Chemical Engineering)<\/p>\n\n\n\n<p>\u0130lker Kaygusuz (BSc, METU Mining Engineering, MSc, METU  Micro and Nanotechnology Program)<\/p>\n\n\n\n<p>Yahya Abdelmaksoud (BSc, METU Petroleum Engineering and METU Chemical Engineering)<\/p>\n\n\n\n<p><\/p>\n\n\n\n<p><\/p>\n\n\n\n<p><\/p>\n\n\n\n<p><\/p>\n\n\n\n<p><\/p>\n\n\n\n<p><\/p>\n\n\n\n<p><\/p>\n\n\n\n<p><\/p>\n\n\n\n<p><\/p>\n\n\n\n<p><\/p>\n\n\n\n<p><\/p>\n\n\n\n<p><\/p>\n\n\n\n<p><\/p>\n\n\n\n<p><\/p>\n\n\n\n<p><\/p>\n\n\n\n<p><\/p>\n\n\n\n<p><\/p>\n\n\n\n<p><\/p>\n\n\n\n<p><\/p>\n\n\n\n<p><\/p>\n\n\n\n<p><\/p>\n\n\n\n<p class=\"has-text-align-left\"><\/p>\n","protected":false},"excerpt":{"rendered":"<p>Ayt\u00f6re Ar\u0131kan (BSc, METU Chemical Engineering) Rafid Gertani (BSc, Ankara University Chemical Engineering) Bengisu Bar\u0131\u015f (BSc, METU Chemical Engineering) \u0130lker Kaygusuz (BSc, METU Mining Engineering, MSc, METU Micro and Nanotechnology Program) Yahya Abdelmaksoud (BSc, METU Petroleum Engineering and METU Chemical &hellip; <a href=\"https:\/\/blog.metu.edu.tr\/zculfaz\/graduate-students\/\">Continue reading <span class=\"meta-nav\">&rarr;<\/span><\/a><\/p>\n","protected":false},"author":3924,"featured_media":0,"parent":0,"menu_order":0,"comment_status":"closed","ping_status":"closed","template":"","meta":{"footnotes":"","_links_to":"","_links_to_target":""},"class_list":["post-62","page","type-page","status-publish","hentry"],"_links":{"self":[{"href":"https:\/\/blog.metu.edu.tr\/zculfaz\/wp-json\/wp\/v2\/pages\/62","targetHints":{"allow":["GET"]}}],"collection":[{"href":"https:\/\/blog.metu.edu.tr\/zculfaz\/wp-json\/wp\/v2\/pages"}],"about":[{"href":"https:\/\/blog.metu.edu.tr\/zculfaz\/wp-json\/wp\/v2\/types\/page"}],"author":[{"embeddable":true,"href":"https:\/\/blog.metu.edu.tr\/zculfaz\/wp-json\/wp\/v2\/users\/3924"}],"replies":[{"embeddable":true,"href":"https:\/\/blog.metu.edu.tr\/zculfaz\/wp-json\/wp\/v2\/comments?post=62"}],"version-history":[{"count":0,"href":"https:\/\/blog.metu.edu.tr\/zculfaz\/wp-json\/wp\/v2\/pages\/62\/revisions"}],"wp:attachment":[{"href":"https:\/\/blog.metu.edu.tr\/zculfaz\/wp-json\/wp\/v2\/media?parent=62"}],"curies":[{"name":"wp","href":"https:\/\/api.w.org\/{rel}","templated":true}]}}