{"id":27,"date":"2016-08-18T12:18:26","date_gmt":"2016-08-18T09:18:26","guid":{"rendered":"http:\/\/blog.metu.edu.tr\/zculfaz\/?page_id=27"},"modified":"2026-03-08T23:36:32","modified_gmt":"2026-03-08T20:36:32","slug":"vacancies","status":"publish","type":"page","link":"https:\/\/blog.metu.edu.tr\/zculfaz\/vacancies\/","title":{"rendered":"VACANCIES"},"content":{"rendered":"<p>We are looking for talented, hard-working, enthusiastic researchers and students to join our research group.<\/p>\n<p><strong>Available MSc\/PhD vacancies:<\/strong><\/p>\n<p>1) Physics Informed Machine Learning for predicting the structure of membranes formed by Nonsolvent-Induced Phase Separation (NIPS)<\/p>\n<p>2) Recycling of mixed textiles enabled by Organic Solvent Ultrafiltration\/Nanofiltration with cellulose membranes\u00a0<\/p>\n<p>3) Cellulose membrane fabrication from new cellulose precursors: Analysis of the phase inversion process and membrane performance<\/p>\n<p>4) Observation and modelling of membrane formation in microfluidic channels<\/p>\n<p>5) Membrane-based concentration of micropollutants for sensor applications<\/p>\n<p><em>For applying and more information on content and scholarship opportunities, contact zculfaz@metu.edu.tr.<\/em><\/p>\n<p><strong>BSc vacancies:<\/strong><\/p>\n<p><em>Please contact Dr. \u00c7ulfaz-Emecen via zculfaz@metu.edu.tr for more details on T\u00dcB\u0130TAK-STAR Scholarships and vacancies within Topics in Chemical Engineering courses.<\/em><\/p>\n<p><strong>Post-doctoral vacancy:<\/strong><\/p>\n<p>Development and application of cellulose-based organic solvent nanofiltration membranes in solvent recovery: We are looking for a postdoctoral scholar within the scope of <a href=\"https:\/\/tubitak.gov.tr\/en\/scholarships\/doktora-sonrasi\/arastirma-burs-programlari\/2236a-co-funded-brain-circulation-scheme3-cocirculation3\" target=\"_blank\" rel=\"noopener\">T\u00dcB\u0130TAK 2236<\/a> Co-Funded Brain Circulation Scheme or the <a href=\"https:\/\/enrichtogether.metu.edu.tr\/\" target=\"_blank\" rel=\"noopener\">ENRICH-TOGETHER<\/a> project. Please contact zculfaz@metu.edu.tr as soon as possible if you are interested.<\/p>\n\n\n<p><\/p>\n\n\n\n<p><\/p>\n","protected":false},"excerpt":{"rendered":"<p>We are looking for talented, hard-working, enthusiastic researchers and students to join our research group. Available MSc\/PhD vacancies: 1) Physics Informed Machine Learning for predicting the structure of membranes formed by Nonsolvent-Induced Phase Separation (NIPS) 2) Recycling of mixed textiles &hellip; <a href=\"https:\/\/blog.metu.edu.tr\/zculfaz\/vacancies\/\">Continue reading <span class=\"meta-nav\">&rarr;<\/span><\/a><\/p>\n","protected":false},"author":3924,"featured_media":0,"parent":0,"menu_order":0,"comment_status":"closed","ping_status":"closed","template":"","meta":{"footnotes":"","_links_to":"","_links_to_target":""},"class_list":["post-27","page","type-page","status-publish","hentry"],"_links":{"self":[{"href":"https:\/\/blog.metu.edu.tr\/zculfaz\/wp-json\/wp\/v2\/pages\/27","targetHints":{"allow":["GET"]}}],"collection":[{"href":"https:\/\/blog.metu.edu.tr\/zculfaz\/wp-json\/wp\/v2\/pages"}],"about":[{"href":"https:\/\/blog.metu.edu.tr\/zculfaz\/wp-json\/wp\/v2\/types\/page"}],"author":[{"embeddable":true,"href":"https:\/\/blog.metu.edu.tr\/zculfaz\/wp-json\/wp\/v2\/users\/3924"}],"replies":[{"embeddable":true,"href":"https:\/\/blog.metu.edu.tr\/zculfaz\/wp-json\/wp\/v2\/comments?post=27"}],"version-history":[{"count":0,"href":"https:\/\/blog.metu.edu.tr\/zculfaz\/wp-json\/wp\/v2\/pages\/27\/revisions"}],"wp:attachment":[{"href":"https:\/\/blog.metu.edu.tr\/zculfaz\/wp-json\/wp\/v2\/media?parent=27"}],"curies":[{"name":"wp","href":"https:\/\/api.w.org\/{rel}","templated":true}]}}