{"id":3,"date":"2010-01-21T14:24:54","date_gmt":"2010-01-21T12:24:54","guid":{"rendered":"http:\/\/blog.metu.edu.tr\/zartvin\/hakkinda\/"},"modified":"2010-01-21T14:24:54","modified_gmt":"2010-01-21T12:24:54","slug":"hakkinda","status":"publish","type":"page","link":"https:\/\/blog.metu.edu.tr\/zartvin\/hakkinda\/","title":{"rendered":"Hakk\u0131nda"},"content":{"rendered":"<p>Odt\u00fc Merkezi Laboratuvarda \u00e7al\u0131\u015f\u0131yor.<\/p>\n<p>1999 Marmara Fizik e\u011ft. mezunu<\/p>\n<p>2011 Odt\u00fc-Micro ve Nanotechnology Master \u00d6\u011frencisi<br \/>\n<img loading=\"lazy\" decoding=\"async\" class=\"alignright size-thumbnail wp-image-7\" src=\"http:\/\/blog.metu.edu.tr\/zartvin\/files\/2010\/01\/tokat-150x150.jpg\" alt=\"zafer\" width=\"150\" height=\"150\" \/><\/p>\n","protected":false},"excerpt":{"rendered":"<p>Odt\u00fc Merkezi Laboratuvarda \u00e7al\u0131\u015f\u0131yor. 1999 Marmara Fizik e\u011ft. mezunu 2011 Odt\u00fc-Micro ve Nanotechnology Master \u00d6\u011frencisi<\/p>\n","protected":false},"author":645,"featured_media":0,"parent":0,"menu_order":0,"comment_status":"open","ping_status":"open","template":"","meta":{"footnotes":"","_links_to":"","_links_to_target":""},"class_list":["post-3","page","type-page","status-publish","hentry"],"_links":{"self":[{"href":"https:\/\/blog.metu.edu.tr\/zartvin\/wp-json\/wp\/v2\/pages\/3","targetHints":{"allow":["GET"]}}],"collection":[{"href":"https:\/\/blog.metu.edu.tr\/zartvin\/wp-json\/wp\/v2\/pages"}],"about":[{"href":"https:\/\/blog.metu.edu.tr\/zartvin\/wp-json\/wp\/v2\/types\/page"}],"author":[{"embeddable":true,"href":"https:\/\/blog.metu.edu.tr\/zartvin\/wp-json\/wp\/v2\/users\/645"}],"replies":[{"embeddable":true,"href":"https:\/\/blog.metu.edu.tr\/zartvin\/wp-json\/wp\/v2\/comments?post=3"}],"version-history":[{"count":0,"href":"https:\/\/blog.metu.edu.tr\/zartvin\/wp-json\/wp\/v2\/pages\/3\/revisions"}],"wp:attachment":[{"href":"https:\/\/blog.metu.edu.tr\/zartvin\/wp-json\/wp\/v2\/media?parent=3"}],"curies":[{"name":"wp","href":"https:\/\/api.w.org\/{rel}","templated":true}]}}