{"id":7,"date":"2020-10-07T07:33:30","date_gmt":"2020-10-07T07:33:30","guid":{"rendered":"http:\/\/blog.metu.edu.tr\/zakyurek\/?page_id=7"},"modified":"2021-08-12T07:39:59","modified_gmt":"2021-08-12T07:39:59","slug":"publications","status":"publish","type":"page","link":"https:\/\/blog.metu.edu.tr\/zakyurek\/publications\/","title":{"rendered":"Publications"},"content":{"rendered":"\n<h2 class=\"wp-block-heading\">International Publications<\/h2>\n\n\n\n<h3 class=\"wp-block-heading\">Book Chapter<\/h3>\n\n\n\n<ol class=\"wp-block-list\"><li>Kuter, S.,&nbsp;<strong>Akyurek, Z.<\/strong>, Kuter, N. and Weber, G.-W., 2017. \u201cAn alternative method for snow cover mapping on satellite images by modern applied mathematics\u201d, in Modelling, Dynamics, Optimization and Bioeconomics II, Springer Proceedings in Mathematics &amp; Statistics, A.A. Pinto and D. Zilberman (Eds.). Springer International Publishing: Switzerland. Vol. 195, pp. 267-292.<\/li><\/ol>\n\n\n\n<p><\/p>\n\n\n\n<h3 class=\"wp-block-heading\">Journal Papers<\/h3>\n\n\n\n<ol class=\"wp-block-list\"><li>G\u00fcltekin Y\u0131lmaz, Mehmet Arda \u00c7olak, \u0130brahim Kaan \u00d6zgencil, Melisa Metin, Mustafa Korkmaz, Serhat Ertu\u011frul, Melisa Soyluer, Tuba Bucak, \u00dc. Nihan Tav\u015fano\u011flu, Korhan \u00d6zkan, <strong>Zuhal Akyurek<\/strong>, Meryem Beklio\u011flu, and Erik Jeppesen. 2021. Decadal changes in size, salinity and biota in lakes in the Konya Closed Basin, Turkey, subjected to increasing water abstraction for agriculture and climate change.Inland Waters, <a rel=\"noreferrer noopener\" href=\"10.1080\/20442041.2021.1924034\" target=\"_blank\">doi:10.1080\/20442041.2021.1924034 <\/a><\/li><li>Yildiz S., <strong>Akyurek Z., <\/strong>Binley. A.<strong>, \u201c<\/strong>Quantifying snow water equivalent using terrestrial ground penetrating radar and unmanned aerial vehicle photogrammetry\u201d. Hydrological Processes, 2021; <a rel=\"noreferrer noopener\" href=\"10.1002\/hyp.14190\" target=\"_blank\">doi: 10.1002\/hyp.14190<\/a><\/li><li>Jeppesen, E., Beklio\u011flu M., \u00d6zkan K., <strong>Akyurek, Z<\/strong>. \u201cSalinization increase due to climate change will have substantial negative effects on inland waters and freshwater resources: A call for multifaceted and multidisciplinary research at the local and global scale\u201d. The Innovation. 2020; <a href=\"http:\/\/doi.org\/10.1016\/j.xinn.2020.100030\" data-type=\"URL\" data-id=\"doi.org\/10.1016\/j.xinn.2020.100030\">doi.org\/10.1016\/j.xinn.2020.100030 <\/a><\/li><li>Koruk, K., Yilmaz K., <strong>Akyurek Z., <\/strong>Binley. A.<strong>, <\/strong>\u201cA multi-technique approach to determine temporal and spatial variability of groundwater-stream water exchange\u201d. Hydrological Processes, 2020; <a rel=\"noreferrer noopener\" href=\"10.1002\/hyp.13754\" target=\"_blank\"><\/a><a href=\"https:\/\/doi.org\/10.1002\/hyp.13754\">doi.org\/10.1002\/hyp.13754<\/a><\/li><li>Ozkaya, A. and\u00a0<strong>Akyurek, Z<\/strong>. \u201cEvaluating the use of bias-corrected radar rainfall data in three flood events in Samsun, Turkey\u201d. Natural Hazards, 2019;<a rel=\"noreferrer noopener\" href=\"https:\/\/doi.org\/10.1007\/s11069-019-03723-z\" target=\"_blank\">doi: 10.1007\/s11069-019-03723-z<\/a><\/li><li>Duygu, M. B. and\u00a0<strong>Akyurek, Z<\/strong>. \u201cUsing Cosmic-Ray Neutron Probes in Validating Satellite Soil Moisture Products and Land Surface Models\u201d. Water 11, 1362, 2019;<a rel=\"noreferrer noopener\" href=\"https:\/\/doi.org\/10.3390\/w11071362\" target=\"_blank\">doi:10.3390\/w11071362<\/a><\/li><li>Piazzi, G., Tanis, C.M., Kuter, S., Simsek, B., Puca, S., Toniazzo, A., Takala, M.,\u00a0<strong>Akyurek, Z<\/strong>., Gabellani, S., Arslan, A.N. \u201cCross-Country Assessment of H-SAF Snow Products by Sentinel-2 Imagery Validated against In-Sit Observations and Webcam Photography\u201d. Geosciences. 9, 129, 2019;<a rel=\"noreferrer noopener\" href=\"https:\/\/doi.org\/10.3390\/geosciences9030129\" target=\"_blank\">doi:10.3390\/geosciences9030129<\/a><\/li><li>Kuter, S.,\u00a0<strong>Akyurek, Z<\/strong>. and Weber, G.-W. \u201cRetrieval of fractional snow-covered area from MODIS data by multivariate adaptive regression splines\u201d. Remote Sensing of Env. 205, 236-252, 2018<\/li><li>Gulbeyaz O., Bond-Lamberty, B.,\u00a0<strong>Akyurek Z<\/strong>., West, T. \u201cA new approach to evaluate the MODIS annual NPP product (MOD17A3) using forest field data from Turkey\u201d. International Journal of Remote Sensing. 39, 8, 2560-2578, 2018;<a rel=\"noreferrer noopener\" href=\"https:\/\/doi.org\/10.1080\/01431161.2018.1430913\" target=\"_blank\">doi:10.1080\/01431161.2018.1430913<\/a><\/li><li>Kuter, S., Weber, G.-W. and\u00a0<strong>Akyurek, Z<\/strong>. \u201cA progressive approach for processing satellite data by operational research\u201d. Operational Research, 2, pp. 371-393, 2017;<a rel=\"noreferrer noopener\" href=\"https:\/\/doi.org\/10.1007\/s12351-016-0229-x\" target=\"_blank\">doi:10.1007\/s12351-016-0229-x<\/a><\/li><li>Kuter, S.,\u00a0<strong>Akyurek, Z<\/strong>. and Weber, G. W. \u201cEstimation of Subpixel Snow-Covered Area by Nonparametric Regression Splines\u201d. The International Archives of the Photogrammetry, Remote Sensing and Spatial Information Sciences, XLII-2\/W1, pp. 31-36. 2016;<a rel=\"noreferrer noopener\" href=\"https:\/\/doi.org\/10.5194\/isprs-archives-XLII-2-W1-31-2016\" target=\"_blank\">doi:10.5194\/isprs-archives-XLII-2-W1-31-2016<\/a><\/li><li>Fatih Kara, I. Yucel and\u00a0<strong>Akyurek, Z.<\/strong>, \u201cClimate change impacts on extreme precipitation of water supply area in Istanbul: Use of ensemble climate modelling and geo-statistical downscaling\u201d, Hydrological Science Journal, 2016, 61,2481-2495;<a rel=\"noreferrer noopener\" href=\"https:\/\/doi.org\/10.1080\/02626667.2015.1133911\" target=\"_blank\">doi:10.1080\/02626667.2015.1133911<\/a><\/li><li><strong>Akyurek Z.,<\/strong>\u00a0Bozo\u011flu, S. S\u00fcrer and H. Mumcu, \u201cUpstream structural management measures for an urban area flooding in Turkey\u201d, Proc. IAHS, 370,45-50,2015;<a rel=\"noreferrer noopener\" href=\"https:\/\/doi.org\/10.5194\/piahs-370-45-2015\" target=\"_blank\">doi:10.5194\/piahs-370-45-2015<\/a><\/li><li>Tufan E.,\u00a0<strong>Akyurek, Z.<\/strong>, and H. Oguztuzun, \u201cDynamic and context-based GIS interoperability to support infrastructure management in municipalities\u201d URISA Journal, 26,2, 33-50, 2015<\/li><li>Kuter, S., G.W. Weber,\u00a0<strong>Akyurek, Z.<\/strong>, and A. \u00d6zmen, \u201cInversion of top of atmospheric reflectance values by conic multivariate adaptive regression splines\u201d, Inverse Problems in Science and Engineering, 23,4,651-669, 2015;<a rel=\"noreferrer noopener\" href=\"https:\/\/doi.org\/10.1080\/17415977.2014.933828\" target=\"_blank\">doi:10.1080\/17415977.2014.933828<\/a><\/li><li>S\u00fcrer, S., J. Parajka, and\u00a0<strong>Akyurek, Z.<\/strong>, \u201cValidation of the operational MSG-SEVIRI snow cover product over Austria\u201d, Hydrol. Earth Syst. Sci. 18, 763-774, 2014<\/li><li>S\u00fcrer, S., J. Parajka, and\u00a0<strong>Akyurek, Z.<\/strong>, \u201cValidation of the operational MSG-SEVIRI snow cover product over Austria\u201d, Hydrol. Earth Syst. Sci. Discuss., 10, 1-33, 2013;<a rel=\"noreferrer noopener\" href=\"https:\/\/doi.org\/10.5194\/hessd-10-1-2013\" target=\"_blank\">doi:10.5194\/hessd-10-1-2013<\/a><\/li><li>Ok Ozdarici A.,\u00a0<strong>Akyurek, Z.<\/strong>, \u201cA segment-based approach to classify agricultural lands by using multi-temporal optical and microwave data\u201d, International Journal of Remote Sensing, 33, (22),7184-7204,2012;<a rel=\"noreferrer noopener\" href=\"https:\/\/doi.org\/10.1080\/01431161.2012.700423\" target=\"_blank\">doi:10.1080\/01431161.2012.700423<\/a><\/li><li>Aslantas P.B, G. Heuvelink,\u00a0<strong>Akyurek, Z.<\/strong>, \u201cComparison of Regression and Kriging Techniques for Mapping the Average Annual Precipitation of Turkey\u201d, International Journal of Applied Earth Observation and Geoinformation, 19,115-126, 2012<\/li><li>S\u00fcrer S., and\u00a0<strong>Akyurek, Z.<\/strong>, \u201cEvaluating the utility of the EUMETSAT HSAF snow recognition product over mountainous areas of eastern Turkey\u201d, Hydrological Science Journal, 57 (8), 1-11, 2012,<a rel=\"noreferrer noopener\" href=\"https:\/\/doi.org\/10.1080\/02626667.2012.729132\" target=\"_blank\">doi:10.1080\/02626667.2012.729132<\/a><\/li><li>Ok Ozdarici A.,\u00a0<strong>Akyurek, Z.<\/strong>, \u201cEvaluation of Image Fusion Methods on Agricultural Lands\u201d, Journal of Earth Science and Engineering, 1, 107-113, 2011<\/li><li><strong>Akyurek, Z.<\/strong>, S. S\u00fcrer, O. Be\u015fer, \u201cInvestigation of the snow-cover dynamics in the Upper Euphrates Basin of Turkey using remotely sensed snow-cover products and hydrometeorological data\u201d, Hydrological Processes, 25(23), 3637-3648, 2011;<a rel=\"noreferrer noopener\" href=\"https:\/\/doi.org\/10.1002\/hyp.8090\" target=\"_blank\">doi:10.1002\/hyp.8090<\/a><\/li><li>Yanar T.A.,\u00a0<strong>Akyurek, Z.<\/strong>, \u201cFuzzy Model Tuning Using Simulated Annealing\u201d, Expert Systems with Applications, 38(7),8159-8169, 2011<\/li><li><strong>Akyurek, Z.<\/strong>, D.K. Hall, G. A. Riggs, A. \u015eensoy, \u201cEvaluating the utility of the ANSA Blended Snow Cover Product in the Mountains of Eastern Turkey\u201d, International Journal of Remote Sensing, 31(14),3727-3744, 2010<\/li><li>Karabulut Do\u011fan \u00d6.,\u00a0<strong>Akyurek, Z.<\/strong>, M. Beklio\u011flu, \u201cIdentification and mapping of submerged plants in a shallow lake using Quickbird satellite data\u201d. Journal of Environmental Management, 90, 2138-2143, 2009<\/li><li>Sorman A.A., A. \u015eensoy, A.E. Tekeli, A.\u00dc. \u015eorman,\u00a0<strong>Akyurek, Z.<\/strong>, \u201cModelling and forecasting snowmelt runoff process using the HBV model in the eastern part of Turkey\u201d, Hydrological Processes, 23, 1031-1040, 2009<\/li><li>Sorman A.U.,\u00a0<strong>Akyurek, Z.<\/strong>, A. \u015eensoy, A.A. \u015eorman, E. Tekeli, \u201cCommentary on comparison of MODIS snow cover and albedo products with ground observations over the mountainous terrain of Turkey\u201d, Hydrol. Earth Syst. Sci., 11, 1353-1360, 2007<\/li><li>Tekeli E., A. \u015eensoy, A.A. \u015eorman,\u00a0<strong>Akyurek, Z.<\/strong>, A.\u00dc. \u015eorman, \u201cAccuracy assessment of MODIS daily snow albedo retrievals within situ measurements in Karasu basin, Turkey\u201d Hydrological Processes, 20(4), 705-721, 2006<\/li><li>Yanar T.A.,\u00a0<strong>Akyurek, Z.<\/strong>, \u201cThe enhancement of the cell-based GIS analyses with fuzzy processing capabilities\u201d, Information Sciences, 176, 1067-1085, 2006<\/li><li>Tekeli E.,\u00a0<strong>Akyurek, Z.<\/strong>, A. \u015eensoy, A.A. \u015eorman, A.\u00dc;. \u015eorman, \u201cModelling the temporal variation in snow cover area on sub-basin scale for simulating\/forecasting of snowmelt runoff in Turkey\u201d, Hydrological Sciences Journal, Volume 50(4), 669-682, 2005<\/li><li>Tekeli E.,\u00a0<strong>Akyurek, Z.<\/strong>, A.A. \u015eorman, A. \u015eensoy, A.\u00dc. \u015eorman, \u201cUsing MODIS Snow Cover Maps in Modelling Snowmelt Runoff Process in the<br>Eastern Part of Turkey\u201d, Remote Sensing of Environment, 97, 216-230, 2005<\/li><li>Tombul M.,\u00a0<strong>Akyurek, Z.<\/strong>, A.\u00dc. \u015eorman, \u201cDetermination of Soil Hydraulic Properties Using Pedotransfer Functions in a Semi-arid Basin, Turkey\u201d, Hydrology and Earth System Sciences Journal, Volume 8(6), 1200-1209, December 2004<\/li><li><strong>Akyurek, Z.<\/strong>., \u00dc. \u015eorman, \u201cMonitoring the Snow-covered Areas from NOAA-AVHRR images in the Eastern Part of Turkey\u201d, Hydrological Sciences Journal, 47(2), 243-252, April 2002<\/li><\/ol>\n\n\n\n<p><\/p>\n\n\n\n<h3 class=\"wp-block-heading\">Proceedings Papers:<\/h3>\n\n\n\n<p>(in Last Five Years)<\/p>\n\n\n\n<ol class=\"wp-block-list\"><li>Onder G.,&nbsp;<strong>Akyurek Z.,<\/strong>&nbsp;\u201cCoupled 1-D Hydrodynamics and Sediment Transport Modelling in Flood Analysis: Samsun-Terme River Application\u201d, ACE 2018, 12-14 September 2018, \u0130zmir-Turkey<\/li><li>Baig F.,&nbsp;<strong>Akyurek, Z.,<\/strong>&nbsp;\u201cUncertainty analysis of a snowmelt runoff model using Markov Chain Monte Carlo (MCMC) approach\u201d. EGU, 8-13 April 2018, Vienna-Austria<\/li><li><strong>Akyurek Z.,<\/strong>&nbsp;Duygu M.B., \u201cPotential use of Cosmic Ray Neutron Sensor in estimating state variables in hydrological models\u201d. EGU, 8-13 April 2018, Vienna-Austria<\/li><li>Demir G., Bizhan Abgarmi,&nbsp;<strong>Akyurek, Z.,<\/strong>&nbsp;Binley, A., \u201cWater content estimated from point scale to plot scale\u201d. AGU, 11-15 December 2017, New Orleans-USA<\/li><li><strong>Akyurek Z.,<\/strong>&nbsp;Aslanta\u015f, P., Ozkaya, A., \u201cRadar bias correction using Kalman filtering approach and spatio temporal kriging with external drift\u201d. Spatial Statistics-One World: One Health, 4-7 July.2017, Lancaster-UK<\/li><li>\u00c7if\u00e7i, B.B., Kuter, S.,&nbsp;<strong>Akyurek, Z.<\/strong>&nbsp;and Weber, G.-W., 2017. \u201cFractional Snow Cover Mapping by Artificial Neural Networks and Support Vector Machines\u201d. ISPRS Annals of the Photogrammetry, Remote Sensing and Spatial Information Sciences, IV-4\/W4, pp. 179-187;<a rel=\"noreferrer noopener\" href=\"https:\/\/doi.org\/10.5194\/isprs-annals-IV-4-W4-179-2017\" target=\"_blank\">doi:10.5194\/isprs-annals-IV-4-W4-179-2017<\/a><\/li><li><strong>Akyurek, Z.<\/strong>&nbsp;Demir, G., Duygu, M.B. How well COSMIC ray Probes measure the wide area snow water equivalent? Snow: An Ecological Phenomena. 19 -21 September 2017, Smolenice, Slovakia<\/li><li>Demir G.,&nbsp;<strong>Akyurek, Z.,<\/strong>&nbsp;Binley, A., Yucel, \u0130., Kentel, E., Merzi, N., Yanmaz, M. Establishing a Critical Zone Observatory site in Turkey. EGU, 23-28 April 2017, Vienna-Austria<\/li><li>Kuter, S.,&nbsp;<strong>Akyurek, Z<\/strong>. and Weber, G.-W. Fractional Snow Cover Mapping from MODIS data over European Alps by Multivariate Adaptive Regression Splines. 8<sup>th<\/sup>&nbsp;EARSel Workshop on Land Ice and Snow, Feb 7-9, 2017, Bern-Switzerland<\/li><li>Kuter, S.,&nbsp;<strong>Akyurek, Z<\/strong>. and Weber, G.-W. Soft Classification of Satellite Data for Snow Mapping by using Multivariate Adaptive Regression Splines. Paper presented at the 28th European Conference on Operational Research (EURO XXVIII 2016), July 3-6, 2016, Poznan, Poland (\u00d6zet Bildiri)<\/li><li>Kuter, S.,&nbsp;<strong>Akyurek, Z<\/strong>. and Weber, G. W. Subpixel Snow Cover Mapping from MODIS Data by Nonparametric Regression Splines (Poster Presentation). Paper presented at the 49th Fall Meeting of American Geophysical Union, 12-16 December 2016, San Francisco, USA<\/li><li>Ozkaya A.,&nbsp;<strong>Akyurek<\/strong>. \u201cEvaluating the use of different precipitation datasets in simulating a flood event\u201d. Paper presented at the 49th Fall Meeting of American Geophysical Union, 12-16 December 2016, San Francisco, USA<\/li><li>Ozkaya A.,&nbsp;<strong>Akyurek, Z.<\/strong>. \u201cEvaluating the use of radar precipitation data in simulating a flood event in Terme, Samsun-Turkey\u201d. ERAD -9th European Conference on Radar in Meteorology, 10-14. October.2016, Antalya-Turkey<\/li><li>Demir G.,&nbsp;<strong>Akyurek, Z.<\/strong>&nbsp;\u201cThe importance of precise DEMs in modelling flood\u201d. EGU 2016, April 17-22, Austria.<\/li><li>Ozkaya A.,&nbsp;<strong>Akyurek, Z.<\/strong>. \u201cEvaluating the use of different precipitation datasets in flood modelling\u201d. EGU 2016, April 17-22, Austria<\/li><li><strong>Akyurek, Z.<\/strong>&nbsp;Bozo\u011flu, T. Girayhan and H. Mumcu. \u201cUpstream Structural Management Measures for an Urban Area Flooding in Turkey and their Consequences on Flood Risk Management\u201d. AGU 2015, December 14-18, USA<\/li><li>Surer S., Parajka J.,&nbsp;<strong>Akyurek, Z.<\/strong>&nbsp;\u201cSensitivity Analysis of a Conceptual HBV Rainfall-Runoff Model using EUMETSAT snow covered area product\u201d. AGU 2014, December 15-19, USA<\/li><li>Kuter, S.,&nbsp;<strong>Akyurek, Z.<\/strong>&nbsp;and Weber, G.-W., &#8220;Multi-Spectral Image Classification by Nonparametric Regression Splines&#8221;, in International Conference on Recent Advances in Pure and Applied Mathematics (ICRAPAM 2014), 6-9 November 2014, Antalya, Turkey<\/li><li><strong>Akyurek, Z.<\/strong>., \u201cThe use of H-SAF snow products on mountainous areas\u201d, H-SAF and HEPEX workshops on coupled hydrology 3-7 November 2014, Reading-UK<\/li><li>Surer S., Parajka J.,&nbsp;<strong>Akyurek, Z.<\/strong>&nbsp;\u201cAssimilation of EUMETSAT snow covered area data into conceptual hydrologic model\u201d. EARSel, 7th EARSeL workshop on Land Ice and Snow, February 2014, Switzerland<\/li><\/ol>\n\n\n\n<p><\/p>\n\n\n\n<h2 class=\"wp-block-heading\">National Publications<\/h2>\n\n\n\n<h3 class=\"wp-block-heading\">Journal Papers<\/h3>\n\n\n\n<ol class=\"wp-block-list\"><li>Ok Ozdarici A.,&nbsp;<strong>Akyurek, Z.<\/strong>, \u201c\u00c7ok Tarihli Optik ve Mikrodalga G\u00f6r\u00fcnt\u00fcleri Kullan\u0131larak Tar\u0131m Alanlar\u0131nda Yeti\u015ftirilen \u00dcr\u00fcnlerin B\u00f6l\u00fct Tabanl\u0131 S\u0131n\u0131fland\u0131r\u0131lmas\u0131 \u00dczerine Bir Yakla\u015f\u0131m\u201d, Havac\u0131l\u0131k ve Uzay Teknolojileri Dergisi, Cilt 6, Say\u0131 1, Ocak 2013, 31-43.<\/li><li><strong>Akyurek, Z.<\/strong>, \u201cT\u00fcrkiye\u2019de Kar \u00d6rt\u00fcl\u00fc Alanlar\u0131n Pasif Mikrodalga Uydu Verileriyle \u0130zlenmesi\u201d, TMMOB \u0130n\u015faat M\u00fchendisleri Odas\u0131 Teknik Dergi, Cilt 13, Say\u0131 4, Ekim 2002, 2761-2770.<\/li><\/ol>\n\n\n\n<h3 class=\"wp-block-heading\">Proceedings Papers<\/h3>\n\n\n\n<p>(in Last Five Years)<\/p>\n\n\n\n<ol class=\"wp-block-list\"><li>Kuter S.,&nbsp;<strong>Akyurek, Z.<\/strong>\u201cSentinel-2A \u00c7ok Spektrali G\u00f6r\u00fcnt\u00fclerden \u0130kili Kar \u00d6rt\u00fcs\u00fc; Haritalamas\u0131 \u0130\u00e7in \u0130l Do\u011frulama Sonu\u00e7lar\u0131\u201d, UZAL CBS, 18-21.Eyl\u00fcl.2018, Eski\u015fehir-T\u00fcrkiye<\/li><li>Y\u0131ld\u0131z S.,&nbsp;<strong>Akyurek, Z.<\/strong>, A. Ayd\u0131n, \u201c1\/25000 \u00d6l\u00e7ekli Standart Topografik Haritalardan Elde Edilen Say\u0131sal Y\u00fckseklik Modellerinin Do\u011fruluk Analizi\u201d, UZAL CBS, 18-21.Eyl\u00fcl.2018, Eski\u015fehir-T\u00fcrkiye<\/li><li>Yanmaz D.D.,&nbsp;<strong>Akyurek, Z.<\/strong>, \u0130. Y\u00fccel, \u201cHavza \u00d6l\u00e7e\u011finde Temsil Edici Alansal Ortalama Buharla\u015fma-Terleme Miktar\u0131n\u0131n Landsat G\u00f6r\u00fcnt\u00fclerinden Elde Edilmesi\u201d, UZAL CBS, 18-21.Eyl\u00fcl.2018, Eski\u015fehir-T\u00fcrkiye<\/li><li>Demir G., Z.&nbsp;<strong>Akyurek, Z.<\/strong>. \u201cTa\u015fk\u0131n Modellemelerinde Say\u0131sal Y\u00fckseklik Modellerinin (SYM) Hassasiyetinin \u00d6nemi\u201d, 4. Ulusal Ta\u015fk\u0131n Sempozyumu, 23-25.Kas\u0131m.2016, Rize-T\u00fcrkiye<\/li><li>Ozkaya A., K. Bolat, G. Demir,&nbsp;<strong>Akyurek, Z.<\/strong>\u201cMeteoroloji Radara Ya\u011f\u0131\u015f Verisinin Hidrolojik Modellemede Kullan\u0131m\u0131 A\u00e7\u0131s\u0131ndan De\u011ferlendirilmesi\u201d, UZALMET, 3-5.Kas\u0131m.2015, Antalya-T\u00fcrkiye<\/li><li><strong>Akyurek, Z.<\/strong>&nbsp;Bolat. \u201cEUMETSAT-HSAF Uydu Tabanl\u0131 Ger\u00e7ek Zamanl\u0131 Kar \u00dcr\u00fcnlerinin De\u011ferlendirilmesi ve Kar Kapl\u0131 Alan \u00dcr\u00fcn\u00fcn\u00fcn T\u00fc;m MSG Disk Alan\u0131 \u0130\u00e7in Elde Edilmesi\u201d UZALMET, 3-5.Kas\u0131m.2015, Antalya-T\u00fcrkiye<\/li><li>S\u00fcrer S., K. Y\u0131lmaz,&nbsp;<strong>Akyurek, Z.<\/strong>\u00c7oklu Metrik \u00c7er\u00e7eve ile HBV Modelinin Kalibrasyonu\u201d VIII. Ulusal Hidroloji Kongresi, 8-10.Ekim.2015, Urfa, T\u00fcrkiye<\/li><li>Aslanta\u015f P\u0131nar,&nbsp;<strong>Akyurek, Z.<\/strong>\u201cYa\u011f\u0131\u015f\u0131n Zaman ve Mekan Da\u011f\u0131l\u0131m\u0131n\u0131n Elde edilmesi\u201d VIII. Ulusal Hidroloji Kongresi, 8-10.Ekim.2015, Urfa, T\u00fcrkiye<\/li><\/ol>\n","protected":false},"excerpt":{"rendered":"<p>International Publications Book Chapter Kuter, S.,&nbsp;Akyurek, Z., Kuter, N. and Weber, G.-W., 2017. \u201cAn alternative method for snow cover mapping on satellite images by modern applied mathematics\u201d, in Modelling, Dynamics, Optimization and Bioeconomics II, Springer Proceedings in Mathematics &amp; Statistics, A.A. Pinto and D. Zilberman (Eds.). Springer International Publishing: Switzerland. Vol. 195, pp. 267-292. Journal [&hellip;]<\/p>\n","protected":false},"author":7148,"featured_media":0,"parent":0,"menu_order":0,"comment_status":"closed","ping_status":"closed","template":"","meta":{"footnotes":"","_links_to":"","_links_to_target":""},"class_list":["post-7","page","type-page","status-publish","hentry"],"_links":{"self":[{"href":"https:\/\/blog.metu.edu.tr\/zakyurek\/wp-json\/wp\/v2\/pages\/7","targetHints":{"allow":["GET"]}}],"collection":[{"href":"https:\/\/blog.metu.edu.tr\/zakyurek\/wp-json\/wp\/v2\/pages"}],"about":[{"href":"https:\/\/blog.metu.edu.tr\/zakyurek\/wp-json\/wp\/v2\/types\/page"}],"author":[{"embeddable":true,"href":"https:\/\/blog.metu.edu.tr\/zakyurek\/wp-json\/wp\/v2\/users\/7148"}],"replies":[{"embeddable":true,"href":"https:\/\/blog.metu.edu.tr\/zakyurek\/wp-json\/wp\/v2\/comments?post=7"}],"version-history":[{"count":0,"href":"https:\/\/blog.metu.edu.tr\/zakyurek\/wp-json\/wp\/v2\/pages\/7\/revisions"}],"wp:attachment":[{"href":"https:\/\/blog.metu.edu.tr\/zakyurek\/wp-json\/wp\/v2\/media?parent=7"}],"curies":[{"name":"wp","href":"https:\/\/api.w.org\/{rel}","templated":true}]}}