{"id":6,"date":"2020-10-07T09:13:28","date_gmt":"2020-10-07T09:13:28","guid":{"rendered":"http:\/\/blog.metu.edu.tr\/zakyurek\/?page_id=6"},"modified":"2020-10-07T09:13:28","modified_gmt":"2020-10-07T09:13:28","slug":"projects","status":"publish","type":"page","link":"https:\/\/blog.metu.edu.tr\/zakyurek\/projects\/","title":{"rendered":"Projects"},"content":{"rendered":"\n<h2 class=\"wp-block-heading\">EUMETSAT Projects<\/h2>\n\n\n\n<ul class=\"wp-block-list\"><li>EUMETSAT &#8211; Hydrological Satellite Application Facilities Project Continuous Development and Operation Phase 3<strong>(March 2017 &#8211; February 2022)<\/strong><\/li><li>EUMETSAT-Hydrological Satellite Application Facilities Project Continuous Development and Operation Phase 2<strong>(March 2012 &#8211; February 2017)<\/strong><\/li><li>EUMETSAT-Hydrological Satellite Application Facilities Project Continuous Development and Operation Phase 1<strong>(October 2010 &#8211; February 2012)<\/strong><\/li><li>EUMETSAT &#8211; Hydrological Satellite Application Facilities Project<strong>(September 2005-September 2010)<\/strong><\/li><\/ul>\n\n\n\n<p><\/p>\n\n\n\n<h2 class=\"wp-block-heading\">TUBITAK Projects<\/h2>\n\n\n\n<ul class=\"wp-block-list\"><li><a href=\"https:\/\/salinelakes.ims.metu.edu.tr\/\" target=\"_blank\" rel=\"noreferrer noopener\">Climate Change Effects on Trophic Structure and Dynamics in Saline and Brackish Water Based on a Space-For-Time Field Sampling, Controlled Mesocosm Experiments, Paleoecology, Remote Sensing and odelling (Clim-Saltlakes), TUBITAK 2232<\/a><strong>(2020 &#8211; 2023)<\/strong><\/li><li><a href=\"http:\/\/users.metu.edu.tr\/zakyurek\/doc\/TUBITAK%20115Y041.pdf\" target=\"_blank\" rel=\"noreferrer noopener\">Determination of Hydrological Cycle Parameters with a Conceptual Hydrological Model, TUBITAK 115Y041<\/a><a href=\"https:\/\/hidro-odtu.hidrosaf.com\/\" target=\"_blank\" rel=\"noreferrer noopener\">Hydrological Model of the Project: Hidro-ODTU<\/a><strong>(March 2016 &#8211; September 2019)<\/strong><\/li><li>Yukar\u0131 F\u0131rat Havzas\u0131nda Arazi \u00d6l\u00e7\u00fcmleri, Uydu Teknolojileri, Hava Tahmin Verileri Ve Hidrolojik Modeller Kullan\u0131larak Kar Potansiyelinin D\u00f6nemsel Ve Ak\u0131mlar\u0131n G\u00fcnl\u00fck Tahmini, TUBITAK 108Y161<strong>(November 2008 &#8211; January 2011)<\/strong><\/li><li>Hidrolojik Benzerlik Parametrelerinin Olu\u015fturulmas\u0131nda Kullan\u0131lmak \u00fczere Toprak Neminin ERS\/SAR-ASAR Uydu G\u00f6r\u00fcnt\u00fclerinden Elde Edilmesi, TUBITAK 104Y045<strong>(April 2004 \u2013 March 2006)<\/strong><\/li><li>S\u0131\u011f G\u00f6l Sulakalanlar\u0131n\u0131n Sui\u00e7i ve Su\u00fcst\u00fc Bitkilerinin Uzaktan Alg\u0131lama Y\u00f6ntemleri ile Belirlenmesi ve \u0130zlenmesi, TUBITAK 104Y371<strong>(July 2005 \u2013 January 2007)<\/strong><\/li><li>Estimating the Snow Water Potential of the Eastern Part of Turkey Using Remote Sensing Techniques (Do\u011fu Anadolu B\u00f6lgesi Kar Suyu Potansiyelinin Uydu Teknolojileri Kullan\u0131larak Saptanmas\u0131 Projesi), TUBITAK \u2013 B\u0130LTEN &#8211; ODT\u00dc, Ankara<strong>(July 1996)<\/strong><\/li><\/ul>\n\n\n\n<p><\/p>\n\n\n\n<h2 class=\"wp-block-heading\">BAP Projects<\/h2>\n\n\n\n<ul class=\"wp-block-list\"><li>\u201cBey\u015fehir G\u00f6l\u00fc i\u00e7in Su ve Besin B\u00fct\u00e7esinin \u00c7\u0131kart\u0131lmas\u0131, S\u00fcrd\u00fcr\u00fclebilir Geli\u015fiminin Sa\u011flanmas\u0131\u201d, BAP-08-11-DPT.2010K121500-2<strong>(August 2010 &#8211; December 2012)<\/strong><\/li><li>B\u00f6lgesel Debi &#8211; S\u00fcreklilik E\u011frilerinin Geli\u015ftirilmesi ve Ak\u0131m G\u00f6zlemi Olmayan Havzalarda G\u00fcvenirli\u011finin Belirlenmesi, BAP &#8211; 03-03-2009-05<strong>(March 2009 \u2013 February 2010)<\/strong><\/li><li>Farkl\u0131 Uzaktan Alg\u0131lama Sens\u00f6rlerinden Elde Edilen Yang\u0131n Riskine Y\u00f6nelik Vejetasyon Indislerinin Kalibrasyonu, BAP 2005-07-02-00-50<strong>(April 2005 &#8211; July 2006)<\/strong><\/li><li>S\u0131\u011f G\u00f6l Sulakalanlar\u0131n\u0131n Sui\u00e7i ve Su\u00fcst\u00fc Bitkilerinin Uzaktan Alg\u0131lama Y\u00f6ntemiyle Belirlenmesi ve \u0130zlenmesi, BAP 2005-07-02-04<strong>(April 2005 \u2013 March 2006)<\/strong><\/li><\/ul>\n\n\n\n<p><\/p>\n\n\n\n<h2 class=\"wp-block-heading\"><strong>AGUDOS Projects<\/strong><\/h2>\n\n\n\n<ul class=\"wp-block-list\"><li>\u00c7\u00f6pler Kompleks Madeni At\u0131k Depolama Tesisinin Olas\u0131 Kaza ve Afet Durumunda \u00c7\u00f6pler ve Sab\u0131rl\u0131 K\u00f6yleri Yerle\u015fkelerine Etkilerinin De\u011ferlendirilmesi, AGUDOS-2016-03-11-2-00-05<strong>(May 2016)<\/strong><\/li><li>Aslanc\u0131k Baraj\u0131 Su Tutulmas\u0131 ile Olu\u015facak Baraj G\u00f6l\u00fcn\u00fcn, Do\u011fankent \u0130l\u00e7esi ve \u0130l\u00e7enin Kenar\u0131ndan Ge\u00e7en Tirebolu-Do\u011fankent K\u00fcrt\u00fcn Yoluna Etkilerinin \u0130ncelenmesi, AGUDOS-2012\u201003\u201003\u20102\u201000\u201047<strong>(June 2012)<\/strong><\/li><li>Filyos \u00c7ay\u0131 \u00dczerinde \u0130n\u015fa Edilecek Su\u00e7at\u0131 Reg\u00fclat\u00f6r\u00fc Derivasyon Kanal\u0131 Projesinin \u0130ncelenmesi, AGUDOS-2012-03-03-2-00-29<strong>(May 2012)<\/strong><\/li><li>Preparation of Emergency Action Plans for Arkun, Do\u011fan\u00e7ay, Ku\u015fakl\u0131, Alpaslan Dams (Arkun, Do\u011fan\u00e7ay, Ku\u015fakl\u0131, Alpaslan Barajlar\u0131n\u0131n Fizibilite Raporlar\u0131n\u0131n De\u011ferlendirilmesi ve Acil Durum Eylem Planlar\u0131n\u0131n Haz\u0131rlanmas\u0131) ENERJISA-AGUDOS- 09-03-03-1-0007<strong>(December 2011 &#8211; February 2012)<\/strong><\/li><li>Preparation of Emergency Action Plans for Kandil, Sar\u0131g\u00fczel, Hac\u0131n\u0131no\u011flu, Menge, Kav\u015fakbendi and Kopru Dams (Kandil, Sar\u0131g\u00fczel, Hac\u0131n\u0131no\u011flu, Menge, Kav\u015fakbendi ve Kopru Barajlar\u0131n\u0131n Fizibilite Raporlar\u0131n\u0131n De\u011ferlendirilmesi Ve Acil Durum Eylem Planlar\u0131n\u0131n Haz\u0131rlanmas\u0131) ENERJISA-AGUDOS- 09-03-03-1-0007<strong>(April 2009 &#8211; February 2010)<\/strong><\/li><li>Flood Analysis Using the Integration of Hydraulic Modelling and GIS (Hidrolojik Model ve Co\u011frafi Bilgi Sistemleri (CBS) Entegrasyonu ile Ta\u015fk\u0131n Analizi Pilot Projesi), AGUDOS 00070220001, Devlet Su \u0130\u015fleri Genel M\u00fcd\u00fcrl\u00fc\u011f\u00fc, Ankara<\/li><\/ul>\n\n\n\n<p><\/p>\n\n\n\n<h2 class=\"wp-block-heading\">AFP Projects<\/h2>\n\n\n\n<ul class=\"wp-block-list\"><li>Spatial and Temporal Distributed Hydrological Modelling by Using GIS And RS Techniques and The Applications to The Upper Euphrates River Basin (Uzaktan Alg\u0131lama ve Co\u011frafi Bilgi Sistem Teknolojileri Kullan\u0131larak Yersel ve Zamansal Da\u011f\u0131l\u0131ml\u0131 Havza Hidrolojik Modellemesi ve Uygulamalar\u0131 &#8211; Yukar\u0131 F\u0131rat Havzas\u0131), AFP-03-03 DPT2001K120990, Ankara<\/li><li>Using GIS\/RS Techniques in the Environmental Assessment of a Dam Project. Case Study: \u00c7aml\u0131 Dam., AFP-2000-07-02-07, Ankara<\/li><li>Examining the Environmental and Social Impact on On-Farm and Village Development in \u015eanl\u0131urfa and Harran Plains Using GIS, AFP-2000-07-03-15, Ankara<\/li><li>Determining the Land Use of the Areas Under Birecik Dam\u2019s Reservoir from Landsat Images. AFP-2000-08-00-01, Ankara<\/li><\/ul>\n","protected":false},"excerpt":{"rendered":"<p>EUMETSAT Projects EUMETSAT &#8211; Hydrological Satellite Application Facilities Project Continuous Development and Operation Phase 3(March 2017 &#8211; February 2022) EUMETSAT-Hydrological Satellite Application Facilities Project Continuous Development and Operation Phase 2(March 2012 &#8211; February 2017) EUMETSAT-Hydrological Satellite Application Facilities Project Continuous Development and Operation Phase 1(October 2010 &#8211; February 2012) EUMETSAT &#8211; Hydrological Satellite Application Facilities [&hellip;]<\/p>\n","protected":false},"author":7148,"featured_media":0,"parent":0,"menu_order":0,"comment_status":"closed","ping_status":"closed","template":"","meta":{"footnotes":"","_links_to":"","_links_to_target":""},"class_list":["post-6","page","type-page","status-publish","hentry"],"_links":{"self":[{"href":"https:\/\/blog.metu.edu.tr\/zakyurek\/wp-json\/wp\/v2\/pages\/6","targetHints":{"allow":["GET"]}}],"collection":[{"href":"https:\/\/blog.metu.edu.tr\/zakyurek\/wp-json\/wp\/v2\/pages"}],"about":[{"href":"https:\/\/blog.metu.edu.tr\/zakyurek\/wp-json\/wp\/v2\/types\/page"}],"author":[{"embeddable":true,"href":"https:\/\/blog.metu.edu.tr\/zakyurek\/wp-json\/wp\/v2\/users\/7148"}],"replies":[{"embeddable":true,"href":"https:\/\/blog.metu.edu.tr\/zakyurek\/wp-json\/wp\/v2\/comments?post=6"}],"version-history":[{"count":0,"href":"https:\/\/blog.metu.edu.tr\/zakyurek\/wp-json\/wp\/v2\/pages\/6\/revisions"}],"wp:attachment":[{"href":"https:\/\/blog.metu.edu.tr\/zakyurek\/wp-json\/wp\/v2\/media?parent=6"}],"curies":[{"name":"wp","href":"https:\/\/api.w.org\/{rel}","templated":true}]}}