{"id":53,"date":"2020-10-07T09:25:50","date_gmt":"2020-10-07T09:25:50","guid":{"rendered":"http:\/\/blog.metu.edu.tr\/zakyurek\/?page_id=53"},"modified":"2020-10-07T09:25:50","modified_gmt":"2020-10-07T09:25:50","slug":"activities","status":"publish","type":"page","link":"https:\/\/blog.metu.edu.tr\/zakyurek\/activities\/","title":{"rendered":"Activities"},"content":{"rendered":"<h2>Consultancy<\/h2>\n<ul class=\"ac-list\">\n<li class=\"ac-data\">TUBITAK MAM, Ak\u0131m Tahmin ve Havza Optimizasyon Modeli (ATHOM) Projesi, Haziran-Kas\u0131m 2017.<\/li>\n<li class=\"ac-data\">Ya\u015fl\u0131o\u011flu \u0130n\u015f. Tic. Ltd., Akar\u00e7ay, B\u00fcy\u00fck Menderes, Bat\u0131 Akdeniz ve Burdur Havzalar\u0131 Ta\u015fk\u0131n Modellemesi, Ocak 2017-Mart 2019.<\/li>\n<li class=\"ac-data\">Erges M\u00fch. M\u00fc\u015f. Ltd., \u00d6ks\u00fct Madencilik Sahas\u0131nda Pik Debilerin Tayini.<\/li>\n<li class=\"ac-data\">Akarsu M\u00fch. Ltd., Samsun-Havza, Terme ve 19 May\u0131s \u0130l\u00e7e Merkezlerindeki Derelerin Ta\u015fk\u0131n Tehlike Alanlar\u0131n\u0131n Belirlenmesi M\u00fchendislik Hizmetleri, 2012-Kas\u0131m 2016.<\/li>\n<li class=\"ac-data\">Beray M\u00fch. Ltd. \u015et., Maksimum Su G\u00fcc\u00fc Hidrolojik Tahmin ve Enerji Optimizasyonu, Aral\u0131k 2012.<\/li>\n<li class=\"ac-data\">Geopylon A\u015f. Ltd., Developing Fractional Snow Cover Area Algorithm (Etkili Kar Kapl\u0131 Alan Algoritmas\u0131n\u0131n Geli\u015ftirilmesi), Aral\u0131k 2011.<\/li>\n<li class=\"ac-data\">\u00dc\u00e7er-Alter, Predicting The Discharge Values For Ungagged Basins for D\u00fczce Province (D\u00fczce \u0130li Su Potansiyelinin Belirlenmesinde \u00d6l\u00e7\u00fcm\u00fc Olmayan Alt Havzalarda Ak\u0131m Serilerinin Hidrolojik Model ile Belirlenmesi), Haziran 2010.<\/li>\n<li class=\"ac-data\">Beray M\u00fch. Ltd. \u015et., Developing Fractional Snow Cover Area Algorithm (UTUVA i\u00e7in Etkili Kar Kapl\u0131 Alan Algoritmas\u0131n\u0131n Geli\u015ftirilmesi), Aral\u0131k 2010.<\/li>\n<li class=\"ac-data\">INTA Spaceturk, Uydu G\u00f6r\u00fcnt\u00fcleri ve Topografik Haritalar Aras\u0131ndaki Konum Hassasiyeti, Nisan 2006.<\/li>\n<li class=\"ac-data\">UNICEF on the Project GIS Based Decision Support System Implementation to MEB, August-December 2004.<\/li>\n<\/ul>\n<h2>Awards<\/h2>\n<ul class=\"ac-list\">\n<li class=\"ac-data\">&#8220;Uluslararas\u0131 Yay\u0131nlar\u0131 Te\u015fvik Program\u0131&#8221;, (May 2002)<\/li>\n<li class=\"ac-data\">Fen Bilimleri-Sosyal Bilimler-Enformatik-Deniz Bilimleri. &#8220;ODT\u00dc Y\u0131l\u0131n Tezi&#8221;, (March 2005)<\/li>\n<\/ul>\n<h2>Memberships<\/h2>\n<ul class=\"ac-list\">\n<li class=\"ac-data\">Member of Appraisal Committee or Award Jury (1 March 2009 &#8211; 1 December 2009)<\/li>\n<li class=\"ac-data\">Member of Appraisal Committee or Award Jury (1 January 2010 &#8211; 1 December 2010)<\/li>\n<li class=\"ac-data\">Member of Appraisal Committee or Award Jury (1 January 2011 &#8211; 1 December 2012)<\/li>\n<\/ul>\n<h2>Refereeing<\/h2>\n<ul class=\"ac-list\">\n<li class=\"ac-data\">T\u00dcBITAK Tar\u0131m ve Ormanc\u0131l\u0131k Dergisi.<\/li>\n<li class=\"ac-data\">International Journal of Environmental Modelling and Software. 2003.<\/li>\n<li class=\"ac-data\">Information Science Journal. 2007.<\/li>\n<li class=\"ac-data\">DPT Projesi &#8220;Kentsel Su\u00e7lar \u0130\u00e7in Mekansal Analiz Y\u00f6ntemlerine Dayal\u0131 Su\u00e7 Tahmini\u201d. 2007.<\/li>\n<li class=\"ac-data\">Hidroloji Kongresi. 2007.<\/li>\n<li class=\"ac-data\">TUBITAK 1007 (T\u00fcrkiye&#8217;de \u00c7\u0131\u011f Tahmin ve Erken Uyar\u0131 Sisteminin Olu\u015fturulmas\u0131).<\/li>\n<li class=\"ac-data\">International Journal of Remote Sensing. 2008.<\/li>\n<li class=\"ac-data\">International Journal of Geographic Information Systems. 2008.<\/li>\n<li class=\"ac-data\">TUBITAK 1007 -Uzaktan Alg\u0131lama Tekni\u011fi ile Zeytin A\u011fa\u00e7 Envanterinin \u00c7\u0131kart\u0131lmas\u0131. 2008.<\/li>\n<li class=\"ac-data\">Suleyman Demirel \u00dcniversitesi Fen Bilimleri Enstit\u00fcs\u00fc Dergisi. 2008.<\/li>\n<li class=\"ac-data\">Environmental Monitoring and Assessment. 2009.<\/li>\n<li class=\"ac-data\">Arabian Journal of Science and Engineering. 2009.<\/li>\n<li class=\"ac-data\">Environmental Geology. 2009.<\/li>\n<li class=\"ac-data\">El\u00e7in Kentel (70103032009008) Projesi. 2009.<\/li>\n<li class=\"ac-data\">Teknogiri\u015fim Sermayesi De\u011ferlendirme. Sanayi Bakanl\u0131\u011f\u0131. 2009.<\/li>\n<li class=\"ac-data\">RKSOFT M\u00fchendislik Bilg. Prog. Dan\u0131\u015f. E\u011ft. \u0130th. \u0130hr. Tic. Ltd. \u015eti. TEKNOKENT. 2009.<\/li>\n<li class=\"ac-data\">TUBITAK 1007-Uzaktan Alg\u0131lama Tekni\u011fi ile Zeytin A\u011fa\u00e7 Envanterinin \u00c7\u0131kart\u0131lmas\u0131. 2009.<\/li>\n<li class=\"ac-data\">International Journal of GIS. 2009.<\/li>\n<li class=\"ac-data\">International Journal of Remote Sensing. 2009.<\/li>\n<li class=\"ac-data\">TUMEHAP -TUJJB. 2009.<\/li>\n<li class=\"ac-data\">International Journal of Remote Sensing. 2010.<\/li>\n<li class=\"ac-data\">SFY Bili\u015fim ve Test Sistemleri Ltd. Teknokent. 2010.<\/li>\n<li class=\"ac-data\">TUBITAK 1007-Uzaktan Alg\u0131lama Tekni\u011fi ile Zeytin A\u011fa\u00e7 Envanterinin \u00c7\u0131kart\u0131lmas\u0131. 2010.<\/li>\n<li class=\"ac-data\">Arabian Journal for Science and Engineering. 2010.<\/li>\n<li class=\"ac-data\">DTMLab (RKSOFT M\u00fchendislik Bilgisayar Prog. E\u011ft. \u015eti.). 2010.<\/li>\n<li class=\"ac-data\">Uzaktan Alg\u0131lama Tekni\u011fi ile Zeytin A\u011fa\u00e7 Envanterinin \u00c7\u0131kart\u0131lmas\u0131, Zeytin \u00c7e\u015fit. 2011.<\/li>\n<li class=\"ac-data\">Environmental Monitoring and Assessment. 2011.<\/li>\n<li class=\"ac-data\">Journal of Environmental Management. 2011.<\/li>\n<\/ul>\n<h2>Conference and Seminar Organization<\/h2>\n<ul class=\"ac-list\">\n<li class=\"ac-data\">Workshop on Spatio\/Temporal Data Mining. METU, ISPRS, (November 2005)<\/li>\n<li class=\"ac-data\">5th Hydrology Congress. METU, (September 2007)<\/li>\n<\/ul>\n","protected":false},"excerpt":{"rendered":"<p>Consultancy TUBITAK MAM, Ak\u0131m Tahmin ve Havza Optimizasyon Modeli (ATHOM) Projesi, Haziran-Kas\u0131m 2017. Ya\u015fl\u0131o\u011flu \u0130n\u015f. Tic. Ltd., Akar\u00e7ay, B\u00fcy\u00fck Menderes, Bat\u0131 Akdeniz ve Burdur Havzalar\u0131 Ta\u015fk\u0131n Modellemesi, Ocak 2017-Mart 2019. Erges M\u00fch. M\u00fc\u015f. Ltd., \u00d6ks\u00fct Madencilik Sahas\u0131nda Pik Debilerin Tayini. Akarsu M\u00fch. Ltd., Samsun-Havza, Terme ve 19 May\u0131s \u0130l\u00e7e Merkezlerindeki Derelerin Ta\u015fk\u0131n Tehlike Alanlar\u0131n\u0131n Belirlenmesi [&hellip;]<\/p>\n","protected":false},"author":7148,"featured_media":0,"parent":0,"menu_order":0,"comment_status":"closed","ping_status":"closed","template":"","meta":{"footnotes":"","_links_to":"","_links_to_target":""},"class_list":["post-53","page","type-page","status-publish","hentry"],"_links":{"self":[{"href":"https:\/\/blog.metu.edu.tr\/zakyurek\/wp-json\/wp\/v2\/pages\/53","targetHints":{"allow":["GET"]}}],"collection":[{"href":"https:\/\/blog.metu.edu.tr\/zakyurek\/wp-json\/wp\/v2\/pages"}],"about":[{"href":"https:\/\/blog.metu.edu.tr\/zakyurek\/wp-json\/wp\/v2\/types\/page"}],"author":[{"embeddable":true,"href":"https:\/\/blog.metu.edu.tr\/zakyurek\/wp-json\/wp\/v2\/users\/7148"}],"replies":[{"embeddable":true,"href":"https:\/\/blog.metu.edu.tr\/zakyurek\/wp-json\/wp\/v2\/comments?post=53"}],"version-history":[{"count":0,"href":"https:\/\/blog.metu.edu.tr\/zakyurek\/wp-json\/wp\/v2\/pages\/53\/revisions"}],"wp:attachment":[{"href":"https:\/\/blog.metu.edu.tr\/zakyurek\/wp-json\/wp\/v2\/media?parent=53"}],"curies":[{"name":"wp","href":"https:\/\/api.w.org\/{rel}","templated":true}]}}