{"id":16,"date":"2017-11-18T09:51:30","date_gmt":"2017-11-18T09:51:30","guid":{"rendered":"http:\/\/blog.metu.edu.tr\/yucelh\/?page_id=16"},"modified":"2025-10-17T09:50:26","modified_gmt":"2025-10-17T09:50:26","slug":"home","status":"publish","type":"page","link":"https:\/\/blog.metu.edu.tr\/yucelh\/","title":{"rendered":"Home"},"content":{"rendered":"<div class=\"wp-block-image\">\n<figure class=\"alignright is-resized\"><img loading=\"lazy\" decoding=\"async\" width=\"300\" height=\"225\" src=\"https:\/\/blog.metu.edu.tr\/yucelh\/files\/2020\/02\/60492320_10156615019883043_5086883240166293504_o-300x225.jpg\" alt=\"\" class=\"wp-image-63\" style=\"width:304px;height:228px\" srcset=\"https:\/\/blog.metu.edu.tr\/yucelh\/files\/2020\/02\/60492320_10156615019883043_5086883240166293504_o-300x225.jpg 300w, https:\/\/blog.metu.edu.tr\/yucelh\/files\/2020\/02\/60492320_10156615019883043_5086883240166293504_o-1024x768.jpg 1024w, https:\/\/blog.metu.edu.tr\/yucelh\/files\/2020\/02\/60492320_10156615019883043_5086883240166293504_o-768x576.jpg 768w, https:\/\/blog.metu.edu.tr\/yucelh\/files\/2020\/02\/60492320_10156615019883043_5086883240166293504_o-1536x1152.jpg 1536w, https:\/\/blog.metu.edu.tr\/yucelh\/files\/2020\/02\/60492320_10156615019883043_5086883240166293504_o-700x525.jpg 700w, https:\/\/blog.metu.edu.tr\/yucelh\/files\/2020\/02\/60492320_10156615019883043_5086883240166293504_o-332x249.jpg 332w, https:\/\/blog.metu.edu.tr\/yucelh\/files\/2020\/02\/60492320_10156615019883043_5086883240166293504_o.jpg 1600w\" sizes=\"auto, (max-width: 300px) 100vw, 300px\" \/><\/figure>\n<\/div>\n\n\n<p><p style=\"text-align: justify\">My research interests and experiences focus on applied and computational mathematics, with a particular emphasis on<\/p><\/p>\n\n\n\n<ul class=\"wp-block-list\">\n<li><strong>PDE-Constrained Optimization,&nbsp; &nbsp; &nbsp; &nbsp; &nbsp;&nbsp; &nbsp; &nbsp; &nbsp; &nbsp; &nbsp;&nbsp;&nbsp;<\/strong><\/li>\n\n\n\n<li><strong>Adaptive (Discontinuous) Galerkin Methods<\/strong>,<\/li>\n\n\n\n<li><strong>PDEs with Uncertain Inputs<\/strong>,<\/li>\n\n\n\n<li><strong>Phase Field Models, <\/strong><\/li>\n\n\n\n<li><strong>Shape Optimization<\/strong>,<\/li>\n\n\n\n<li><strong>Deep Learning for PDEs.<\/strong><\/li>\n<\/ul>\n\n\n\n<p><p style=\"text-align: justify\">These are usually large-scale ill-posed problems where solution involves combined techniques in computational science, engineering and mathematics.<\/p><\/p>\n\n\n\n<p><p style=\"text-align: justify\">If you are interested in my research, or for any other comments or questions, please feel free to contact me at yucelh[at]metu.edu.tr. I am always looking for motivated and talented MSc and Ph.D. students interested in my research.&nbsp;<strong> <\/strong><u>For possible thesis topics<\/u>, visit <a rel=\"noreferrer noopener\" aria-label=\" (opens in a new tab)\" href=\"https:\/\/blog.metu.edu.tr\/yucelh\/research_group\/\" target=\"_blank\">Research Group<\/a>.<\/p><\/p>\n\n\n\n<p><strong>Any inquiries can be addressed to:<\/strong><\/p>\n\n\n\n<p><a rel=\"noopener noreferrer\" href=\"http:\/\/iam.metu.edu.tr\/\" target=\"new\">Institute of Applied Mathematics,<\/a><a rel=\"noopener noreferrer\" href=\"http:\/\/www.metu.edu.tr\" target=\"new\">Middle East Technical University<\/a><br>\u00dcniversiteler Mahallesi Dumlup\u0131nar Bulvar\u0131 No:1&nbsp; 06800 \u00c7ankaya\/Ankara, Turkey <\/p>\n\n\n\n<p> Phone : +90 312 210 5607<br> E-mail&nbsp;: yucelh[at]metu.edu.tr<br> Office&nbsp; : S231 <\/p>\n\n\n\n<p><\/p>\n","protected":false},"excerpt":{"rendered":"<p>My research interests and experiences focus on applied and computational mathematics, with a particular emphasis on These are usually large-scale ill-posed problems where solution involves combined techniques in computational science, engineering and mathematics. If you are interested in my research, or for any other comments or questions, please feel free &#8230;<\/p>\n","protected":false},"author":5177,"featured_media":0,"parent":0,"menu_order":0,"comment_status":"closed","ping_status":"closed","template":"","meta":{"footnotes":"","_links_to":"","_links_to_target":""},"class_list":["post-16","page","type-page","status-publish","hentry","column","twocol"],"_links":{"self":[{"href":"https:\/\/blog.metu.edu.tr\/yucelh\/wp-json\/wp\/v2\/pages\/16","targetHints":{"allow":["GET"]}}],"collection":[{"href":"https:\/\/blog.metu.edu.tr\/yucelh\/wp-json\/wp\/v2\/pages"}],"about":[{"href":"https:\/\/blog.metu.edu.tr\/yucelh\/wp-json\/wp\/v2\/types\/page"}],"author":[{"embeddable":true,"href":"https:\/\/blog.metu.edu.tr\/yucelh\/wp-json\/wp\/v2\/users\/5177"}],"replies":[{"embeddable":true,"href":"https:\/\/blog.metu.edu.tr\/yucelh\/wp-json\/wp\/v2\/comments?post=16"}],"version-history":[{"count":0,"href":"https:\/\/blog.metu.edu.tr\/yucelh\/wp-json\/wp\/v2\/pages\/16\/revisions"}],"wp:attachment":[{"href":"https:\/\/blog.metu.edu.tr\/yucelh\/wp-json\/wp\/v2\/media?parent=16"}],"curies":[{"name":"wp","href":"https:\/\/api.w.org\/{rel}","templated":true}]}}