{"id":71,"date":"2013-09-21T21:57:19","date_gmt":"2013-09-21T21:57:19","guid":{"rendered":"http:\/\/blog.metu.edu.tr\/yisibel\/?page_id=71"},"modified":"2013-09-21T21:57:19","modified_gmt":"2013-09-21T21:57:19","slug":"sozlu-anlatim","status":"publish","type":"page","link":"https:\/\/blog.metu.edu.tr\/yisibel\/dersler\/sozlu-anlatim\/","title":{"rendered":"S\u00f6zl\u00fc Anlat\u0131m"},"content":{"rendered":"","protected":false},"excerpt":{"rendered":"","protected":false},"author":1140,"featured_media":0,"parent":67,"menu_order":0,"comment_status":"open","ping_status":"open","template":"","meta":{"footnotes":"","_links_to":"","_links_to_target":""},"class_list":["post-71","page","type-page","status-publish","hentry"],"_links":{"self":[{"href":"https:\/\/blog.metu.edu.tr\/yisibel\/wp-json\/wp\/v2\/pages\/71","targetHints":{"allow":["GET"]}}],"collection":[{"href":"https:\/\/blog.metu.edu.tr\/yisibel\/wp-json\/wp\/v2\/pages"}],"about":[{"href":"https:\/\/blog.metu.edu.tr\/yisibel\/wp-json\/wp\/v2\/types\/page"}],"author":[{"embeddable":true,"href":"https:\/\/blog.metu.edu.tr\/yisibel\/wp-json\/wp\/v2\/users\/1140"}],"replies":[{"embeddable":true,"href":"https:\/\/blog.metu.edu.tr\/yisibel\/wp-json\/wp\/v2\/comments?post=71"}],"version-history":[{"count":0,"href":"https:\/\/blog.metu.edu.tr\/yisibel\/wp-json\/wp\/v2\/pages\/71\/revisions"}],"up":[{"embeddable":true,"href":"https:\/\/blog.metu.edu.tr\/yisibel\/wp-json\/wp\/v2\/pages\/67"}],"wp:attachment":[{"href":"https:\/\/blog.metu.edu.tr\/yisibel\/wp-json\/wp\/v2\/media?parent=71"}],"curies":[{"name":"wp","href":"https:\/\/api.w.org\/{rel}","templated":true}]}}