{"id":69,"date":"2013-09-21T21:54:55","date_gmt":"2013-09-21T21:54:55","guid":{"rendered":"http:\/\/blog.metu.edu.tr\/yisibel\/?page_id=69"},"modified":"2013-09-21T23:10:36","modified_gmt":"2013-09-21T23:10:36","slug":"turk-dili-ii","status":"publish","type":"page","link":"https:\/\/blog.metu.edu.tr\/yisibel\/dersler\/turk-dili-ii\/","title":{"rendered":"T\u00fcrk ve D\u00fcnya Edebiyat\u0131ndan Se\u00e7meler"},"content":{"rendered":"<p style=\"text-align: justify\">Bu derste T\u00fcrk ve D\u00fcnya edebiyat\u0131n\u0131n farkl\u0131 d\u00f6nemlerinden se\u00e7ilmi\u015f edebi metinler okunacak,\u00a0incelenecek\u00a0ve s\u0131n\u0131f ortam\u0131nda tart\u0131\u015f\u0131lacakt\u0131r. Bu edebi metinler belli bir konu ve\/ya temaya g\u00f6re se\u00e7ilecek ve ortak noktalardan hareketle de\u011ferlendirilecektir.<\/p>\n<p style=\"text-align: justify\">Bu derste sadece roman ve \u00f6yk\u00fc t\u00fcrleri ele al\u0131nacakt\u0131r. Roman ve \u00f6yk\u00fc gibi kurgusal metinlerin belli inceleme planlar\u0131na g\u00f6re de\u011ferlendirilmesi gerekir. Bunun i\u00e7in \u00f6\u011frencilere \u00f6ncelikle kurgusal bir eseri nas\u0131l incelemeleri gerekti\u011fi \u00f6\u011fretilecektir. \u00d6\u011frenciler eser incelemesi ile ilgili baz\u0131 teknik bilgileri edindikten sonra eserleri yap\u0131, tema, dil ve anlat\u0131m gibi ba\u015fl\u0131klar alt\u0131nda inceleyecekler; edebi eserlerin tarih, sosyoloji, felsefe gibi farkl\u0131 disiplinlerle olan ba\u011f\u0131n\u0131 ke\u015ffedecekler; edebiyat\u0131n g\u00fcnl\u00fck hayatla, insanla ve toplumla olan ili\u015fkisini ortaya \u00e7\u0131karacaklard\u0131r.<\/p>\n<p style=\"text-align: justify\">* Bu dersi yaln\u0131zca 3. ve 4. s\u0131n\u0131f \u00f6\u011frencileri alabilir.<\/p>\n<p style=\"text-align: justify\">** 2013 y\u0131l\u0131nda bu derste incelenecek kitaplar &#8220;yabanc\u0131la\u015fma&#8221; temas\u0131na g\u00f6re se\u00e7ilmi\u015ftir. Sonraki d\u00f6nemlerde derste i\u015flenecek tema ve kitaplar de\u011fi\u015febilir.<\/p>\n<p style=\"text-align: justify\">\n","protected":false},"excerpt":{"rendered":"<p>Bu derste T\u00fcrk ve D\u00fcnya edebiyat\u0131n\u0131n farkl\u0131 d\u00f6nemlerinden se\u00e7ilmi\u015f edebi metinler okunacak,\u00a0incelenecek\u00a0ve s\u0131n\u0131f ortam\u0131nda tart\u0131\u015f\u0131lacakt\u0131r. Bu edebi metinler belli bir konu ve\/ya temaya g\u00f6re se\u00e7ilecek ve ortak noktalardan hareketle de\u011ferlendirilecektir. Bu derste sadece roman ve \u00f6yk\u00fc t\u00fcrleri ele al\u0131nacakt\u0131r. Roman ve \u00f6yk\u00fc gibi kurgusal metinlerin belli inceleme planlar\u0131na g\u00f6re de\u011ferlendirilmesi gerekir. Bunun i\u00e7in \u00f6\u011frencilere \u00f6ncelikle [&hellip;]<\/p>\n","protected":false},"author":1140,"featured_media":0,"parent":67,"menu_order":0,"comment_status":"open","ping_status":"open","template":"","meta":{"footnotes":"","_links_to":"","_links_to_target":""},"class_list":["post-69","page","type-page","status-publish","hentry"],"_links":{"self":[{"href":"https:\/\/blog.metu.edu.tr\/yisibel\/wp-json\/wp\/v2\/pages\/69","targetHints":{"allow":["GET"]}}],"collection":[{"href":"https:\/\/blog.metu.edu.tr\/yisibel\/wp-json\/wp\/v2\/pages"}],"about":[{"href":"https:\/\/blog.metu.edu.tr\/yisibel\/wp-json\/wp\/v2\/types\/page"}],"author":[{"embeddable":true,"href":"https:\/\/blog.metu.edu.tr\/yisibel\/wp-json\/wp\/v2\/users\/1140"}],"replies":[{"embeddable":true,"href":"https:\/\/blog.metu.edu.tr\/yisibel\/wp-json\/wp\/v2\/comments?post=69"}],"version-history":[{"count":0,"href":"https:\/\/blog.metu.edu.tr\/yisibel\/wp-json\/wp\/v2\/pages\/69\/revisions"}],"up":[{"embeddable":true,"href":"https:\/\/blog.metu.edu.tr\/yisibel\/wp-json\/wp\/v2\/pages\/67"}],"wp:attachment":[{"href":"https:\/\/blog.metu.edu.tr\/yisibel\/wp-json\/wp\/v2\/media?parent=69"}],"curies":[{"name":"wp","href":"https:\/\/api.w.org\/{rel}","templated":true}]}}