{"id":55,"date":"2013-04-12T09:54:57","date_gmt":"2013-04-12T09:54:57","guid":{"rendered":"http:\/\/blog.metu.edu.tr\/yisibel\/?page_id=55"},"modified":"2014-11-30T15:51:00","modified_gmt":"2014-11-30T15:51:00","slug":"kitap-onerileri","status":"publish","type":"page","link":"https:\/\/blog.metu.edu.tr\/yisibel\/okumalik\/kitap-onerileri\/","title":{"rendered":"Kitap \u00d6nerileri"},"content":{"rendered":"<header><strong><em>ROMAN VE \u00d6YK\u00dc:<\/em><\/strong><\/p>\n<p>Dostoyevski: Su\u00e7 ve Ceza, Karamazov Karde\u015fler, Ecinniler<\/p>\n<p>Tolstoy: Anna Karenina<\/p>\n<p>Charles Dickens: \u0130ki \u015eehrin Hik\u00e2yesi<\/p>\n<p>Stendhal: K\u0131z\u0131l \u0130le Kara<\/p>\n<p>Anton \u00c7ehov ve \u00f6yk\u00fcleri<\/p>\n<p>Oscar Wilde: Dorian Gray\u2019in Portresi<\/p>\n<p>\u0130van Gon\u00e7arov: Oblomov<\/p>\n<p>Soljenitsin: \u0130van Denisovi\u00e7\u2019in Bir G\u00fcn\u00fc<\/p>\n<p>Dino Buzzati: Tatar \u00c7\u00f6l\u00fc<\/p>\n<p>Thomas More: \u00dctopya<\/p>\n<p>Aldous Huxley: Cesur Yeni D\u00fcnya<\/p>\n<p>George Orwell: Bin Dokuz Y\u00fcz Seksen D\u00f6rt, Hayvan \u00c7iftli\u011fi<\/p>\n<p>William Golding: Sineklerin Tanr\u0131s\u0131<\/p>\n<p>Ray Bradbury: Fahrenheit 451<\/p>\n<p>Gabriel Garcia Marquez: K\u0131rm\u0131z\u0131 Pazartesi, Y\u00fczy\u0131ll\u0131k Yaln\u0131zl\u0131k<\/p>\n<p>Milan Kundera: Varolman\u0131n Dayan\u0131lmaz Hafifli\u011fi<\/p>\n<p>J. D. Salinger: \u00c7avdar Tarlas\u0131nda \u00c7ocuklar<\/p>\n<p>Albert Camus: Yabanc\u0131, Veba<\/p>\n<p>Franz Kafka: D\u00f6n\u00fc\u015f\u00fcm, Dava , \u015eato<\/p>\n<p>Knut Hamsun: A\u00e7l\u0131k<\/p>\n<p>John Steinbeck: Fareler ve \u0130nsanlar<\/p>\n<p>James Joyce: Sanat\u00e7\u0131n\u0131n Bir Gen\u00e7 Adam Olarak Portresi<\/p>\n<p>Herman Hesse: Bozk\u0131rkurdu, Boncuk Oyunu<\/p>\n<p>Celine: Gecenin Sonuna Yolculuk<\/p>\n<p>Umberto Eco: G\u00fcl\u00fcn Ad\u0131<\/p>\n<p>Stefan Zweig: Satran\u00e7, Amok Ko\u015fucusu<\/p>\n<p>Paul Auster: New York \u00dc\u00e7lemesi<\/p>\n<p>Italo Calvio: Bir K\u0131\u015f Gecesi E\u011fer Bir Yolcu<\/p>\n<p>Charles Bukowski: Ekmek Aras\u0131, Kad\u0131nlar, Factotum<\/p>\n<p>Chuck Palahniuk: D\u00f6v\u00fc\u015f Kul\u00fcb\u00fc, G\u00f6steri Peygamberi<\/p>\n<p>******\u00a0\u00a0\u00a0\u00a0\u00a0\u00a0\u00a0\u00a0\u00a0\u00a0\u00a0\u00a0\u00a0\u00a0\u00a0\u00a0\u00a0\u00a0\u00a0 *****<\/p>\n<p>Yakup Kadri Karaosmano\u011flu: Yaban, Kiral\u0131k Konak, Sodom ve Gomore<\/p>\n<p>Refik Halid Karay: Memleket Hikayeleri, Gurbet Hikayeleri<\/p>\n<p>Ahmet Hamdi Tanp\u0131nar: Saatleri Ayarlama Enstit\u00fcs\u00fc, Huzur<\/p>\n<p>Ya\u015far Kemal<strong>: <\/strong>\u0130nce Memed, Teneke, Da\u011f\u0131n \u00d6te Y\u00fcz\u00fc \u00fc\u00e7lemesi, Binbo\u011falar Efsanesi<\/p>\n<p>Kemal Tahir<strong>: <\/strong>Devlet Ana<\/p>\n<p>Orhan Kemal<strong>: <\/strong>Bereketli Topraklar \u00dczerinde, Baba Evi, Cemile, Avare Y\u0131llar<\/p>\n<p>Sabahattin Ali: K\u00fcrk Mantolu Madonna, Kuyucakl\u0131 Yusuf, \u0130\u00e7imizdeki \u015eeytan, \u00f6yk\u00fc kitaplar\u0131<\/p>\n<p>Peyami Safa: Yaln\u0131z\u0131z, Dokuzuncu Hariciye Ko\u011fu\u015fu, Matmazel Noraliya\u2019n\u0131n Koltu\u011fu<\/p>\n<p>Sait Faik ve \u00f6yk\u00fcleri<\/p>\n<p>O\u011fuz Atay<strong>: <\/strong>Korkuyu Beklerken<strong>, <\/strong>Tutunamayanlar, Tehlikeli Oyunlar<\/p>\n<p>Yusuf At\u0131lgan: Aylak Adam, Anayurt Oteli<\/p>\n<p>Haldun Taner ve \u00f6yk\u00fcleri<\/p>\n<p>Sevgi Soysal: Yeni\u015fehir&#8217;de Bir \u00d6\u011fle Vakti, \u015eafak, Y\u00fcr\u00fcmek<\/p>\n<p>Adalet A\u011fao\u011flu: Dar Zamanlar \u00fc\u00e7lemesi<\/p>\n<p>F\u00fcruzan: \u00a0\u00d6yk\u00fcleri, 47&#8217;liler<\/p>\n<p>Bilge Karasu<strong>:<\/strong> G\u00f6\u00e7m\u00fc\u015f Kediler Bah\u00e7esi, Gece<\/p>\n<p>V\u00fcsat O. Bener: Dost- Ya\u015famas\u0131z<\/p>\n<p>Leyl\u00e2 Erbil: Tuhaf Bir Kad\u0131n, Gecede<\/p>\n<p>\u0130nci Aral<strong>:<\/strong> Yeni Yalan Zamanlar \u00fc\u00e7lemesi<\/p>\n<p>Hasan Ali Topta\u015f: Heba, G\u00f6lgesizler, Bin H\u00fcz\u00fcnl\u00fc Haz<\/p>\n<p>Orhan Pamuk: Kara Kitap, Benim Ad\u0131m K\u0131rm\u0131z\u0131, Beyaz Kale<\/p>\n<p>Mehmet Ero\u011flu: Belle\u011fin K\u0131\u015f Uykusu, Iss\u0131zl\u0131\u011f\u0131n Ortas\u0131nda, D\u00fc\u015f K\u0131rg\u0131nlar\u0131<\/p>\n<p>Murathan Mungan: \u015eairin Roman\u0131, Kad\u0131ndan Kentler<\/p>\n<p>Ayfer Tun\u00e7: Bir Deliler Evinin Yalan Yanl\u0131\u015f Anlat\u0131lan K\u0131sa Tarihi, Aziz Bey Hadisesi, D\u00fcnya A\u011fr\u0131s\u0131<\/p>\n<p>\u0130hsan Oktay Anar: Puslu K\u0131talar Atlas\u0131, Amat, Suskunlar<\/p>\n<p>Yekta Kopan: Bir de Bakt\u0131m Yoksun, Kediler G\u00fczel Uyan\u0131r ve di\u011fer \u00f6yk\u00fc kitaplar\u0131, Aile \u00c7ay Bah\u00e7esi<\/p>\n<p>Murat G\u00fclsoy: \u00d6yk\u00fcleri, Bu Filmin K\u00f6t\u00fc Adam\u0131 Benim<\/p>\n<p>Bar\u0131\u015f B\u0131\u00e7ak\u00e7\u0131<strong>:<\/strong> Bizim B\u00fcy\u00fck \u00c7aresizli\u011fimiz, Bir S\u00fcre Yere Paralel Gittikten Sonra, Sinek Is\u0131r\u0131klar\u0131n\u0131n M\u00fcellifi<\/p>\n<p>Emrah Serbes: Erken Kaybedenler<\/p>\n<p>Alper Can\u0131g\u00fcz: O\u011fullar ve Rencide Ruhlar, Tatl\u0131 R\u00fcyalar<\/p>\n<p>Murat Uyurkulak: Tol, Bazuka<\/p>\n<p>Mahir \u00dcnsal Eri\u015f: Bang\u0131r Bang\u0131r Ferdi \u00c7al\u0131yor Evde<\/p>\n<p>Hakan B\u0131\u00e7akc\u0131: Do\u011fa Tarihi, Ben Tek Siz Hepiniz<\/p>\n<p>Hakan G\u00fcnday<strong>: <\/strong>Az, Malafa, Kinyas ve Kayra<\/p>\n<p>Yal\u00e7\u0131n Tosun: Anne, Baba ve Di\u011fer \u00d6l\u00fcmc\u00fcl \u015eeyler<\/p>\n<p>Mine S\u00f6\u011f\u00fct: Deli Kad\u0131n Hik\u00e2yeleri<\/p>\n<p>&nbsp;<\/p>\n<p><strong><em>DENEME: <\/em><\/strong><\/p>\n<p>Montaigne, Denemeler<\/p>\n<p>Albert Camus, Ba\u015fkald\u0131ran \u0130nsan<\/p>\n<p>Ahmet Cemal: Lanetlenmi\u015f A\u011fustosb\u00f6cekleri, Bizi Ya\u015fatanlar ve \u00d6ld\u00fcrenler<\/p>\n<p>Oktay Akbal<\/p>\n<p>Nurullah Ata\u00e7<\/p>\n<p>Sal\u00e2h Birsel<\/p>\n<p>Sabahattin Ey\u00fcbo\u011flu<\/p>\n<p>Ahmet Altan: Karanl\u0131kta Sabah Ku\u015flar\u0131, Ve K\u0131rar G\u00f6\u011fs\u00fcne Bast\u0131r\u0131rken<\/p>\n<p><strong><em>G\u00dcNL\u00dcK:<\/em><\/strong><\/p>\n<p>Nurullah Ata\u00e7, G\u00fcnce<\/p>\n<p>Cemil Meri\u00e7: Jurnal I,II<\/p>\n<p>Sal\u00e2h Birsel<\/p>\n<p>O\u011fuz Atay, G\u00fcnl\u00fck<\/p>\n<p>Tomris Uyar, Yaz\u0131l\u0131 G\u00fcnler<\/p>\n<p><strong><em>GEZ\u0130 YAZISI: <\/em><\/strong><\/p>\n<p>Evliya \u00c7elebi, Seyahatname<\/p>\n<p>Ahmet Ha\u015fim, Frankfurt Seyahatnamesi<\/p>\n<p>Re\u015fat Nuri G\u00fcntekin, Anadolu Notlar\u0131 I ve II<\/p>\n<p><strong><em>MEKTUP:<\/em><\/strong><\/p>\n<p>Cahit S\u0131tk\u0131 Taranc\u0131, Ziya&#8217;ya Mektuplar<\/p>\n<p>Franz Kafka: Milena&#8217;ya Mektuplar<\/p>\n<p><strong><em>ANI: <\/em><\/strong><\/p>\n<p>Mina Urgan, Bir Dinazorun An\u0131lar\u0131<\/p>\n<p>Falih R\u0131fk\u0131 Atay, \u00c7ankaya<\/p>\n<p>Halide Edip, T\u00fcrk&#8217;\u00fcn Ate\u015fle \u0130mtihan\u0131<\/p>\n<p>Yakup Kadri, Gen\u00e7lik ve Edebiyat Hat\u0131ralar\u0131<\/p>\n<p>&nbsp;<\/p>\n<p>&nbsp;<\/p>\n<p>&nbsp;<\/p>\n<p>&nbsp;<\/p>\n<p>&nbsp;<\/p>\n<p>&nbsp;<\/p>\n<p>&nbsp;<\/p>\n<p>&nbsp;<\/p>\n<p>&nbsp;<\/p>\n<p>&nbsp;<\/p>\n<\/header>\n","protected":false},"excerpt":{"rendered":"<p>ROMAN VE \u00d6YK\u00dc: Dostoyevski: Su\u00e7 ve Ceza, Karamazov Karde\u015fler, Ecinniler Tolstoy: Anna Karenina Charles Dickens: \u0130ki \u015eehrin Hik\u00e2yesi Stendhal: K\u0131z\u0131l \u0130le Kara Anton \u00c7ehov ve \u00f6yk\u00fcleri Oscar Wilde: Dorian Gray\u2019in Portresi \u0130van Gon\u00e7arov: Oblomov Soljenitsin: \u0130van Denisovi\u00e7\u2019in Bir G\u00fcn\u00fc Dino Buzzati: Tatar \u00c7\u00f6l\u00fc Thomas More: \u00dctopya Aldous Huxley: Cesur Yeni D\u00fcnya George Orwell: Bin Dokuz [&hellip;]<\/p>\n","protected":false},"author":1140,"featured_media":0,"parent":52,"menu_order":0,"comment_status":"open","ping_status":"open","template":"","meta":{"footnotes":"","_links_to":"","_links_to_target":""},"class_list":["post-55","page","type-page","status-publish","hentry"],"_links":{"self":[{"href":"https:\/\/blog.metu.edu.tr\/yisibel\/wp-json\/wp\/v2\/pages\/55","targetHints":{"allow":["GET"]}}],"collection":[{"href":"https:\/\/blog.metu.edu.tr\/yisibel\/wp-json\/wp\/v2\/pages"}],"about":[{"href":"https:\/\/blog.metu.edu.tr\/yisibel\/wp-json\/wp\/v2\/types\/page"}],"author":[{"embeddable":true,"href":"https:\/\/blog.metu.edu.tr\/yisibel\/wp-json\/wp\/v2\/users\/1140"}],"replies":[{"embeddable":true,"href":"https:\/\/blog.metu.edu.tr\/yisibel\/wp-json\/wp\/v2\/comments?post=55"}],"version-history":[{"count":0,"href":"https:\/\/blog.metu.edu.tr\/yisibel\/wp-json\/wp\/v2\/pages\/55\/revisions"}],"up":[{"embeddable":true,"href":"https:\/\/blog.metu.edu.tr\/yisibel\/wp-json\/wp\/v2\/pages\/52"}],"wp:attachment":[{"href":"https:\/\/blog.metu.edu.tr\/yisibel\/wp-json\/wp\/v2\/media?parent=55"}],"curies":[{"name":"wp","href":"https:\/\/api.w.org\/{rel}","templated":true}]}}