{"id":48,"date":"2013-04-12T09:42:12","date_gmt":"2013-04-12T09:42:12","guid":{"rendered":"http:\/\/blog.metu.edu.tr\/yisibel\/?page_id=48"},"modified":"2013-04-12T09:42:12","modified_gmt":"2013-04-12T09:42:12","slug":"ders-notlari","status":"publish","type":"page","link":"https:\/\/blog.metu.edu.tr\/yisibel\/ders-notlari\/","title":{"rendered":"Ders Notlar\u0131"},"content":{"rendered":"<header>\n<h1><a title=\"Permalink to Sunum konular\u0131\" href=\"https:\/\/blog.metu.edu.tr\/yisibel\/2013\/02\/17\/sunum-konulari\/\" rel=\"bookmark\">Sunum konular\u0131<\/a><\/h1>\n<div><a title=\"Comment on Sunum konular\u0131\" href=\"https:\/\/blog.metu.edu.tr\/yisibel\/2013\/02\/17\/sunum-konulari\/#respond\">Leave a reply<\/a><\/div>\n<\/header>\n<div>\n<p>SUNUM KONULARI<br \/>\nI) S\u00f6zl\u00fc anlat\u0131m t\u00fcrleri:<br \/>\n\u00d6\u011frenci\/ler istedikleri bir konuyu se\u00e7tikleri s\u00f6zl\u00fc anlat\u0131m t\u00fcr\u00fcn\u00fcn \u00f6zelliklerine uygun olarak anlat\u0131rlar.<br \/>\nA) Grup sunumlar\u0131:<br \/>\nA\u00e7\u0131k oturum, panel, forum: Konu\u015fmac\u0131 say\u0131s\u0131: 3 veya 4 ki\u015fi<br \/>\nSempozyum: Konu\u015fmac\u0131 say\u0131s\u0131: 3 veya 4 ki\u015fi<br \/>\nM\u00fcl\u00e2kat, s\u00f6yle\u015fi: Konu\u015fmac\u0131 say\u0131s\u0131: 2 ki\u015fi<br \/>\nM\u00fcnazara: Konu\u015fmac\u0131 say\u0131s\u0131: 2 veya 3 ki\u015fiden olu\u015fan iki tak\u0131m<br \/>\nKonu\u015fma s\u00fcresi: Her bir konu\u015fmac\u0131 i\u00e7in: 6-8 dakika.<br \/>\nB) Bireysel sunumlar:<br \/>\nKonferans, brifing, nutuk<br \/>\nKonu\u015fma s\u00fcresi: 10 dakika<br \/>\nII) Yaz\u0131l\u0131 anlat\u0131m t\u00fcrleri:<br \/>\nA) Bireysel sunumlar:<br \/>\n1. Kitap incelemesi: Roman, \u00f6yk\u00fc, \u015fiir, gezi yaz\u0131s\u0131, biyografi, an\u0131, deneme vb. t\u00fcrlerinde yaz\u0131lm\u0131\u015f kitaplar incelenir.<br \/>\nSunumun plan\u0131:<br \/>\n1.1. Bibliyografik k\u00fcnye: Kitab\u0131n ad\u0131, yazar\u0131, \u00e7evirmeni, yay\u0131nevi, bask\u0131 say\u0131s\u0131, yay\u0131n yeri ve y\u0131l\u0131, sayfa say\u0131s\u0131.<br \/>\n1.2. Kitapla ilgili genel de\u011ferlendirme<br \/>\n1.3. Kitapta yer alan yaz\u0131lar\u0131n konular\u0131<br \/>\n1.4. \u0130nceledi\u011finiz t\u00fcr\u00fcn \u00f6zelliklerine g\u00f6re kitab\u0131n de\u011ferlendirilmesi<br \/>\n1.5. Kitab\u0131n \u00f6\u011frencinin duygu ve d\u00fc\u015f\u00fcnce d\u00fcnyas\u0131na olan etkilerinin anlat\u0131lmas\u0131<br \/>\nRoman ve \u00f6yk\u00fc incelenecekse s\u0131ras\u0131yla olay \u00f6rg\u00fcs\u00fc, zaman, mekan, ki\u015filer, tema, yorum ve de\u011ferlendirme gibi ba\u015fl\u0131klar takip edilmelidir.<\/p>\n<p>2. Yaz\u0131l\u0131 anlat\u0131m t\u00fcrleri ve \u00f6zellikleri: \u00d6yk\u00fc, \u015fiir, gezi yaz\u0131s\u0131, biyografi, an\u0131, deneme vb. t\u00fcrlerinde yaz\u0131lm\u0131\u015f herhangi bir yaz\u0131 (veya yaz\u0131lar) o t\u00fcr\u00fcn \u00f6zellikleri dikkate al\u0131narak anlat\u0131l\u0131r.<br \/>\n* Sunum plan\u0131 1. maddeyle ayn\u0131d\u0131r.<\/p>\n<p>3. Kitap, tiyatro oyunu ya da film ele\u015ftirisi: Ele\u015ftiri t\u00fcr\u00fcn\u00fcn \u00f6zellikleri dikkate al\u0131narak yap\u0131l\u0131r.<br \/>\n4. \u015eiir dinletisi: Belli bir konu veya tema dahilinde \u015fiir dinletisi haz\u0131rlan\u0131r.<br \/>\nKonu\u015fma s\u00fcresi: 10 dakika<br \/>\nB) Grup sunumlar\u0131:<br \/>\nTiyatro oyunu: Se\u00e7ilen bir tiyatro oyunu s\u0131n\u0131fta sergilenir.<\/p>\n<p>S\u00d6ZL\u00dc ANLATIM T\u00dcRLER\u0130<br \/>\nI) Kar\u015f\u0131l\u0131kl\u0131 konu\u015fmalar II) Topluluk kar\u015f\u0131s\u0131nda yap\u0131lan III) Tart\u0131\u015fmal\u0131 toplant\u0131lar<br \/>\nM\u00fcl\u00e2kat (g\u00f6r\u00fc\u015fme) konu\u015fmalar Tart\u0131\u015fma<br \/>\nSohbet (s\u00f6yle\u015fi) Nutuk (s\u00f6ylev) M\u00fcnazara<br \/>\nBrifing (sunu) A\u00e7\u0131k oturum<br \/>\nKonferans Panel<br \/>\nForum<br \/>\nSempozyum (bilgi \u015f\u00f6leni)<br \/>\nSeminer<br \/>\nKongre<\/p>\n<p>G\u00f6r\u00fc\u015fme (m\u00fclak\u00e2t): \u00dcnl\u00fc siyaset, sanat ya da bilim adamlar\u0131n\u0131 \u00e7e\u015fitli y\u00f6nleriyle tan\u0131tmak ya da baz\u0131 konulardaki g\u00f6r\u00fc\u015flerini \u00f6\u011frenmek amac\u0131yla soru-cevap \u015feklinde geli\u015fen kar\u015f\u0131l\u0131kl\u0131 konu\u015fmalard\u0131r.<br \/>\nG\u00f6r\u00fc\u015fmeyi yapan ki\u015fi g\u00f6r\u00fc\u015fece\u011fi ki\u015fi hakk\u0131nda \u00f6nceden bilgi edinmeli, sorular\u0131n\u0131 haz\u0131rlamal\u0131, konu\u015fma esnas\u0131nda konu\u015fmanc\u0131n\u0131n s\u00f6z\u00fcn\u00fc kesmemeli ve tarafs\u0131z olmal\u0131d\u0131r.<br \/>\nKonferans: Yazar, d\u00fc\u015f\u00fcn\u00fcr ya da alan\u0131nda uzman ki\u015filerin bir konuda bilgi vermek amac\u0131yla topluluk \u00f6n\u00fcnde yapt\u0131klar\u0131 konu\u015fmad\u0131r. Konu\u015fmac\u0131 uzman\u0131 oldu\u011fu alanla ilgili a\u00e7\u0131klama yapmak ve dinleyenleri bilgilendirmek zorundad\u0131r. Konferanstan \u00f6nce konu\u015fmac\u0131 bir ba\u015fkas\u0131 taraf\u0131ndan dinleyicilere k\u0131saca tan\u0131t\u0131l\u0131r.<br \/>\nTopluluk \u00f6n\u00fcnde yap\u0131lan konu\u015fmalarda konuya \u00f6nceden haz\u0131rlan\u0131lmas\u0131 ve konu\u015fman\u0131n belli bir plan dahilinde yap\u0131lmas\u0131 \u00f6nemlidir. Konu\u015fman\u0131n etkili olabilmesi i\u00e7in konu\u015fmac\u0131 s\u00f6zl\u00fc anlat\u0131m tekniklerine uymal\u0131, elindeki notlar\u0131 okumamal\u0131, d\u00fc\u015f\u00fcncelerini a\u00e7\u0131kl\u0131kla ifade edebilmelidir.<br \/>\nKonferans\u0131n bitiminde dinleyiciler konu\u015fmac\u0131ya soru sorabilir.<br \/>\nNutuk (s\u00f6ylev): Belli bir ama\u00e7 i\u00e7in toplanm\u0131\u015f bir kalabal\u0131\u011fa belli bir fikri, duyguyu a\u015f\u0131lamak i\u00e7in co\u015fkulu ve edebi bir dille yap\u0131lan konu\u015fmalard\u0131r. Konu\u015fmalar genellikle milli ve toplumsal konularda olur. Konu\u015fmac\u0131 (hatip) inand\u0131\u011f\u0131 ger\u00e7ekleri dinleyenlere de benimsetmeye, onlar\u0131 etkilemeye \u00e7al\u0131\u015f\u0131r.<br \/>\nKonu\u015fmac\u0131 belli bir plana g\u00f6re konu\u015fmal\u0131, inand\u0131r\u0131c\u0131 olmal\u0131, dinleyenleri etkilemek i\u00e7in jest ve mimikleri ile vurgu ve tonlamaya da dikkat etmelidir. Nutukta \u00f6zellikle sonu\u00e7 b\u00f6l\u00fcm\u00fcn\u00fcn etkili olmas\u0131 \u00f6nemlidir.<br \/>\nTart\u0131\u015fmal\u0131 toplant\u0131lar:<br \/>\nTart\u0131\u015fmalarda konu\u015fmac\u0131lar konu\u015facaklar\u0131 konuya hakim olmal\u0131 ve mutlaka daha \u00f6nceden haz\u0131rl\u0131k yapmal\u0131d\u0131r. Tart\u0131\u015fma s\u0131ras\u0131nda m\u00fcmk\u00fcn oldu\u011fu kadar kar\u015f\u0131t g\u00f6r\u00fc\u015fleri savunanlara kar\u015f\u0131 sayg\u0131l\u0131 olunmal\u0131, konu\u015fmac\u0131lar\u0131n s\u00f6z\u00fc kesilmemeli, konu\u015fmac\u0131n\u0131n kendisi de\u011fil, g\u00f6r\u00fc\u015fleri esas al\u0131nmal\u0131d\u0131r.<br \/>\nM\u00fcnazara: Kar\u015f\u0131t g\u00f6r\u00fc\u015fleri savunan iki grubun \u00f6nceden belirlenen bir konu hakk\u0131nda d\u00fc\u015f\u00fcncelerini savunmas\u0131na dayanan bir tart\u0131\u015fmal\u0131 toplant\u0131 t\u00fcr\u00fcd\u00fcr. Gruplardan biri konuyu olumlu \/tez di\u011feri olumsuz\/antitez y\u00f6nleriyle savunur.<br \/>\nGruplar genellikle \u00fc\u00e7 ki\u015fiden olu\u015fur. \u0130ki grubun da ba\u015fkan\u0131 vard\u0131r. Hangi grubun ilk s\u00f6z\u00fc alaca\u011f\u0131na kurayla karar verilir veya konu\u015fmaya antitezi savunan grup ba\u015flar. Ba\u015fkan \u00f6nce grubunu tan\u0131t\u0131r, savunacaklar\u0131 konu hakk\u0131nda k\u0131sa bir bilgi verir. Grup \u00fcyeleri kendilerine verilen s\u00fcre i\u00e7inde d\u00f6n\u00fc\u015f\u00fcml\u00fc olarak s\u00f6z al\u0131r ve fikirlerini savunurlar. Son konu\u015fmay\u0131 ba\u015fkan yapar ve bir sonuca ula\u015f\u0131r.<br \/>\n\u0130lk konu\u015fmadan sonra ara verilir ve aradan sonra gruplar birbirlerinin g\u00f6r\u00fc\u015flerini \u00e7\u00fcr\u00fctmek i\u00e7in son bir konu\u015fma daha yaparlar. Bu konu\u015fmay\u0131 gruptaki herhangi bir ki\u015fi yapabilir.<br \/>\nTart\u0131\u015fman\u0131n ba\u015far\u0131l\u0131 ve amac\u0131na uygun olabilmesi i\u00e7in gruplar\u0131n \u00f6nceden bir araya gelmesi, i\u015f b\u00f6l\u00fcm\u00fc yapmas\u0131 ve konuyu hangi a\u00e7\u0131lardan ele alacaklar\u0131na karar vermesi gerekir.<br \/>\nKonu\u015fma s\u0131ras\u0131nda yaz\u0131l\u0131 metin kullan\u0131mlas\u0131 yanl\u0131\u015ft\u0131r.<br \/>\nM\u00fcnazarada tart\u0131\u015fan iki grubun d\u0131\u015f\u0131nda bir de j\u00fcri bulunur. J\u00fcri en az \u00fc\u00e7 ki\u015fiden olu\u015fur.<br \/>\nKonu\u015fmalar\u0131n sonucunda j\u00fcri konu\u015fmac\u0131lar\u0131 de\u011ferlendirir ve yapt\u0131\u011f\u0131 puanlaman\u0131n sonu\u00e7lar\u0131n\u0131 a\u00e7\u0131klar. J\u00fcri de\u011ferlendirmesini yorum ve kan\u0131tlar\u0131n inand\u0131r\u0131c\u0131l\u0131\u011f\u0131, konu\u015fma yetene\u011fi, konuya hakimiyet, nezaket, tezin ortaya konulmas\u0131 ve kar\u015f\u0131 tezlere verilen cevaplar \u2026 gibi \u00f6l\u00e7\u00fctleri dikkate alarak yapar.<br \/>\nM\u00fcnazarada tart\u0131l\u0131\u015f\u0131lan konudan \u00e7ok tezi ortaya koyma, antitezleri \u00e7\u00fcr\u00fctme ve j\u00fcriyi etkilemek \u00f6nemlidir. Bunun i\u00e7in kar\u015f\u0131 taraf\u0131n g\u00f6r\u00fc\u015fleri iyi dinlenmeli, zay\u0131f noktalar tespit edilip kar\u015f\u0131 tezler ona g\u00f6re belirlenmelidir. M\u00fcnazara s\u0131ras\u0131nda konu\u015fmac\u0131lar gerekirse not alabilir.<br \/>\nA\u00e7\u0131k oturum: Bir ba\u015fkan ve en az \u00fc\u00e7 konu\u015fmac\u0131dan olu\u015fur. Herhangi bir konu o konunun uzman\u0131 olan ki\u015filer taraf\u0131ndan kendilerine verilen s\u00fcre i\u00e7erisinde ele al\u0131n\u0131p tart\u0131\u015f\u0131l\u0131r. Konu\u015fman\u0131n sonunda belli bir sonuca ula\u015f\u0131lmas\u0131 gerekmez.<br \/>\nPanel: Bir a\u00e7\u0131k oturum \u015feklidir. A\u00e7\u0131k oturumdan fark\u0131 konu\u015fmac\u0131lar\u0131n kendilerine ayr\u0131lan s\u00fcrede yapt\u0131klar\u0131 konu\u015fmalardan sonra birbirlerine soru sorabilmeleridir. Ayr\u0131ca dinleyicilerin de konu\u015fmac\u0131lara soru sorma hakk\u0131 vard\u0131r.<br \/>\nForum: Panel gibi bir a\u00e7\u0131k oturum \u015feklidir. Forumun a\u00e7\u0131k oturum ve panelden fark\u0131 dinleyicilerin de konu\u015fmaya kat\u0131lmas\u0131d\u0131r. Dinleyiciler de yap\u0131lan tart\u0131\u015fmaya kat\u0131l\u0131p kendi fikirlerini ifade edebilirler. Forumda konu\u015fmac\u0131 say\u0131s\u0131 fazla olaca\u011f\u0131ndan ba\u015fkan konu\u015fmalar\u0131 iyi idare etmek zorundad\u0131r. Forum daha \u00e7ok g\u00fcncel konular hakk\u0131nda yap\u0131l\u0131r. Konu\u015fmac\u0131lar\u0131n konu\u015facaklar\u0131 konu hakk\u0131nda \u00f6nceden haz\u0131rl\u0131k yapmalar\u0131 gerekmez.<br \/>\nA\u00e7\u0131k oturumda ba\u015fkan \u00f6nce tart\u0131\u015f\u0131lacak konu hakk\u0131nda k\u0131sa bir bilgi verir ve konu\u015fmac\u0131lar\u0131 tan\u0131t\u0131r. Ba\u015fkan konu\u015fmac\u0131lar\u0131n rahat konu\u015fabilecekleri bir ortam haz\u0131rlamakla y\u00fck\u00fcml\u00fcd\u00fcr. Konudan uzakla\u015fanlar\u0131, konu\u015fmac\u0131lar\u0131n s\u00f6z\u00fcn\u00fc kesenleri uyar\u0131r. Tarafs\u0131z olmak zorundad\u0131r.<br \/>\nKonu\u015fmac\u0131lar ba\u015fkan\u0131n izni olmadan konu\u015famaz ya da konu\u015fan ki\u015finin s\u00f6z\u00fcn\u00fc kesemezler. Konu\u015fmac\u0131lar birbirlerinin s\u00f6z\u00fcn\u00fc tekrar etmezler, konuyu farkl\u0131 y\u00f6nleriyle ele al\u0131p de\u011ferlendirirler.<br \/>\nKonu\u015fman\u0131n sonunda ba\u015fkan oturum boyunca tart\u0131\u015f\u0131lan fikirleri \u00f6zetler. Konu\u015fmalardaki ortak ve farkl\u0131 noktalar\u0131 belirtir.<br \/>\nSempozyum (bilgi \u015f\u00f6leni): Sanat ve bilim alan\u0131nda uzmanla\u015fm\u0131\u015f ki\u015filerin bir araya gelerek belli konularda konu\u015fma yapt\u0131klar\u0131, kendi alanlar\u0131yla ilgili sorunlar\u0131 tart\u0131\u015ft\u0131klar\u0131 ve sonuca ula\u015ft\u0131klar\u0131 bilimsel toplant\u0131lard\u0131r. Sempozyumdaki konu\u015fmalar belli bilim alanlar\u0131 dahilinde yap\u0131l\u0131r. Konu\u015fmalar birbirlerini b\u00fct\u00fcnleyici niteliktedir.<br \/>\nSempozyumlar belli bir zaman diliminde yap\u0131l\u0131r ve bir\u00e7ok oturumdan olu\u015fur. Her oturumda bir ba\u015fkan ve 3 ila 6 konu\u015fmac\u0131 yer al\u0131r. Her konu\u015fmac\u0131n\u0131n yakla\u015f\u0131k 15-20 dakikal\u0131k konu\u015fma s\u00fcresi vard\u0131r. Oturumun sonunda dinleyiciler konu\u015fmac\u0131lara soru sorabilir. Dinleyiciler de belli bir alan\u0131n uzman\u0131 olan ki\u015filerdir.<br \/>\nBa\u015fkan konu\u015fmac\u0131lar\u0131 tan\u0131tmak, konu\u015fmalar\u0131n verilen s\u00fcre i\u00e7erisinde yap\u0131lmas\u0131n\u0131 sa\u011flamak ve konu\u015fmalar\u0131 belli bir sonuca ba\u011flamakla y\u00fck\u00fcml\u00fcd\u00fcr.<br \/>\nSempozyumdaki konu\u015fmalar bilimsel de\u011fer ta\u015f\u0131r. Konu\u015fma metinleri \u201cbildiri\u201d ad\u0131yla yay\u0131mlan\u0131r.<\/p>\n<p>Sunum Yaparken Dikkat Edilecek Unsurlar<\/p>\n<p>\u2022 Konu se\u00e7imi: Herkesin ilgisini \u00e7ekebilecek, yararl\u0131, dersin i\u00e7eri\u011fine uygun, ara\u015ft\u0131rma yapmaya elveri\u015fli konular se\u00e7ilmelidir. Sunum yapan ki\u015fi anlatt\u0131\u011f\u0131 konuya hakim olmal\u0131d\u0131r<br \/>\n\u2022 Sunuma haz\u0131rlan\u0131rken farkl\u0131 kaynaklardan yararlan\u0131lmal\u0131d\u0131r. Tek kaynak olarak Wikipedia kullan\u0131lmamal\u0131d\u0131r.<br \/>\n\u2022 Sunumun ba\u015flang\u0131c\u0131nda konu\u015fmac\u0131 kendini tan\u0131tmal\u0131, dinleyicilere sunumun i\u00e7eri\u011fi\/plan\u0131yla ilgili bilgi vermeli, sunumun amac\u0131 ve kapsam\u0131n\u0131 belirtmelidir.<br \/>\n\u2022 Sunum belli bir d\u00fczene\/ plana g\u00f6re yap\u0131lmal\u0131d\u0131r.<br \/>\n\u2022 Sunumda s\u00fcrenin iyi kullan\u0131lmas\u0131 gerekir. Se\u00e7tikleri konuyla ilgili daha detayl\u0131 bilgi vermek isteyenler ek s\u00fcre kullanabilir. K\u0131sa s\u00fcren sunumlar dinleyicide sunuma iyi haz\u0131rlan\u0131lmad\u0131\u011f\u0131 izlenimi uyand\u0131r\u0131r.<br \/>\n\u2022 Sunum yaparken ak\u0131c\u0131 bir dil kullanmaya, diksiyona \u00f6zen g\u00f6sterilmelidir. Anlamlar\u0131 bilinmeyen kelime ve kavramlar ile \u0130ngilizce kelimeler kullanmaktan ka\u00e7\u0131n\u0131lmal\u0131d\u0131r.<br \/>\n\u2022 Sunum yapan ki\u015fi dinleyenlerle g\u00f6z temas\u0131 kurmal\u0131 ve onlar\u0131n tepkilerini \u00f6l\u00e7melidir.<br \/>\n\u2022 Sunumda g\u00f6rsel malzemelerden yararlan\u0131labilir. S\u0131n\u0131fta projeksiyon yoksa resim, foto\u011fraf kullan\u0131labilir ya da tahtaya yaz\u0131 yaz\u0131labilir.<br \/>\n\u2022 Sunumda power point kullanacak olanlar bilgileri yaln\u0131zca bilgisayardan okumamal\u0131d\u0131r. Sunumda ama\u00e7 okumak de\u011fil, anlatmakt\u0131r.<br \/>\n\u2022 Sunum esnas\u0131nda beden diline, jest ve mimiklere, ses tonuna dikkat edilmelidir. Sunum esnas\u0131nda kendine g\u00fcvenmek, do\u011fal davranmak ve dinleyenleri k\u00fc\u00e7\u00fcmsememek de \u00f6nemlidir.<br \/>\n\u2022 Anlat\u0131lanlar mutlaka bir sonuca ba\u011flanmal\u0131 ve varsa sunumda yararlan\u0131lan kaynaklar belirtilmelidir.<br \/>\n\u2022 Dinleyiciler sunum yapan ki\u015fiye kar\u015f\u0131 sayg\u0131l\u0131 olmal\u0131, onu rahats\u0131z edecek davran\u0131\u015flardan ka\u00e7\u0131nmal\u0131d\u0131r. Dinleyiciler sunumu b\u00f6lmemeli, sorular\u0131n\u0131 sunum sonras\u0131na saklamal\u0131d\u0131r.<\/p>\n<p>A\u00e7\u0131k oturum, panel, forum i\u00e7in konu \u00f6nerileri:<br \/>\nYabanc\u0131 dilde e\u011fitim, e\u011fitim sistemimiz, sans\u00fcr, kitap yasaklar\u0131, d\u0131\u015f politikam\u0131z, \u00f6tenazi hakk\u0131, \u00e7arp\u0131k kentle\u015fme, sosyal medya, modernizm, ele\u015ftiri anlay\u0131\u015f\u0131m\u0131z, s\u0131navlar, k\u00fclt\u00fcr emperyalizmi, AB, elektronik kitap, \u00e7evre sorunlar\u0131, gen\u00e7li\u011fin sorunlar\u0131, Bat\u0131l\u0131la\u015fma, spor politikam\u0131z, Yeni Y\u00f6k Yasas\u0131\u2026. (Bunlar\u0131n d\u0131\u015f\u0131nda herhangi bir konu)<br \/>\nM\u00fcnazara i\u00e7in konu \u00f6nerileri:<br \/>\nBa\u015far\u0131ya zek\u00e2yla m\u0131 ula\u015f\u0131l\u0131r, \u00e7al\u0131\u015fmayla m\u0131?<br \/>\nTeknolojinin h\u0131zl\u0131 geli\u015fimi hayat\u0131 olumlu mu etkilemi\u015ftir, olumsuz mu?<br \/>\n\u0130nsan\u0131n kendini geli\u015ftirmesi i\u00e7in \u00fcniversite e\u011fitimi \u015fart m\u0131d\u0131r, de\u011fil midir?<br \/>\nSigara yasa\u011f\u0131 do\u011fru mudur, yanl\u0131\u015f m\u0131?<br \/>\nHidroelektrik santraller gerekli midir, gereksiz mi?<br \/>\n\u0130nsan m\u0131 do\u011faya, do\u011fa m\u0131 insana hakimdir?<br \/>\nUygarl\u0131\u011f\u0131n geli\u015fmesinde sanat m\u0131 bilim mi \u00f6nemlidir?<br \/>\nE\u011fitimde aile mi, okul mu daha \u00f6nemlidir?<br \/>\nOrmanlar\u0131n korunmas\u0131nda yasalar m\u0131, \u00e7evre bilinci mi daha etkilidir?<br \/>\n\u0130nsan\u0131 su\u00e7a y\u00f6nelten toplum mudur, kendisi mi?<br \/>\nH\u0131zl\u0131 kalk\u0131nmada kamuya m\u0131 \u00f6zel sekt\u00f6re mi daha \u00e7ok g\u00f6rev d\u00fc\u015fer?<br \/>\nMedya m\u0131 toplumu y\u00f6nlendirir, toplum mu medyay\u0131?<br \/>\nBilgisayar \u00f6\u011fretmenin yerini alabilir mi alamaz m\u0131? (Bunlar\u0131n d\u0131\u015f\u0131nda herhangi bir konu)<\/p>\n<\/div>\n","protected":false},"excerpt":{"rendered":"<p>Sunum konular\u0131 Leave a reply SUNUM KONULARI I) S\u00f6zl\u00fc anlat\u0131m t\u00fcrleri: \u00d6\u011frenci\/ler istedikleri bir konuyu se\u00e7tikleri s\u00f6zl\u00fc anlat\u0131m t\u00fcr\u00fcn\u00fcn \u00f6zelliklerine uygun olarak anlat\u0131rlar. A) Grup sunumlar\u0131: A\u00e7\u0131k oturum, panel, forum: Konu\u015fmac\u0131 say\u0131s\u0131: 3 veya 4 ki\u015fi Sempozyum: Konu\u015fmac\u0131 say\u0131s\u0131: 3 veya 4 ki\u015fi M\u00fcl\u00e2kat, s\u00f6yle\u015fi: Konu\u015fmac\u0131 say\u0131s\u0131: 2 ki\u015fi M\u00fcnazara: Konu\u015fmac\u0131 say\u0131s\u0131: 2 veya 3 [&hellip;]<\/p>\n","protected":false},"author":1140,"featured_media":0,"parent":0,"menu_order":0,"comment_status":"open","ping_status":"open","template":"","meta":{"footnotes":"","_links_to":"","_links_to_target":""},"class_list":["post-48","page","type-page","status-publish","hentry"],"_links":{"self":[{"href":"https:\/\/blog.metu.edu.tr\/yisibel\/wp-json\/wp\/v2\/pages\/48","targetHints":{"allow":["GET"]}}],"collection":[{"href":"https:\/\/blog.metu.edu.tr\/yisibel\/wp-json\/wp\/v2\/pages"}],"about":[{"href":"https:\/\/blog.metu.edu.tr\/yisibel\/wp-json\/wp\/v2\/types\/page"}],"author":[{"embeddable":true,"href":"https:\/\/blog.metu.edu.tr\/yisibel\/wp-json\/wp\/v2\/users\/1140"}],"replies":[{"embeddable":true,"href":"https:\/\/blog.metu.edu.tr\/yisibel\/wp-json\/wp\/v2\/comments?post=48"}],"version-history":[{"count":0,"href":"https:\/\/blog.metu.edu.tr\/yisibel\/wp-json\/wp\/v2\/pages\/48\/revisions"}],"wp:attachment":[{"href":"https:\/\/blog.metu.edu.tr\/yisibel\/wp-json\/wp\/v2\/media?parent=48"}],"curies":[{"name":"wp","href":"https:\/\/api.w.org\/{rel}","templated":true}]}}