{"id":134,"date":"2014-11-30T15:41:13","date_gmt":"2014-11-30T15:41:13","guid":{"rendered":"http:\/\/blog.metu.edu.tr\/yisibel\/?page_id=134"},"modified":"2014-11-30T15:41:13","modified_gmt":"2014-11-30T15:41:13","slug":"okumamak-icin-gerekceler","status":"publish","type":"page","link":"https:\/\/blog.metu.edu.tr\/yisibel\/edebiyat\/okumamak-icin-gerekceler\/","title":{"rendered":"Okumamak \u0130\u00e7in Gerek\u00e7eler"},"content":{"rendered":"<p>Yaz\u0131lar\u0131n\u0131 ilgiyle takip etti\u011fim Sel\u00e7uk Orhan, okumay\u0131 bir al\u0131\u015fkanl\u0131k ve gereklilik olarak g\u00f6rmeyenlerin ba\u015fvuraca\u011f\u0131 okumama gerek\u00e7elerini bir bir \u00f6zetlemi\u015f Afili Filintalar&#8217;daki yaz\u0131s\u0131nda. Bu yaz\u0131, edebiyat metnini yazar\u0131n ki\u015fili\u011finden ve ideolojisinden ayr\u0131 olarak de\u011ferlendirmemiz gerekti\u011fini de bir kez daha hat\u0131rlat\u0131yor bize.<\/p>\n<p>http:\/\/www.afilifilintalar.com\/okumamak-icin-gerekceler<\/p>\n","protected":false},"excerpt":{"rendered":"<p>Yaz\u0131lar\u0131n\u0131 ilgiyle takip etti\u011fim Sel\u00e7uk Orhan, okumay\u0131 bir al\u0131\u015fkanl\u0131k ve gereklilik olarak g\u00f6rmeyenlerin ba\u015fvuraca\u011f\u0131 okumama gerek\u00e7elerini bir bir \u00f6zetlemi\u015f Afili Filintalar&#8217;daki yaz\u0131s\u0131nda. Bu yaz\u0131, edebiyat metnini yazar\u0131n ki\u015fili\u011finden ve ideolojisinden ayr\u0131 olarak de\u011ferlendirmemiz gerekti\u011fini de bir kez daha hat\u0131rlat\u0131yor bize. http:\/\/www.afilifilintalar.com\/okumamak-icin-gerekceler<\/p>\n","protected":false},"author":1140,"featured_media":0,"parent":83,"menu_order":4,"comment_status":"open","ping_status":"open","template":"","meta":{"footnotes":"","_links_to":"","_links_to_target":""},"class_list":["post-134","page","type-page","status-publish","hentry"],"_links":{"self":[{"href":"https:\/\/blog.metu.edu.tr\/yisibel\/wp-json\/wp\/v2\/pages\/134","targetHints":{"allow":["GET"]}}],"collection":[{"href":"https:\/\/blog.metu.edu.tr\/yisibel\/wp-json\/wp\/v2\/pages"}],"about":[{"href":"https:\/\/blog.metu.edu.tr\/yisibel\/wp-json\/wp\/v2\/types\/page"}],"author":[{"embeddable":true,"href":"https:\/\/blog.metu.edu.tr\/yisibel\/wp-json\/wp\/v2\/users\/1140"}],"replies":[{"embeddable":true,"href":"https:\/\/blog.metu.edu.tr\/yisibel\/wp-json\/wp\/v2\/comments?post=134"}],"version-history":[{"count":0,"href":"https:\/\/blog.metu.edu.tr\/yisibel\/wp-json\/wp\/v2\/pages\/134\/revisions"}],"up":[{"embeddable":true,"href":"https:\/\/blog.metu.edu.tr\/yisibel\/wp-json\/wp\/v2\/pages\/83"}],"wp:attachment":[{"href":"https:\/\/blog.metu.edu.tr\/yisibel\/wp-json\/wp\/v2\/media?parent=134"}],"curies":[{"name":"wp","href":"https:\/\/api.w.org\/{rel}","templated":true}]}}