{"id":128,"date":"2014-02-27T16:45:09","date_gmt":"2014-02-27T16:45:09","guid":{"rendered":"http:\/\/blog.metu.edu.tr\/yisibel\/?page_id=128"},"modified":"2014-02-27T16:45:09","modified_gmt":"2014-02-27T16:45:09","slug":"utopya-ve-distopya-edebiyati-kitaplari","status":"publish","type":"page","link":"https:\/\/blog.metu.edu.tr\/yisibel\/okumalik\/utopya-ve-distopya-edebiyati-kitaplari\/","title":{"rendered":"\u00dctopya ve Distopya Edebiyat\u0131 Kitaplar\u0131"},"content":{"rendered":"<table width=\"634\" border=\"1\" cellspacing=\"0\" cellpadding=\"0\">\n<tbody>\n<tr>\n<td valign=\"top\" width=\"634\">Thomas More, \u00dctopya<\/p>\n<p>Tommaso Campanella, G\u00fcne\u015f \u00dclkesi<\/p>\n<p>Yevgeni Zamyatin, Biz<\/p>\n<p>Aldous Huxley, Cesur Yeni D\u00fcnya<\/p>\n<p>Aldosuz Huxley, Ada<\/p>\n<p>Francis Bacon, Yeni Atlantis<\/p>\n<p>George Orwell, Hayvan \u00c7iftli\u011fi<\/p>\n<p>George Orwell, Bin Dokuz Y\u00fcz Seksen D\u00f6rt<\/p>\n<p>Ray Bradbury, Fahrenheit 451<\/p>\n<p>Jack London, Demir \u00d6k\u00e7e<\/p>\n<p>Buket Uzuner, Bal\u0131k \u0130zlerinin Sesi<\/p>\n<p>Oya Baydar, \u00c7\u00f6pl\u00fc\u011f\u00fcn Generali<\/p>\n<p>Cem Aka\u015f, Olgunluk \u00c7a\u011f\u0131 \u00dc\u00e7lemesi<\/p>\n<p>Z\u00fcht\u00fc Bayar, Sahte Uygarl\u0131k<\/p>\n<p>Yakup Kadri, Ankara<\/p>\n<p>Peyami Safa, Yaln\u0131z\u0131z<\/p>\n<p>G\u00fclay\u015fe Ko\u00e7ak, Topa\u00e7<\/p>\n<p>Ursula K. Le Guin, M\u00fclks\u00fczler<\/p>\n<p>Marge Piercy, Zaman\u0131n K\u0131y\u0131s\u0131ndaki Kad\u0131n<\/p>\n<p>William Golding, Sineklerin Tanr\u0131s\u0131<\/p>\n<p>Anthony Burgess, Otomatik Portakal<\/p>\n<p>Suzanne Collins, A\u00e7l\u0131k Oyunlar\u0131<\/p>\n<p>Latife Tekin, Unutma Bah\u00e7esi<\/p>\n<p>Mehmet A\u00e7ar, Siyah Hat\u0131ralar Denizi<\/p>\n<p>Daha ayr\u0131nt\u0131l\u0131 bir liste i\u00e7in bak\u0131n\u0131z:\u00a0http:\/\/www.notosoloji.com\/distopya-ve-utopya-kitaplari\/<\/td>\n<\/tr>\n<\/tbody>\n<\/table>\n","protected":false},"excerpt":{"rendered":"<p>Thomas More, \u00dctopya Tommaso Campanella, G\u00fcne\u015f \u00dclkesi Yevgeni Zamyatin, Biz Aldous Huxley, Cesur Yeni D\u00fcnya Aldosuz Huxley, Ada Francis Bacon, Yeni Atlantis George Orwell, Hayvan \u00c7iftli\u011fi George Orwell, Bin Dokuz Y\u00fcz Seksen D\u00f6rt Ray Bradbury, Fahrenheit 451 Jack London, Demir \u00d6k\u00e7e Buket Uzuner, Bal\u0131k \u0130zlerinin Sesi Oya Baydar, \u00c7\u00f6pl\u00fc\u011f\u00fcn Generali Cem Aka\u015f, Olgunluk \u00c7a\u011f\u0131 \u00dc\u00e7lemesi [&hellip;]<\/p>\n","protected":false},"author":1140,"featured_media":0,"parent":52,"menu_order":3,"comment_status":"open","ping_status":"open","template":"","meta":{"footnotes":"","_links_to":"","_links_to_target":""},"class_list":["post-128","page","type-page","status-publish","hentry"],"_links":{"self":[{"href":"https:\/\/blog.metu.edu.tr\/yisibel\/wp-json\/wp\/v2\/pages\/128","targetHints":{"allow":["GET"]}}],"collection":[{"href":"https:\/\/blog.metu.edu.tr\/yisibel\/wp-json\/wp\/v2\/pages"}],"about":[{"href":"https:\/\/blog.metu.edu.tr\/yisibel\/wp-json\/wp\/v2\/types\/page"}],"author":[{"embeddable":true,"href":"https:\/\/blog.metu.edu.tr\/yisibel\/wp-json\/wp\/v2\/users\/1140"}],"replies":[{"embeddable":true,"href":"https:\/\/blog.metu.edu.tr\/yisibel\/wp-json\/wp\/v2\/comments?post=128"}],"version-history":[{"count":0,"href":"https:\/\/blog.metu.edu.tr\/yisibel\/wp-json\/wp\/v2\/pages\/128\/revisions"}],"up":[{"embeddable":true,"href":"https:\/\/blog.metu.edu.tr\/yisibel\/wp-json\/wp\/v2\/pages\/52"}],"wp:attachment":[{"href":"https:\/\/blog.metu.edu.tr\/yisibel\/wp-json\/wp\/v2\/media?parent=128"}],"curies":[{"name":"wp","href":"https:\/\/api.w.org\/{rel}","templated":true}]}}