{"id":109,"date":"2013-10-01T19:42:47","date_gmt":"2013-10-01T19:42:47","guid":{"rendered":"http:\/\/blog.metu.edu.tr\/yisibel\/?page_id=109"},"modified":"2013-10-01T19:42:47","modified_gmt":"2013-10-01T19:42:47","slug":"distopya-edebiyati","status":"publish","type":"page","link":"https:\/\/blog.metu.edu.tr\/yisibel\/okumalik\/distopya-edebiyati\/","title":{"rendered":"Distopya Edebiyat\u0131"},"content":{"rendered":"<p>Distopya\/ kar\u015f\u0131 \u00fctopya, otoriter\/ totaliter rejimlerin insanlar \u00fczerinde kurdu\u011fu bask\u0131y\u0131 anlatan bir edebiyat t\u00fcr\u00fcd\u00fcr. Bu t\u00fcr\u00fcn en iyi kitaplar\u0131yla ilgili bir listeyi a\u015fa\u011f\u0131daki linkte bulabilirsiniz:<\/p>\n<p><a href=\"http:\/\/www.notosoloji.com\/promotion\/distopya-edebiyati-kitaplari-seckisi-ilk-10\/\">http:\/\/www.notosoloji.com\/promotion\/distopya-edebiyati-kitaplari-seckisi-ilk-10\/<\/a><\/p>\n","protected":false},"excerpt":{"rendered":"<p>Distopya\/ kar\u015f\u0131 \u00fctopya, otoriter\/ totaliter rejimlerin insanlar \u00fczerinde kurdu\u011fu bask\u0131y\u0131 anlatan bir edebiyat t\u00fcr\u00fcd\u00fcr. Bu t\u00fcr\u00fcn en iyi kitaplar\u0131yla ilgili bir listeyi a\u015fa\u011f\u0131daki linkte bulabilirsiniz: http:\/\/www.notosoloji.com\/promotion\/distopya-edebiyati-kitaplari-seckisi-ilk-10\/<\/p>\n","protected":false},"author":1140,"featured_media":0,"parent":52,"menu_order":0,"comment_status":"open","ping_status":"open","template":"","meta":{"footnotes":"","_links_to":"","_links_to_target":""},"class_list":["post-109","page","type-page","status-publish","hentry"],"_links":{"self":[{"href":"https:\/\/blog.metu.edu.tr\/yisibel\/wp-json\/wp\/v2\/pages\/109","targetHints":{"allow":["GET"]}}],"collection":[{"href":"https:\/\/blog.metu.edu.tr\/yisibel\/wp-json\/wp\/v2\/pages"}],"about":[{"href":"https:\/\/blog.metu.edu.tr\/yisibel\/wp-json\/wp\/v2\/types\/page"}],"author":[{"embeddable":true,"href":"https:\/\/blog.metu.edu.tr\/yisibel\/wp-json\/wp\/v2\/users\/1140"}],"replies":[{"embeddable":true,"href":"https:\/\/blog.metu.edu.tr\/yisibel\/wp-json\/wp\/v2\/comments?post=109"}],"version-history":[{"count":0,"href":"https:\/\/blog.metu.edu.tr\/yisibel\/wp-json\/wp\/v2\/pages\/109\/revisions"}],"up":[{"embeddable":true,"href":"https:\/\/blog.metu.edu.tr\/yisibel\/wp-json\/wp\/v2\/pages\/52"}],"wp:attachment":[{"href":"https:\/\/blog.metu.edu.tr\/yisibel\/wp-json\/wp\/v2\/media?parent=109"}],"curies":[{"name":"wp","href":"https:\/\/api.w.org\/{rel}","templated":true}]}}