{"id":107,"date":"2013-09-22T18:32:37","date_gmt":"2013-09-22T18:32:37","guid":{"rendered":"http:\/\/blog.metu.edu.tr\/yisibel\/?page_id=107"},"modified":"2014-09-22T08:36:25","modified_gmt":"2014-09-22T08:36:25","slug":"sunum-konulari-i","status":"publish","type":"page","link":"https:\/\/blog.metu.edu.tr\/yisibel\/ders-notlari\/sunum-konulari-i\/","title":{"rendered":"Sunum Konusu \u0130\u00e7in \u00d6neriler I"},"content":{"rendered":"<p><b>\u00a0<\/b><\/p>\n<ol start=\"1\">\n<li>Dille ilgili herhangi bir konu: Argo, reklam dili, internet dili, Orhun Abideleri, yapay diller&#8230;<\/li>\n<li>Kitap incelemesi<\/li>\n<li>Sosyal ve g\u00fcncel bir konu<\/li>\n<li>Eski medeniyetler: M\u0131s\u0131r, Yunan, Latin, Maya, \u0130nka, Aztekler<\/li>\n<li>Yok olan k\u00fclt\u00fcrler ve diller<\/li>\n<li>\u00a0Mitoloji: Yunan, T\u00fcrk, \u0130skandinav\u2026<\/li>\n<li>Nobel \u00f6d\u00fclleri<\/li>\n<li>Edebiyat: Fantastik edebiyat, \u0130kinci Yeni&#8230;<\/li>\n<li>Efsaneler: Odt\u00fc efsaneleri, Anadolu efsaneleri&#8230;<\/li>\n<li>Oryantalizm<\/li>\n<li>M\u00fczik: Rock tarihi, caz ve blues tarihi, T\u00fcrk sanat m\u00fczi\u011finde makamlar &#8230;<\/li>\n<li>Tiyatro: geleneksel T\u00fcrk tiyatrosu, tiyatro t\u00fcrleri ya da ak\u0131mlar\u0131.<\/li>\n<li>Modernizm<\/li>\n<li>Postmodernizm<\/li>\n<li>\u0130kinci D\u00fcnya Sava\u015f\u0131<\/li>\n<li>\u00a0Sinema: Kara film, Fatih Ak\u0131n, fantastik sinema..<\/li>\n<li>Osmanl\u0131 tarihi: Harem, padi\u015fahlar\u0131n e\u011fitimi&#8230;<\/li>\n<li>K\u00f6y enstit\u00fcleri<\/li>\n<li>\u00dctopya ve distopyalar<\/li>\n<li>Psikanaliz<\/li>\n<li>Bir ressam ya da resim ak\u0131m\u0131: Dali, Picasso, k\u00fcbizm&#8230;<\/li>\n<li>D\u00fcnya tarihinde ilkler<\/li>\n<li>Felsefe<\/li>\n<li>\u015eamanizm<\/li>\n<li>Farkl\u0131 k\u00fclt\u00fcrlerde su, ate\u015f ve topra\u011fa dair inan\u0131\u015flar<\/li>\n<li>Varolu\u015f\u00e7uluk<\/li>\n<li>Ki\u015fisel geli\u015fim<\/li>\n<li>Gelece\u011fin meslekleri ya da yeni bilim dallar\u0131<\/li>\n<li>Yazar ya da \u015fair biyografileri: Cemal S\u00fcreya, Can Y\u00fccel&#8230;<\/li>\n<li>\u00dcnl\u00fc ki\u015filerin biyografileri: II. Abd\u00fclhamit, Hitler, Frida Kahlo&#8230;<\/li>\n<li>K\u00fcresel \u0131s\u0131nma, \u00e7evre sorunlar\u0131 vb.<\/li>\n<li>Karikat\u00fcr<\/li>\n<li>Mizah, kara mizah<\/li>\n<li>Graffiti ve sokak sanat\u0131<\/li>\n<li>Mimari<\/li>\n<li>\u00c7izgi filmler<\/li>\n<li>Psikoloji<\/li>\n<li>Sosyololoji<\/li>\n<li>S\u00fcrd\u00fcr\u00fclebilirlik<\/li>\n<li>Foto\u011fraf<\/li>\n<li>T\u00fcrk\u00fc ve deyimlerin hik\u00e2yeleri<\/li>\n<li>Yapay zek\u00e2<\/li>\n<li>Bilimsel paradokslar<\/li>\n<li>\u00dclke ve \u015fehirler: Beyrut, \u0130spanya&#8230;<\/li>\n<li>Farkl\u0131 sanat dallar\u0131: Ebru sanat\u0131<\/li>\n<li>Bilimsel ara\u015ft\u0131rmalar ve projeler: PISA sonu\u00e7lar\u0131 vb.<\/li>\n<li>Pop\u00fcler k\u00fclt\u00fcr ve unsurlar\u0131<\/li>\n<\/ol>\n<p>** Sunum konular\u0131 <span style=\"text-decoration: underline\">dil, edebiyat, sanat<\/span> ve <span style=\"text-decoration: underline\">k\u00fclt\u00fcr<\/span>\u00a0\u00fcst ba\u015fl\u0131klar\u0131n\u0131 i\u00e7eren konularla ilgili olmal\u0131d\u0131r.<\/p>\n<p>&nbsp;<\/p>\n<p>&nbsp;<\/p>\n<p>&nbsp;<\/p>\n<p>&nbsp;<\/p>\n<p>&nbsp;<\/p>\n<p>&nbsp;<\/p>\n","protected":false},"excerpt":{"rendered":"<p>\u00a0 Dille ilgili herhangi bir konu: Argo, reklam dili, internet dili, Orhun Abideleri, yapay diller&#8230; Kitap incelemesi Sosyal ve g\u00fcncel bir konu Eski medeniyetler: M\u0131s\u0131r, Yunan, Latin, Maya, \u0130nka, Aztekler Yok olan k\u00fclt\u00fcrler ve diller \u00a0Mitoloji: Yunan, T\u00fcrk, \u0130skandinav\u2026 Nobel \u00f6d\u00fclleri Edebiyat: Fantastik edebiyat, \u0130kinci Yeni&#8230; Efsaneler: Odt\u00fc efsaneleri, Anadolu efsaneleri&#8230; Oryantalizm M\u00fczik: Rock tarihi, [&hellip;]<\/p>\n","protected":false},"author":1140,"featured_media":0,"parent":48,"menu_order":0,"comment_status":"open","ping_status":"open","template":"","meta":{"footnotes":"","_links_to":"","_links_to_target":""},"class_list":["post-107","page","type-page","status-publish","hentry"],"_links":{"self":[{"href":"https:\/\/blog.metu.edu.tr\/yisibel\/wp-json\/wp\/v2\/pages\/107","targetHints":{"allow":["GET"]}}],"collection":[{"href":"https:\/\/blog.metu.edu.tr\/yisibel\/wp-json\/wp\/v2\/pages"}],"about":[{"href":"https:\/\/blog.metu.edu.tr\/yisibel\/wp-json\/wp\/v2\/types\/page"}],"author":[{"embeddable":true,"href":"https:\/\/blog.metu.edu.tr\/yisibel\/wp-json\/wp\/v2\/users\/1140"}],"replies":[{"embeddable":true,"href":"https:\/\/blog.metu.edu.tr\/yisibel\/wp-json\/wp\/v2\/comments?post=107"}],"version-history":[{"count":0,"href":"https:\/\/blog.metu.edu.tr\/yisibel\/wp-json\/wp\/v2\/pages\/107\/revisions"}],"up":[{"embeddable":true,"href":"https:\/\/blog.metu.edu.tr\/yisibel\/wp-json\/wp\/v2\/pages\/48"}],"wp:attachment":[{"href":"https:\/\/blog.metu.edu.tr\/yisibel\/wp-json\/wp\/v2\/media?parent=107"}],"curies":[{"name":"wp","href":"https:\/\/api.w.org\/{rel}","templated":true}]}}