{"id":100,"date":"2013-09-22T11:59:13","date_gmt":"2013-09-22T11:59:13","guid":{"rendered":"http:\/\/blog.metu.edu.tr\/yisibel\/?page_id=100"},"modified":"2013-09-22T11:59:13","modified_gmt":"2013-09-22T11:59:13","slug":"sokak-sanati-2","status":"publish","type":"page","link":"https:\/\/blog.metu.edu.tr\/yisibel\/tavsiyeler\/sokak-sanati-2\/","title":{"rendered":"Sokak Sanat\u0131"},"content":{"rendered":"<p>E\u011fer siz de sokak sanat\u0131yla ilgileniyorsan\u0131z a\u015fa\u011f\u0131daki yaz\u0131ya g\u00f6z atabilirsiniz:<\/p>\n<p><a href=\"http:\/\/egoistokur.com\/sokak-sanati\/\">http:\/\/egoistokur.com\/sokak-sanati\/<\/a><\/p>\n","protected":false},"excerpt":{"rendered":"<p>E\u011fer siz de sokak sanat\u0131yla ilgileniyorsan\u0131z a\u015fa\u011f\u0131daki yaz\u0131ya g\u00f6z atabilirsiniz: http:\/\/egoistokur.com\/sokak-sanati\/<\/p>\n","protected":false},"author":1140,"featured_media":0,"parent":84,"menu_order":0,"comment_status":"open","ping_status":"open","template":"","meta":{"footnotes":"","_links_to":"","_links_to_target":""},"class_list":["post-100","page","type-page","status-publish","hentry"],"_links":{"self":[{"href":"https:\/\/blog.metu.edu.tr\/yisibel\/wp-json\/wp\/v2\/pages\/100","targetHints":{"allow":["GET"]}}],"collection":[{"href":"https:\/\/blog.metu.edu.tr\/yisibel\/wp-json\/wp\/v2\/pages"}],"about":[{"href":"https:\/\/blog.metu.edu.tr\/yisibel\/wp-json\/wp\/v2\/types\/page"}],"author":[{"embeddable":true,"href":"https:\/\/blog.metu.edu.tr\/yisibel\/wp-json\/wp\/v2\/users\/1140"}],"replies":[{"embeddable":true,"href":"https:\/\/blog.metu.edu.tr\/yisibel\/wp-json\/wp\/v2\/comments?post=100"}],"version-history":[{"count":0,"href":"https:\/\/blog.metu.edu.tr\/yisibel\/wp-json\/wp\/v2\/pages\/100\/revisions"}],"up":[{"embeddable":true,"href":"https:\/\/blog.metu.edu.tr\/yisibel\/wp-json\/wp\/v2\/pages\/84"}],"wp:attachment":[{"href":"https:\/\/blog.metu.edu.tr\/yisibel\/wp-json\/wp\/v2\/media?parent=100"}],"curies":[{"name":"wp","href":"https:\/\/api.w.org\/{rel}","templated":true}]}}