{"id":2,"date":"2012-11-15T12:26:12","date_gmt":"2012-11-15T12:26:12","guid":{"rendered":"http:\/\/blog.metu.edu.tr\/wwwtest\/?page_id=2"},"modified":"2013-03-13T15:04:14","modified_gmt":"2013-03-13T13:04:14","slug":"genel-bilgiler","status":"publish","type":"page","link":"https:\/\/blog.metu.edu.tr\/wwwtest\/genel-bilgiler\/","title":{"rendered":"Genel Bilgiler"},"content":{"rendered":"<p><strong>T\u00dcRK\u0130YE&#8217;N\u0130N EN MODERN K\u00dcLT\u00dcR VE KONGRE MERKEZ\u0130<\/strong><\/p>\n<p>Teknolojinin t\u00fcm yeniliklerini bir araya getiren ODT\u00dc K\u00fclt\u00fcr ve Kongre Merkezi her t\u00fcrl\u00fc ulusal ve uluslararas\u0131 kongre, seminer, toplant\u0131, konferans ve k\u00fclt\u00fcrel etkinli\u011fin d\u00fczenlenmesine olanak sa\u011flayacak bi\u00e7imde tasarlanm\u0131\u015ft\u0131r. Kullan\u0131m a\u00e7\u0131s\u0131ndan m\u00fckemmel bir mimariye ve teknik alt yap\u0131ya sahip olan Merkez, dokuz salon, iki fuaye, bir restoran ve destek hizmet birimlerinden olu\u015fmaktad\u0131r. \u00c7esitli birimleri ile d\u0131\u015far\u0131dan hizmet almadan t\u00fcm i\u015fleyi\u015fini kendi i\u00e7inde sa\u011flayabilen Merkez, ODT\u00dc yerle\u015fkesinin zengin olanaklar\u0131ndan da yararlanmaktad\u0131r.<\/p>\n<p><strong>ODT\u00dc K\u00fclt\u00fcr ve Kongre Merkezi&#8217;nde d\u00fczenlenen t\u00fcm kongre, konferans, seminer ve toplant\u0131larda kat\u0131l\u0131mc\u0131lara sa\u011flanan olanaklar:<\/strong><\/p>\n<ul>\n<li>Sunum teknik ara\u00e7lar\u0131<\/li>\n<li>Seslendirme ara\u00e7lar\u0131<\/li>\n<li>Datashow ile Merkez genelinde g\u00f6r\u00fcnt\u00fc aktar\u0131m\u0131<\/li>\n<li>Video kay\u0131t ve canl\u0131 yay\u0131n sistemi<\/li>\n<li>Ses kay\u0131t ve canl\u0131 yay\u0131n sistemi<\/li>\n<li>Kapal\u0131 devre Tv yay\u0131n\u0131<\/li>\n<li>\u0130nternet ba\u011flant\u0131s\u0131 ve video konferans<\/li>\n<li>Sekreterlik hizmetleri<\/li>\n<li>Faks-telefon-fotokopi ve bilgisayar sistemi<\/li>\n<li>Yiyecek &#8211; \u0130\u00e7ecek servisi<\/li>\n<li>Konaklama<\/li>\n<li>Otel ve u\u00e7ak rezervasyonlar\u0131<\/li>\n<li>Havaalan\u0131 transferleri<\/li>\n<li>Oto kiralama<\/li>\n<li>\u015eehir i\u00e7i ve \u015fehir d\u0131s\u0131 turlar<\/li>\n<li>Ula\u015f\u0131m hizmetleri<\/li>\n<li>Al\u0131\u015f veri\u015f merkezi<\/li>\n<li>Sa\u011fl\u0131k ve Rehberlik Merkezi<\/li>\n<li>Spor tesisleri<\/li>\n<li>K\u00fct\u00fcphane<\/li>\n<li>M\u00fcze<\/li>\n<li>A\u00e7\u0131k hava amfisi<\/li>\n<\/ul>\n","protected":false},"excerpt":{"rendered":"<p>T\u00dcRK\u0130YE&#8217;N\u0130N EN MODERN K\u00dcLT\u00dcR VE KONGRE MERKEZ\u0130 Teknolojinin t\u00fcm yeniliklerini bir araya getiren ODT\u00dc K\u00fclt\u00fcr ve Kongre Merkezi her t\u00fcrl\u00fc ulusal ve uluslararas\u0131 kongre, seminer, toplant\u0131, konferans ve k\u00fclt\u00fcrel etkinli\u011fin [&hellip;]<\/p>\n","protected":false},"author":1068,"featured_media":0,"parent":0,"menu_order":0,"comment_status":"open","ping_status":"open","template":"","meta":{"footnotes":"","_links_to":"","_links_to_target":""},"class_list":["post-2","page","type-page","status-publish","hentry"],"_links":{"self":[{"href":"https:\/\/blog.metu.edu.tr\/wwwtest\/wp-json\/wp\/v2\/pages\/2","targetHints":{"allow":["GET"]}}],"collection":[{"href":"https:\/\/blog.metu.edu.tr\/wwwtest\/wp-json\/wp\/v2\/pages"}],"about":[{"href":"https:\/\/blog.metu.edu.tr\/wwwtest\/wp-json\/wp\/v2\/types\/page"}],"author":[{"embeddable":true,"href":"https:\/\/blog.metu.edu.tr\/wwwtest\/wp-json\/wp\/v2\/users\/1068"}],"replies":[{"embeddable":true,"href":"https:\/\/blog.metu.edu.tr\/wwwtest\/wp-json\/wp\/v2\/comments?post=2"}],"version-history":[{"count":0,"href":"https:\/\/blog.metu.edu.tr\/wwwtest\/wp-json\/wp\/v2\/pages\/2\/revisions"}],"wp:attachment":[{"href":"https:\/\/blog.metu.edu.tr\/wwwtest\/wp-json\/wp\/v2\/media?parent=2"}],"curies":[{"name":"wp","href":"https:\/\/api.w.org\/{rel}","templated":true}]}}