{"id":9,"date":"2015-07-20T22:07:31","date_gmt":"2015-07-20T19:07:31","guid":{"rendered":"http:\/\/blog.metu.edu.tr\/wwwmtr\/?page_id=9"},"modified":"2017-03-21T00:26:44","modified_gmt":"2017-03-20T21:26:44","slug":"archive","status":"publish","type":"page","link":"https:\/\/blog.metu.edu.tr\/wwwmtr\/archive\/","title":{"rendered":"Archive"},"content":{"rendered":"<h2>You can access the earlier volumes from the list below.<\/h2>\n<p><img loading=\"lazy\" decoding=\"async\" class=\"wp-image-35 size-medium alignnone\" src=\"http:\/\/matter.mete.metu.edu.tr\/files\/2015\/07\/COVER2015-232x300.png\" alt=\"COVER2015\" width=\"232\" height=\"300\" srcset=\"https:\/\/blog.metu.edu.tr\/wwwmtr\/files\/2015\/07\/COVER2015-232x300.png 232w, https:\/\/blog.metu.edu.tr\/wwwmtr\/files\/2015\/07\/COVER2015-791x1024.png 791w, https:\/\/blog.metu.edu.tr\/wwwmtr\/files\/2015\/07\/COVER2015.png 816w\" sizes=\"auto, (max-width: 232px) 100vw, 232px\" \/><\/p>\n<p>MATTER Volume: 2 Issue: 1 <a href=\"http:\/\/dergipark.ulakbim.gov.tr\/matter\/issue\/download\/5000014587\/5000003812\">pdf<\/a><\/p>\n<h3><\/h3>\n<h3>Table of Contents<\/h3>\n<h4 class=\"tocSectionTitle\">Articles<\/h4>\n<table class=\"tocArticle\" width=\"100%\">\n<tbody>\n<tr valign=\"top\">\n<td class=\"tocTitle\"><a href=\"http:\/\/dergipark.ulakbim.gov.tr\/matter\/article\/view\/5000153765\">BUILDING A HOMEMADE 3D PRINTER<\/a><\/td>\n<td class=\"tocGalleys\"><a class=\"file myClassForMoreLink\" href=\"http:\/\/dergipark.ulakbim.gov.tr\/matter\/article\/view\/5000153765\/5000139075\">PDF<\/a><\/td>\n<\/tr>\n<tr>\n<td class=\"tocAuthors\">Baran Tunc<\/td>\n<td class=\"tocPages myClassForMoreLink\"><\/td>\n<\/tr>\n<\/tbody>\n<\/table>\n<table class=\"tocArticle\" width=\"100%\">\n<tbody>\n<tr valign=\"top\">\n<td class=\"tocTitle\"><a href=\"http:\/\/dergipark.ulakbim.gov.tr\/matter\/article\/view\/5000153768\">CARBON ENCAPSULATION OF MAGNESIUM POWDERS<\/a><\/td>\n<td class=\"tocGalleys\"><a class=\"file myClassForMoreLink\" href=\"http:\/\/dergipark.ulakbim.gov.tr\/matter\/article\/view\/5000153768\/5000139076\">PDF<\/a><\/td>\n<\/tr>\n<tr>\n<td class=\"tocAuthors\">Cavit Ey\u00f6vge<\/td>\n<td class=\"tocPages myClassForMoreLink\"><\/td>\n<\/tr>\n<\/tbody>\n<\/table>\n<table class=\"tocArticle\" width=\"100%\">\n<tbody>\n<tr valign=\"top\">\n<td class=\"tocTitle\"><a href=\"http:\/\/dergipark.ulakbim.gov.tr\/matter\/article\/view\/5000153769\">EXPERIMENTAL DETERMINATION OF THE STRESS INTENSITY FACTOR USING PHOTOELASTICITY<\/a><\/td>\n<td class=\"tocGalleys\"><a class=\"file myClassForMoreLink\" href=\"http:\/\/dergipark.ulakbim.gov.tr\/matter\/article\/view\/5000153769\/5000139077\">PDF<\/a><\/td>\n<\/tr>\n<tr>\n<td class=\"tocAuthors\">Waheedullah Taj<\/td>\n<td class=\"tocPages myClassForMoreLink\"><\/td>\n<\/tr>\n<\/tbody>\n<\/table>\n<table class=\"tocArticle\" width=\"100%\">\n<tbody>\n<tr valign=\"top\">\n<td class=\"tocTitle\"><a href=\"http:\/\/dergipark.ulakbim.gov.tr\/matter\/article\/view\/5000153770\">CARBON ENCAPSULATED METAL NANOPARTICLES VIA SPARK DISCHARGE GENERATOR<\/a><\/td>\n<td class=\"tocGalleys\"><a class=\"file myClassForMoreLink\" href=\"http:\/\/dergipark.ulakbim.gov.tr\/matter\/article\/view\/5000153770\/5000139078\">PDF<\/a><\/td>\n<\/tr>\n<tr>\n<td class=\"tocAuthors\">Pel\u0131n Livan<\/td>\n<td class=\"tocPages myClassForMoreLink\"><\/td>\n<\/tr>\n<\/tbody>\n<\/table>\n<table class=\"tocArticle\" width=\"100%\">\n<tbody>\n<tr valign=\"top\">\n<td class=\"tocTitle\"><a href=\"http:\/\/dergipark.ulakbim.gov.tr\/matter\/article\/view\/5000153771\">DETERMINATION OF STRESS INTENSITY FACTOR USING DIGITAL IMAGE CORRELATION METHOD<\/a><\/td>\n<td class=\"tocGalleys\"><a class=\"file myClassForMoreLink\" href=\"http:\/\/dergipark.ulakbim.gov.tr\/matter\/article\/view\/5000153771\/5000139079\">PDF<\/a><\/td>\n<\/tr>\n<tr>\n<td class=\"tocAuthors\">Burcu Ta\u015fdemir<\/td>\n<td class=\"tocPages myClassForMoreLink\"><\/td>\n<\/tr>\n<\/tbody>\n<\/table>\n<table class=\"tocArticle\" width=\"100%\">\n<tbody>\n<tr valign=\"top\">\n<td class=\"tocTitle\"><a href=\"http:\/\/dergipark.ulakbim.gov.tr\/matter\/article\/view\/5000153772\">SYNTHESIS OF COPPER NANOWIRES<\/a><\/td>\n<td class=\"tocGalleys\"><a class=\"file myClassForMoreLink\" href=\"http:\/\/dergipark.ulakbim.gov.tr\/matter\/article\/view\/5000153772\/5000139080\">PDF<\/a><\/td>\n<\/tr>\n<tr>\n<td class=\"tocAuthors\">Sevim Polat, Do\u011fancan Tigan<\/td>\n<td class=\"tocPages myClassForMoreLink\"><\/td>\n<\/tr>\n<\/tbody>\n<\/table>\n<table class=\"tocArticle\" width=\"100%\">\n<tbody>\n<tr valign=\"top\">\n<td class=\"tocTitle\"><a href=\"http:\/\/dergipark.ulakbim.gov.tr\/matter\/article\/view\/5000153773\">SYNTHESIS AND CHARACTERIZATION OF HDYROXYAPATITE \u03b2-TCP AND CDHAp NANOPARTICLES<\/a><\/td>\n<td class=\"tocGalleys\"><a class=\"file myClassForMoreLink\" href=\"http:\/\/dergipark.ulakbim.gov.tr\/matter\/article\/view\/5000153773\/5000139081\">PDF<\/a><\/td>\n<\/tr>\n<tr>\n<td class=\"tocAuthors\">Bersu Ba\u015ftu\u011f<\/td>\n<td class=\"tocPages myClassForMoreLink\"><\/td>\n<\/tr>\n<\/tbody>\n<\/table>\n<table class=\"tocArticle\" width=\"100%\">\n<tbody>\n<tr valign=\"top\">\n<td class=\"tocTitle\"><a href=\"http:\/\/dergipark.ulakbim.gov.tr\/matter\/article\/view\/5000153774\">MICROSTRUCTURE AND MECHANICAL PROPERTIES OF CP-TITANIUM (GRADE 4) IMPLANT MATERIALS<\/a><\/td>\n<td class=\"tocGalleys\"><a class=\"file myClassForMoreLink\" href=\"http:\/\/dergipark.ulakbim.gov.tr\/matter\/article\/view\/5000153774\/5000139082\">PDF<\/a><\/td>\n<\/tr>\n<tr>\n<td class=\"tocAuthors\">G\u00f6zden Torun<\/td>\n<td class=\"tocPages myClassForMoreLink\"><\/td>\n<\/tr>\n<\/tbody>\n<\/table>\n<table class=\"tocArticle\" width=\"100%\">\n<tbody>\n<tr valign=\"top\">\n<td class=\"tocTitle\"><a href=\"http:\/\/dergipark.ulakbim.gov.tr\/matter\/article\/view\/5000153775\">PEROVSKITE SOLAR CELLS (REVIEW ARTICLE)<\/a><\/td>\n<td class=\"tocGalleys\"><a class=\"file myClassForMoreLink\" href=\"http:\/\/dergipark.ulakbim.gov.tr\/matter\/article\/view\/5000153775\/5000139083\">PDF<\/a><\/td>\n<\/tr>\n<tr>\n<td class=\"tocAuthors\">Deniz Ahmet Benli<\/td>\n<td class=\"tocPages myClassForMoreLink\"><\/td>\n<\/tr>\n<\/tbody>\n<\/table>\n<table class=\"tocArticle\" width=\"100%\">\n<tbody>\n<tr valign=\"top\">\n<td class=\"tocTitle\"><a href=\"http:\/\/dergipark.ulakbim.gov.tr\/matter\/article\/view\/5000153776\">NON-DESTRUCTIVE INSPECTION OF GIRTH WELDS BY PHASED ARRAY AND TOFD METHODS<\/a><\/td>\n<td class=\"tocGalleys\"><a class=\"file myClassForMoreLink\" href=\"http:\/\/dergipark.ulakbim.gov.tr\/matter\/article\/view\/5000153776\/5000139084\">PDF<\/a><\/td>\n<\/tr>\n<tr>\n<td class=\"tocAuthors\">Mehmet \u00c7a\u011f\u0131r\u0131c\u0131<\/td>\n<td class=\"tocPages myClassForMoreLink\"><\/td>\n<\/tr>\n<\/tbody>\n<\/table>\n<table class=\"tocArticle\" width=\"100%\">\n<tbody>\n<tr valign=\"top\">\n<td class=\"tocTitle\"><a href=\"http:\/\/dergipark.ulakbim.gov.tr\/matter\/article\/view\/5000153777\">BIOMIMICRY BASED ON MATERIAL SCIENCE: THE INSPIRING ART FROM NATURE (REVIEW ARTICLE)<\/a><\/td>\n<td class=\"tocGalleys\"><a class=\"file myClassForMoreLink\" href=\"http:\/\/dergipark.ulakbim.gov.tr\/matter\/article\/view\/5000153777\/5000139085\">PDF<\/a><\/td>\n<\/tr>\n<tr>\n<td class=\"tocAuthors\">Can Okuyucu<\/td>\n<\/tr>\n<\/tbody>\n<\/table>\n<h2><\/h2>\n<h2><\/h2>\n<hr \/>\n<h2><\/h2>\n<h2><img loading=\"lazy\" decoding=\"async\" class=\"alignnone wp-image-5\" src=\"http:\/\/matter.mete.metu.edu.tr\/files\/2015\/07\/COVER-225x300.jpg\" alt=\"\" width=\"195\" height=\"260\" srcset=\"https:\/\/blog.metu.edu.tr\/wwwmtr\/files\/2015\/07\/COVER-225x300.jpg 225w, https:\/\/blog.metu.edu.tr\/wwwmtr\/files\/2015\/07\/COVER.jpg 720w\" sizes=\"auto, (max-width: 195px) 100vw, 195px\" \/><\/h2>\n<ul>\n<li class=\"auto-style2\"><a href=\"https:\/\/drive.google.com\/file\/d\/0B_TW-9JEd_xdWnlNTmk0TDY2d2s\/view?usp=sharing\" target=\"_blank\">Volume 1 &#8211; Issue 1<\/a>\u00a0PDF Version<\/li>\n<\/ul>\n<p>&nbsp;<\/p>\n<h3>Table of Contents<\/h3>\n<h4 class=\"tocSectionTitle\">Articles<\/h4>\n<table class=\"tocArticle\" width=\"100%\">\n<tbody>\n<tr valign=\"top\">\n<td class=\"tocTitle\"><a href=\"http:\/\/dergipark.ulakbim.gov.tr\/matter\/article\/view\/5000120390\">HYDROTHERMAL SYNTHESIS AND CHARACTERIZATION OF LiMnPO4 CATHODE MATERIALS<\/a><\/td>\n<td class=\"tocGalleys\"><a class=\"file myClassForMoreLink\" href=\"http:\/\/dergipark.ulakbim.gov.tr\/matter\/article\/view\/5000120390\/5000111066\">PDF<\/a><\/td>\n<\/tr>\n<tr>\n<td class=\"tocAuthors\">Bilen Akuzum<\/td>\n<td class=\"tocPages myClassForMoreLink\"><\/td>\n<\/tr>\n<\/tbody>\n<\/table>\n<table class=\"tocArticle\" width=\"100%\">\n<tbody>\n<tr valign=\"top\">\n<td class=\"tocTitle\"><a href=\"http:\/\/dergipark.ulakbim.gov.tr\/matter\/article\/view\/5000120392\">FABRICATION OF NANOPOROUS Ni VIA DEALLOYING OF ZINC-NICKEL COATINGS<\/a><\/td>\n<td class=\"tocGalleys\"><a class=\"file myClassForMoreLink\" href=\"http:\/\/dergipark.ulakbim.gov.tr\/matter\/article\/view\/5000120392\/5000111068\">PDF<\/a><\/td>\n<\/tr>\n<tr>\n<td class=\"tocAuthors\">Oturak Seda<\/td>\n<td class=\"tocPages myClassForMoreLink\"><\/td>\n<\/tr>\n<\/tbody>\n<\/table>\n<table class=\"tocArticle\" width=\"100%\">\n<tbody>\n<tr valign=\"top\">\n<td class=\"tocTitle\"><a href=\"http:\/\/dergipark.ulakbim.gov.tr\/matter\/article\/view\/5000120394\">SPARK DISCHARGE SYNTHESIS OF IRON OXIDE NANOPARTICLES<\/a><\/td>\n<td class=\"tocGalleys\"><a class=\"file myClassForMoreLink\" href=\"http:\/\/dergipark.ulakbim.gov.tr\/matter\/article\/view\/5000120394\/5000111070\">PDF<\/a><\/td>\n<\/tr>\n<tr>\n<td class=\"tocAuthors\">Onur Ezgi<\/td>\n<td class=\"tocPages myClassForMoreLink\"><\/td>\n<\/tr>\n<\/tbody>\n<\/table>\n<table class=\"tocArticle\" width=\"100%\">\n<tbody>\n<tr valign=\"top\">\n<td class=\"tocTitle\"><a href=\"http:\/\/dergipark.ulakbim.gov.tr\/matter\/article\/view\/5000120396\">THE MICROSTRUCTURAL EVOLUTION OF A5083 ALLOY DURING FRICTION STIR WELDING<\/a><\/td>\n<td class=\"tocGalleys\"><a class=\"file myClassForMoreLink\" href=\"http:\/\/dergipark.ulakbim.gov.tr\/matter\/article\/view\/5000120396\/5000111072\">PDF<\/a><\/td>\n<\/tr>\n<tr>\n<td class=\"tocAuthors\">Varsavas Sakine Deniz<\/td>\n<td class=\"tocPages myClassForMoreLink\"><\/td>\n<\/tr>\n<\/tbody>\n<\/table>\n<table class=\"tocArticle\" width=\"100%\">\n<tbody>\n<tr valign=\"top\">\n<td class=\"tocTitle\"><a href=\"http:\/\/dergipark.ulakbim.gov.tr\/matter\/article\/view\/5000120398\">PRODUCTION OF LEAD-FREE SOLDER POWDERS<\/a><\/td>\n<td class=\"tocGalleys\"><a class=\"file myClassForMoreLink\" href=\"http:\/\/dergipark.ulakbim.gov.tr\/matter\/article\/view\/5000120398\/5000111074\">PDF<\/a><\/td>\n<\/tr>\n<tr>\n<td class=\"tocAuthors\">Kutsal Mustafacan<\/td>\n<\/tr>\n<\/tbody>\n<\/table>\n","protected":false},"excerpt":{"rendered":"<p>You can access the earlier volumes from the list below. MATTER Volume: 2 Issue: 1 pdf Table of Contents Articles BUILDING A HOMEMADE 3D PRINTER PDF Baran Tunc CARBON ENCAPSULATION OF MAGNESIUM POWDERS PDF Cavit Ey\u00f6vge EXPERIMENTAL DETERMINATION OF THE STRESS INTENSITY FACTOR USING PHOTOELASTICITY PDF Waheedullah Taj CARBON ENCAPSULATED METAL NANOPARTICLES VIA SPARK DISCHARGE [\u2026]<\/p>\n","protected":false},"author":3563,"featured_media":0,"parent":0,"menu_order":0,"comment_status":"closed","ping_status":"closed","template":"","meta":{"footnotes":"","_links_to":"","_links_to_target":""},"class_list":["post-9","page","type-page","status-publish","hentry"],"_links":{"self":[{"href":"https:\/\/blog.metu.edu.tr\/wwwmtr\/wp-json\/wp\/v2\/pages\/9","targetHints":{"allow":["GET"]}}],"collection":[{"href":"https:\/\/blog.metu.edu.tr\/wwwmtr\/wp-json\/wp\/v2\/pages"}],"about":[{"href":"https:\/\/blog.metu.edu.tr\/wwwmtr\/wp-json\/wp\/v2\/types\/page"}],"author":[{"embeddable":true,"href":"https:\/\/blog.metu.edu.tr\/wwwmtr\/wp-json\/wp\/v2\/users\/3563"}],"replies":[{"embeddable":true,"href":"https:\/\/blog.metu.edu.tr\/wwwmtr\/wp-json\/wp\/v2\/comments?post=9"}],"version-history":[{"count":0,"href":"https:\/\/blog.metu.edu.tr\/wwwmtr\/wp-json\/wp\/v2\/pages\/9\/revisions"}],"wp:attachment":[{"href":"https:\/\/blog.metu.edu.tr\/wwwmtr\/wp-json\/wp\/v2\/media?parent=9"}],"curies":[{"name":"wp","href":"https:\/\/api.w.org\/{rel}","templated":true}]}}