{"id":36,"date":"2015-11-24T18:10:27","date_gmt":"2015-11-24T16:10:27","guid":{"rendered":"https:\/\/matter.mete.metu.edu.tr\/?page_id=36"},"modified":"2021-03-17T16:40:20","modified_gmt":"2021-03-17T13:40:20","slug":"current-issue","status":"publish","type":"page","link":"https:\/\/blog.metu.edu.tr\/wwwmtr\/current-issue\/","title":{"rendered":"Current Issue"},"content":{"rendered":"<p><img loading=\"lazy\" decoding=\"async\" class=\"alignnone wp-image-53 size-medium\" src=\"https:\/\/blog.metu.edu.tr\/wwwmtr\/files\/2015\/07\/matter2016idil-page-002-212x300.jpg\" alt=\"\" width=\"212\" height=\"300\" srcset=\"https:\/\/blog.metu.edu.tr\/wwwmtr\/files\/2015\/07\/matter2016idil-page-002-212x300.jpg 212w, https:\/\/blog.metu.edu.tr\/wwwmtr\/files\/2015\/07\/matter2016idil-page-002-768x1086.jpg 768w, https:\/\/blog.metu.edu.tr\/wwwmtr\/files\/2015\/07\/matter2016idil-page-002-724x1024.jpg 724w\" sizes=\"auto, (max-width: 212px) 100vw, 212px\" \/><\/p>\n<h2><span style=\"color: #000000\">\u00a0 \u00a0 \u00a0\u00a0<a style=\"color: #000000\" href=\"http:\/\/matter.mete.metu.edu.tr\/files\/MATTER2016.pdf\">Full Version of the Issue<\/a><\/span><\/h2>\n<ul class=\"list-unstyled\">\n<li><a href=\"http:\/\/dergipark.gov.tr\/matter\/issue\/28120\/299081\">FROM TRADITIONAL TO 154KV AESTHETIC TRANMISSION LINE<\/a><br \/>\nSayfalar 1 &#8211; 6<span class=\"clearfix\"><i class=\"fa fa-pencil\"><\/i>\u00a0Team ARTIFEX<\/span><\/li>\n<\/ul>\n<ul class=\"list-unstyled\">\n<li><i class=\"fa fa-caret-right\"><\/i> <a href=\"http:\/\/dergipark.gov.tr\/matter\/issue\/28120\/298694\">A STUDY OF HYDROGEN SEPARATION IN Pd-Ag BINARY ALLOYS<\/a><br \/>\nSayfalar 7 &#8211; 10<span class=\"clearfix\"><i class=\"fa fa-pencil\"><\/i> Elif KALDIRIM<\/span><\/li>\n<\/ul>\n<ul class=\"list-unstyled\">\n<li><i class=\"fa fa-caret-right\"><\/i> <a href=\"http:\/\/dergipark.gov.tr\/matter\/issue\/28120\/298819\">SOL-GEL DERIVED BIOACTIVE GLASS (BG) IN BONE TISSUE ENGINEERING<\/a><br \/>\nSayfalar 11 &#8211; 16<span class=\"clearfix\"><i class=\"fa fa-pencil\"><\/i> \u0130pek KO\u00c7AK<\/span><\/li>\n<\/ul>\n<ul class=\"list-unstyled\">\n<li><i class=\"fa fa-caret-right\"><\/i> <a href=\"http:\/\/dergipark.gov.tr\/matter\/issue\/28120\/298818\">OXIDE DISPERSION STRENGTHENED NANO SCALED FERRITIC MARTENSITIC STEELS FOR RADIATION SHIELDS<\/a><br \/>\nSayfalar 17 &#8211; 24<span class=\"clearfix\"><i class=\"fa fa-pencil\"><\/i> Furkan T\u00dcRKER<\/span><\/li>\n<\/ul>\n<ul class=\"list-unstyled\">\n<li><i class=\"fa fa-caret-right\"><\/i> <a href=\"http:\/\/dergipark.gov.tr\/matter\/issue\/28120\/298820\">STRUCTURAL AND MECHANICAL ANALYSIS OF A MULTIFUNCTIONAL TI ALLOY, GUM METAL<\/a><br \/>\nSayfalar 25 &#8211; 34<span class=\"clearfix\"><i class=\"fa fa-pencil\"><\/i> Yi\u011fithan TUFAN<\/span><\/li>\n<\/ul>\n<ul class=\"list-unstyled\">\n<li><i class=\"fa fa-caret-right\"><\/i> <a href=\"http:\/\/dergipark.gov.tr\/matter\/issue\/28120\/298693\">DETERMINATION OF INTERNAL STRESS OF Ni ELECTROPLATED SAMPLES IN SUL-PHAMATE SOLUTIONS<\/a><br \/>\nSayfalar 35 &#8211; 40<span class=\"clearfix\"><i class=\"fa fa-pencil\"><\/i> B\u00fc\u015fra AYKA\u00c7<\/span><\/li>\n<\/ul>\n<ul class=\"list-unstyled\">\n<li><i class=\"fa fa-caret-right\"><\/i> <a href=\"http:\/\/dergipark.gov.tr\/matter\/issue\/28120\/298822\">AN ALTERNATIVE REHABILITATION METHODOLOGY FOR CHILDREN IN NEED<\/a><br \/>\nSayfalar 41 &#8211; 46<span class=\"clearfix\"><i class=\"fa fa-pencil\"><\/i>\u00a0Team Nos Curabit<\/span><\/li>\n<\/ul>\n","protected":false},"excerpt":{"rendered":"<p>\u00a0 \u00a0 \u00a0\u00a0Full Version of the Issue FROM TRADITIONAL TO 154KV AESTHETIC TRANMISSION LINE Sayfalar 1 \u2013 6\u00a0Team ARTIFEX A STUDY OF HYDROGEN SEPARATION IN Pd-Ag BINARY ALLOYS Sayfalar 7 \u2013 10 Elif KALDIRIM SOL-GEL DERIVED BIOACTIVE GLASS (BG) IN BONE TISSUE ENGINEERING Sayfalar 11 \u2013 16 \u0130pek KO\u00c7AK OXIDE DISPERSION STRENGTHENED NANO SCALED FERRITIC [\u2026]<\/p>\n","protected":false},"author":3563,"featured_media":0,"parent":0,"menu_order":0,"comment_status":"closed","ping_status":"closed","template":"","meta":{"footnotes":"","_links_to":"","_links_to_target":""},"class_list":["post-36","page","type-page","status-publish","hentry"],"_links":{"self":[{"href":"https:\/\/blog.metu.edu.tr\/wwwmtr\/wp-json\/wp\/v2\/pages\/36","targetHints":{"allow":["GET"]}}],"collection":[{"href":"https:\/\/blog.metu.edu.tr\/wwwmtr\/wp-json\/wp\/v2\/pages"}],"about":[{"href":"https:\/\/blog.metu.edu.tr\/wwwmtr\/wp-json\/wp\/v2\/types\/page"}],"author":[{"embeddable":true,"href":"https:\/\/blog.metu.edu.tr\/wwwmtr\/wp-json\/wp\/v2\/users\/3563"}],"replies":[{"embeddable":true,"href":"https:\/\/blog.metu.edu.tr\/wwwmtr\/wp-json\/wp\/v2\/comments?post=36"}],"version-history":[{"count":0,"href":"https:\/\/blog.metu.edu.tr\/wwwmtr\/wp-json\/wp\/v2\/pages\/36\/revisions"}],"wp:attachment":[{"href":"https:\/\/blog.metu.edu.tr\/wwwmtr\/wp-json\/wp\/v2\/media?parent=36"}],"curies":[{"name":"wp","href":"https:\/\/api.w.org\/{rel}","templated":true}]}}