{"id":12,"date":"2025-05-26T22:44:01","date_gmt":"2025-05-26T22:44:01","guid":{"rendered":"https:\/\/blog.metu.edu.tr\/wwwmaier\/?page_id=12"},"modified":"2026-02-12T13:34:46","modified_gmt":"2026-02-12T13:34:46","slug":"theses","status":"publish","type":"page","link":"https:\/\/blog.metu.edu.tr\/wwwmaier\/theses\/","title":{"rendered":"Theses"},"content":{"rendered":"\n<ul class=\"wp-block-list\">\n<li class=\"has-medium-font-size\">Pelin Dayan Akman, &#8220;Analysis Of Technical Debt In ML-Based Software Development Projects&#8221; (2024). Main supervisor: \u00d6zden \u00d6zcan Top, co-supervisor: Tu\u011fba Ta\u015fkaya Temizel.\n<ul class=\"wp-block-list\">\n<li>URI: <a href=\"https:\/\/hdl.handle.net\/11511\/111423\">https:\/\/hdl.handle.net\/11511\/111423<\/a><\/li>\n<\/ul>\n<\/li>\n\n\n\n<li class=\"has-medium-font-size\">Nilay Yorganc\u0131lar Akg\u00fcl, &#8220;Exploring Technical Debt Across ML Project Lifecycle: A Process-Oriented Analysis Based on ISO Standards&#8221; (2025). Main supervisor: Tu\u011fba Ta\u015fkaya Temizel, co-supervisor: \u00d6zden \u00d6zcan Top.\n<ul class=\"wp-block-list\">\n<li class=\"has-medium-font-size\">URI: <a href=\"https:\/\/hdl.handle.net\/11511\/115668\">https:\/\/hdl.handle.net\/11511\/115668<\/a><\/li>\n<\/ul>\n<\/li>\n<\/ul>\n","protected":false},"excerpt":{"rendered":"","protected":false},"author":9389,"featured_media":0,"parent":0,"menu_order":0,"comment_status":"closed","ping_status":"closed","template":"","meta":{"footnotes":"","_links_to":"","_links_to_target":""},"class_list":["post-12","page","type-page","status-publish","hentry"],"_links":{"self":[{"href":"https:\/\/blog.metu.edu.tr\/wwwmaier\/wp-json\/wp\/v2\/pages\/12","targetHints":{"allow":["GET"]}}],"collection":[{"href":"https:\/\/blog.metu.edu.tr\/wwwmaier\/wp-json\/wp\/v2\/pages"}],"about":[{"href":"https:\/\/blog.metu.edu.tr\/wwwmaier\/wp-json\/wp\/v2\/types\/page"}],"author":[{"embeddable":true,"href":"https:\/\/blog.metu.edu.tr\/wwwmaier\/wp-json\/wp\/v2\/users\/9389"}],"replies":[{"embeddable":true,"href":"https:\/\/blog.metu.edu.tr\/wwwmaier\/wp-json\/wp\/v2\/comments?post=12"}],"version-history":[{"count":0,"href":"https:\/\/blog.metu.edu.tr\/wwwmaier\/wp-json\/wp\/v2\/pages\/12\/revisions"}],"wp:attachment":[{"href":"https:\/\/blog.metu.edu.tr\/wwwmaier\/wp-json\/wp\/v2\/media?parent=12"}],"curies":[{"name":"wp","href":"https:\/\/api.w.org\/{rel}","templated":true}]}}