{"id":11,"date":"2025-05-26T22:44:00","date_gmt":"2025-05-26T22:44:00","guid":{"rendered":"https:\/\/blog.metu.edu.tr\/wwwmaier\/?page_id=11"},"modified":"2026-04-17T11:47:02","modified_gmt":"2026-04-17T11:47:02","slug":"publications","status":"publish","type":"page","link":"https:\/\/blog.metu.edu.tr\/wwwmaier\/publications\/","title":{"rendered":"Publications"},"content":{"rendered":"\n<ul class=\"wp-block-list\">\n<li style=\"font-size:20px\">(2025) Nilay Yorganc\u0131lar Akg\u00fcl, Tu\u011fba Ta\u015fkaya Temizel, \u00d6zden \u00d6zcan Top, Pelin Dayan Akman &#8220;<a href=\"https:\/\/ieeexplore.ieee.org\/document\/11024537\">Aligning Data Debt with AI-Integrated Software Project Lifecycle Processes: A Standard-Based Mapping Approach<\/a>&#8221; <em><em>2025 IEEE\/ACM International Conference on Technical Debt (TechDebt)<\/em>, Ottawa, ON, Canada, pp. 1-11, doi: 10.1109\/TechDebt66644.2025.00008<\/em><\/li>\n\n\n\n<li class=\"has-medium-font-size\">(2025) Tina Afshar Ghochani, \u00d6zden \u00d6zcan Top, Banu Aysolmaz &#8220;<a href=\"https:\/\/aisel.aisnet.org\/confirm2025\/17\">Looking Beyond Technology: Hierarchical List of People and Culture Capabilities for Advanced Data Analytics<\/a>&#8221; <em>CONF-IRM 2025 Proceedings<\/em>, 17.<\/li>\n\n\n\n<li class=\"has-medium-font-size\">(2025) Pelin Dayan Akman, \u00d6zden \u00d6zcan Top, Tu\u011fba Ta\u015fkaya Temizel &#8220;<a href=\"https:\/\/ieeexplore.ieee.org\/abstract\/document\/11112555\" data-type=\"link\" data-id=\"https:\/\/ieeexplore.ieee.org\/abstract\/document\/11112555\">People and Management Debt in ML-Integrated Software Projects: Structuring Industry Insights<\/a>&#8221; <em>IEEE<\/em> <em>Access<\/em>, <em>vol. 13, pp. 137012-137032, doi: 10.1109\/ACCESS.2025.3595609<\/em><\/li>\n<\/ul>\n","protected":false},"excerpt":{"rendered":"","protected":false},"author":9389,"featured_media":0,"parent":0,"menu_order":0,"comment_status":"closed","ping_status":"closed","template":"","meta":{"footnotes":"","_links_to":"","_links_to_target":""},"class_list":["post-11","page","type-page","status-publish","hentry"],"_links":{"self":[{"href":"https:\/\/blog.metu.edu.tr\/wwwmaier\/wp-json\/wp\/v2\/pages\/11","targetHints":{"allow":["GET"]}}],"collection":[{"href":"https:\/\/blog.metu.edu.tr\/wwwmaier\/wp-json\/wp\/v2\/pages"}],"about":[{"href":"https:\/\/blog.metu.edu.tr\/wwwmaier\/wp-json\/wp\/v2\/types\/page"}],"author":[{"embeddable":true,"href":"https:\/\/blog.metu.edu.tr\/wwwmaier\/wp-json\/wp\/v2\/users\/9389"}],"replies":[{"embeddable":true,"href":"https:\/\/blog.metu.edu.tr\/wwwmaier\/wp-json\/wp\/v2\/comments?post=11"}],"version-history":[{"count":0,"href":"https:\/\/blog.metu.edu.tr\/wwwmaier\/wp-json\/wp\/v2\/pages\/11\/revisions"}],"wp:attachment":[{"href":"https:\/\/blog.metu.edu.tr\/wwwmaier\/wp-json\/wp\/v2\/media?parent=11"}],"curies":[{"name":"wp","href":"https:\/\/api.w.org\/{rel}","templated":true}]}}