{"id":33,"date":"2026-01-04T15:57:05","date_gmt":"2026-01-04T15:57:05","guid":{"rendered":"https:\/\/blog.metu.edu.tr\/wwwktmt\/?page_id=33"},"modified":"2026-01-04T16:01:50","modified_gmt":"2026-01-04T16:01:50","slug":"nota-arsivi","status":"publish","type":"page","link":"https:\/\/blog.metu.edu.tr\/wwwktmt\/nota-arsivi\/","title":{"rendered":"Nota Ar\u015fivi"},"content":{"rendered":"\n<p>1967 y\u0131l\u0131nda ODT\u00dc&#8217;de kurulan toplulu\u011fumuzun amac\u0131, \u00fcniversite ortam\u0131na yara\u015f\u0131r \u00e7al\u0131\u015fmalarla, ara\u015ft\u0131rmalarla, konuk sanat\u00e7\u0131lar ve gruplar\u0131n da kat\u0131ld\u0131\u011f\u0131 paneller ve konserlerle \u00f6z m\u00fczi\u011fimizi en iyi \u015fekilde \u00f6\u011fretmek, sevdirmek, yeni ve kal\u0131c\u0131 dostluklar\u0131n temelini atmak, yurt i\u00e7inde ve yurt d\u0131\u015f\u0131nda m\u00fczi\u011fimizi ve ODT\u00dc&#8217;y\u00fc en iyi \u015fekilde temsil etmektir.<\/p>\n","protected":false},"excerpt":{"rendered":"<p>1967 y\u0131l\u0131nda ODT\u00dc&#8217;de kurulan toplulu\u011fumuzun amac\u0131, \u00fcniversite ortam\u0131na yara\u015f\u0131r \u00e7al\u0131\u015fmalarla, ara\u015ft\u0131rmalarla, konuk sanat\u00e7\u0131lar ve gruplar\u0131n da kat\u0131ld\u0131\u011f\u0131 paneller ve konserlerle \u00f6z m\u00fczi\u011fimizi en iyi \u015fekilde \u00f6\u011fretmek, sevdirmek, yeni ve kal\u0131c\u0131 dostluklar\u0131n temelini atmak, yurt i\u00e7inde ve yurt d\u0131\u015f\u0131nda m\u00fczi\u011fimizi ve &hellip; <a href=\"https:\/\/blog.metu.edu.tr\/wwwktmt\/nota-arsivi\/\">Okumaya devam et <span class=\"meta-nav\">&rarr;<\/span><\/a><\/p>\n","protected":false},"author":9519,"featured_media":0,"parent":0,"menu_order":0,"comment_status":"closed","ping_status":"closed","template":"","meta":{"footnotes":"","_links_to":"","_links_to_target":""},"class_list":["post-33","page","type-page","status-publish","hentry"],"_links":{"self":[{"href":"https:\/\/blog.metu.edu.tr\/wwwktmt\/wp-json\/wp\/v2\/pages\/33","targetHints":{"allow":["GET"]}}],"collection":[{"href":"https:\/\/blog.metu.edu.tr\/wwwktmt\/wp-json\/wp\/v2\/pages"}],"about":[{"href":"https:\/\/blog.metu.edu.tr\/wwwktmt\/wp-json\/wp\/v2\/types\/page"}],"author":[{"embeddable":true,"href":"https:\/\/blog.metu.edu.tr\/wwwktmt\/wp-json\/wp\/v2\/users\/9519"}],"replies":[{"embeddable":true,"href":"https:\/\/blog.metu.edu.tr\/wwwktmt\/wp-json\/wp\/v2\/comments?post=33"}],"version-history":[{"count":0,"href":"https:\/\/blog.metu.edu.tr\/wwwktmt\/wp-json\/wp\/v2\/pages\/33\/revisions"}],"wp:attachment":[{"href":"https:\/\/blog.metu.edu.tr\/wwwktmt\/wp-json\/wp\/v2\/media?parent=33"}],"curies":[{"name":"wp","href":"https:\/\/api.w.org\/{rel}","templated":true}]}}