{"id":8,"date":"2014-03-20T15:16:56","date_gmt":"2014-03-20T13:16:56","guid":{"rendered":"http:\/\/blog.metu.edu.tr\/wwwkkadn\/?page_id=8"},"modified":"2014-05-05T16:28:56","modified_gmt":"2014-05-05T13:28:56","slug":"sempozyum-hakkinda","status":"publish","type":"page","link":"https:\/\/blog.metu.edu.tr\/wwwkkadn\/sempozyum-hakkinda\/","title":{"rendered":"Sempozyum Hakk\u0131nda"},"content":{"rendered":"<p><span style=\"line-height: 1.5em\"><a href=\"http:\/\/blog.metu.edu.tr\/wwwkkadn\/files\/2014\/03\/afisA.jpg\"><img loading=\"lazy\" decoding=\"async\" class=\"alignleft size-full wp-image-36\" src=\"http:\/\/blog.metu.edu.tr\/wwwkkadn\/files\/2014\/03\/afisA.jpg\" alt=\"afisA\" width=\"659\" height=\"939\" srcset=\"https:\/\/blog.metu.edu.tr\/wwwkkadn\/files\/2014\/03\/afisA.jpg 659w, https:\/\/blog.metu.edu.tr\/wwwkkadn\/files\/2014\/03\/afisA-210x300.jpg 210w\" sizes=\"auto, (max-width: 659px) 100vw, 659px\" \/><\/a>Ankara \u00dcniversitesi \u0130leti\u015fim Fak\u00fcltesi ve Orta Do\u011fu Teknik \u00dcniversitesi Kuzey K\u0131br\u0131s Kampusu birlikte d\u00fczenledikleri 8-9 May\u0131s 2014 tarihleri aras\u0131nda ger\u00e7ekle\u015ftirilecek olan \u201cEmek ve Temsil Ekseninde G\u00fcn\u00fcm\u00fcz Medyas\u0131nda Kad\u0131nlar\u201d ba\u015fl\u0131kl\u0131 ulusal sempozyum i\u00e7in medya ve kad\u0131n ara\u015ft\u0131rmalar\u0131 alan\u0131nda faaliyet g\u00f6steren akademisyenleri Kuzey K\u0131br\u0131s\u2019a davet etmektedir.<\/span><\/p>\n<p>Sempozyumun temel amac\u0131, emek s\u00fcre\u00e7leri ve temsil sorunu \u00e7er\u00e7evesinde medyada kad\u0131nlar\u0131n var olu\u015f bi\u00e7imlerini irdeleyen bir bilimsel platform olu\u015fturmakt\u0131r. Bu ba\u011flamda, sempozyum, \u201cmedya sekt\u00f6r\u00fcnde \u00e7al\u0131\u015fan kad\u0131nlar\u0131n konumlar\u0131 ve sorunlar\u0131\u201d, \u201cmedyada \u00e7al\u0131\u015fan kad\u0131nlara y\u00f6nelik yatay ve dikey ayr\u0131mc\u0131l\u0131k bi\u00e7imleri\u201d, \u201cmedya sekt\u00f6r\u00fcndeki cinsiyet\u00e7i yap\u0131lanma kar\u015f\u0131s\u0131nda \u00e7\u00f6z\u00fcm \u00f6nerileri\u201d, \u201cmedyada kad\u0131nlar\u0131n temsil d\u00fczeyi ve bi\u00e7imleri\u201d, \u201cmedyada kad\u0131n imgeleri\u201d gibi temalar ba\u015fta olmak \u00fczere medya ve kad\u0131n konusunda \u00e7al\u0131\u015fan herkese a\u00e7\u0131kt\u0131r.<\/p>\n","protected":false},"excerpt":{"rendered":"<p>Ankara \u00dcniversitesi \u0130leti\u015fim Fak\u00fcltesi ve Orta Do\u011fu Teknik \u00dcniversitesi Kuzey K\u0131br\u0131s Kampusu birlikte d\u00fczenledikleri 8-9 May\u0131s 2014 tarihleri aras\u0131nda ger\u00e7ekle\u015ftirilecek olan \u201cEmek ve Temsil Ekseninde G\u00fcn\u00fcm\u00fcz Medyas\u0131nda Kad\u0131nlar\u201d ba\u015fl\u0131kl\u0131 ulusal sempozyum i\u00e7in medya ve kad\u0131n ara\u015ft\u0131rmalar\u0131 alan\u0131nda faaliyet g\u00f6steren akademisyenleri Kuzey K\u0131br\u0131s\u2019a davet etmektedir. Sempozyumun temel amac\u0131, emek s\u00fcre\u00e7leri ve temsil sorunu \u00e7er\u00e7evesinde medyada kad\u0131nlar\u0131n &#8230;<a class=\"post-readmore\" href=\"https:\/\/blog.metu.edu.tr\/wwwkkadn\/sempozyum-hakkinda\/\">read more<\/a><\/p>\n","protected":false},"author":2445,"featured_media":0,"parent":0,"menu_order":2,"comment_status":"open","ping_status":"open","template":"","meta":{"footnotes":"","_links_to":"","_links_to_target":""},"class_list":["post-8","page","type-page","status-publish","hentry"],"_links":{"self":[{"href":"https:\/\/blog.metu.edu.tr\/wwwkkadn\/wp-json\/wp\/v2\/pages\/8","targetHints":{"allow":["GET"]}}],"collection":[{"href":"https:\/\/blog.metu.edu.tr\/wwwkkadn\/wp-json\/wp\/v2\/pages"}],"about":[{"href":"https:\/\/blog.metu.edu.tr\/wwwkkadn\/wp-json\/wp\/v2\/types\/page"}],"author":[{"embeddable":true,"href":"https:\/\/blog.metu.edu.tr\/wwwkkadn\/wp-json\/wp\/v2\/users\/2445"}],"replies":[{"embeddable":true,"href":"https:\/\/blog.metu.edu.tr\/wwwkkadn\/wp-json\/wp\/v2\/comments?post=8"}],"version-history":[{"count":0,"href":"https:\/\/blog.metu.edu.tr\/wwwkkadn\/wp-json\/wp\/v2\/pages\/8\/revisions"}],"wp:attachment":[{"href":"https:\/\/blog.metu.edu.tr\/wwwkkadn\/wp-json\/wp\/v2\/media?parent=8"}],"curies":[{"name":"wp","href":"https:\/\/api.w.org\/{rel}","templated":true}]}}