{"id":42,"date":"2014-05-16T11:01:27","date_gmt":"2014-05-16T08:01:27","guid":{"rendered":"http:\/\/blog.metu.edu.tr\/wwwkkadn\/?page_id=42"},"modified":"2014-05-16T11:01:27","modified_gmt":"2014-05-16T08:01:27","slug":"bildiri-ozetleri","status":"publish","type":"page","link":"https:\/\/blog.metu.edu.tr\/wwwkkadn\/bildiri-ozetleri\/","title":{"rendered":"Bildiri \u00d6zetleri"},"content":{"rendered":"<p><strong>Sempozyumun bildiri \u00f6zetleri kitab\u0131na ula\u015fmak i\u00e7in l\u00fctfen t\u0131klay\u0131n\u0131z:\u00a0<a href=\"http:\/\/blog.metu.edu.tr\/wwwkkadn\/files\/2014\/05\/Booklet_Sempozyum_cd_yeni.pdf\">BildiriOzetleri<\/a><\/strong><\/p>\n","protected":false},"excerpt":{"rendered":"<p>Sempozyumun bildiri \u00f6zetleri kitab\u0131na ula\u015fmak i\u00e7in l\u00fctfen t\u0131klay\u0131n\u0131z:\u00a0BildiriOzetleri<\/p>\n","protected":false},"author":2445,"featured_media":0,"parent":0,"menu_order":5,"comment_status":"open","ping_status":"open","template":"","meta":{"footnotes":"","_links_to":"","_links_to_target":""},"class_list":["post-42","page","type-page","status-publish","hentry"],"_links":{"self":[{"href":"https:\/\/blog.metu.edu.tr\/wwwkkadn\/wp-json\/wp\/v2\/pages\/42","targetHints":{"allow":["GET"]}}],"collection":[{"href":"https:\/\/blog.metu.edu.tr\/wwwkkadn\/wp-json\/wp\/v2\/pages"}],"about":[{"href":"https:\/\/blog.metu.edu.tr\/wwwkkadn\/wp-json\/wp\/v2\/types\/page"}],"author":[{"embeddable":true,"href":"https:\/\/blog.metu.edu.tr\/wwwkkadn\/wp-json\/wp\/v2\/users\/2445"}],"replies":[{"embeddable":true,"href":"https:\/\/blog.metu.edu.tr\/wwwkkadn\/wp-json\/wp\/v2\/comments?post=42"}],"version-history":[{"count":0,"href":"https:\/\/blog.metu.edu.tr\/wwwkkadn\/wp-json\/wp\/v2\/pages\/42\/revisions"}],"wp:attachment":[{"href":"https:\/\/blog.metu.edu.tr\/wwwkkadn\/wp-json\/wp\/v2\/media?parent=42"}],"curies":[{"name":"wp","href":"https:\/\/api.w.org\/{rel}","templated":true}]}}