{"id":27,"date":"2014-03-27T09:52:54","date_gmt":"2014-03-27T07:52:54","guid":{"rendered":"http:\/\/blog.metu.edu.tr\/wwwkkadn\/?page_id=27"},"modified":"2014-05-16T10:59:21","modified_gmt":"2014-05-16T07:59:21","slug":"davetli-konusmaci","status":"publish","type":"page","link":"https:\/\/blog.metu.edu.tr\/wwwkkadn\/davetli-konusmaci\/","title":{"rendered":"Davetli Konu\u015fmac\u0131lar"},"content":{"rendered":"<h1><strong>Maria Luisa Gambale<\/strong><\/h1>\n<p><img loading=\"lazy\" decoding=\"async\" class=\"aligncenter size-full wp-image-28\" src=\"http:\/\/blog.metu.edu.tr\/wwwkkadn\/files\/2014\/03\/2429117_300.jpg\" alt=\"2429117_300\" width=\"300\" height=\"300\" srcset=\"https:\/\/blog.metu.edu.tr\/wwwkkadn\/files\/2014\/03\/2429117_300.jpg 300w, https:\/\/blog.metu.edu.tr\/wwwkkadn\/files\/2014\/03\/2429117_300-150x150.jpg 150w\" sizes=\"auto, (max-width: 300px) 100vw, 300px\" \/><\/p>\n<p style=\"text-align: center\">Meslekte on \u00fc\u00e7 y\u0131l\u0131 dolduran belgesel y\u00f6netmeni ve aktivist Maria Lusia Gambale<\/p>\n","protected":false},"excerpt":{"rendered":"<p>Maria Luisa Gambale Meslekte on \u00fc\u00e7 y\u0131l\u0131 dolduran belgesel y\u00f6netmeni ve aktivist Maria Lusia Gambale<\/p>\n","protected":false},"author":2445,"featured_media":0,"parent":0,"menu_order":3,"comment_status":"open","ping_status":"closed","template":"","meta":{"footnotes":"","_links_to":"","_links_to_target":""},"class_list":["post-27","page","type-page","status-publish","hentry"],"_links":{"self":[{"href":"https:\/\/blog.metu.edu.tr\/wwwkkadn\/wp-json\/wp\/v2\/pages\/27","targetHints":{"allow":["GET"]}}],"collection":[{"href":"https:\/\/blog.metu.edu.tr\/wwwkkadn\/wp-json\/wp\/v2\/pages"}],"about":[{"href":"https:\/\/blog.metu.edu.tr\/wwwkkadn\/wp-json\/wp\/v2\/types\/page"}],"author":[{"embeddable":true,"href":"https:\/\/blog.metu.edu.tr\/wwwkkadn\/wp-json\/wp\/v2\/users\/2445"}],"replies":[{"embeddable":true,"href":"https:\/\/blog.metu.edu.tr\/wwwkkadn\/wp-json\/wp\/v2\/comments?post=27"}],"version-history":[{"count":0,"href":"https:\/\/blog.metu.edu.tr\/wwwkkadn\/wp-json\/wp\/v2\/pages\/27\/revisions"}],"wp:attachment":[{"href":"https:\/\/blog.metu.edu.tr\/wwwkkadn\/wp-json\/wp\/v2\/media?parent=27"}],"curies":[{"name":"wp","href":"https:\/\/api.w.org\/{rel}","templated":true}]}}