{"id":2,"date":"2014-03-20T13:02:59","date_gmt":"2014-03-20T13:02:59","guid":{"rendered":"http:\/\/blog.metu.edu.tr\/wwwkkadn\/?page_id=2"},"modified":"2014-05-16T10:58:54","modified_gmt":"2014-05-16T07:58:54","slug":"ornek-sayfa","status":"publish","type":"page","link":"https:\/\/blog.metu.edu.tr\/wwwkkadn\/","title":{"rendered":""},"content":{"rendered":"<p><a href=\"http:\/\/blog.metu.edu.tr\/wwwkkadn\/files\/2014\/03\/sempozyum.12.jpg\"><img loading=\"lazy\" decoding=\"async\" class=\"aligncenter wp-image-41 size-large\" src=\"http:\/\/blog.metu.edu.tr\/wwwkkadn\/files\/2014\/03\/sempozyum.12-1024x655.jpg\" alt=\"sempozyum.12\" width=\"1024\" height=\"655\" srcset=\"https:\/\/blog.metu.edu.tr\/wwwkkadn\/files\/2014\/03\/sempozyum.12-1024x655.jpg 1024w, https:\/\/blog.metu.edu.tr\/wwwkkadn\/files\/2014\/03\/sempozyum.12-300x191.jpg 300w\" sizes=\"auto, (max-width: 1024px) 100vw, 1024px\" \/><\/a><\/p>\n<p style=\"text-align: center\"><strong>Sempozyumumuza katk\u0131da bulunan t\u00fcm kat\u0131l\u0131mc\u0131lar\u0131m\u0131za te\u015fekk\u00fcr ederiz.<\/strong><\/p>\n<p style=\"text-align: justify\"><strong><img loading=\"lazy\" decoding=\"async\" class=\"aligncenter wp-image-35 size-full\" src=\"http:\/\/blog.metu.edu.tr\/wwwkkadn\/files\/2014\/03\/Web-icinpng_Page1.png\" alt=\"Web icinpng_Page1\" width=\"1134\" height=\"797\" srcset=\"https:\/\/blog.metu.edu.tr\/wwwkkadn\/files\/2014\/03\/Web-icinpng_Page1.png 1134w, https:\/\/blog.metu.edu.tr\/wwwkkadn\/files\/2014\/03\/Web-icinpng_Page1-300x210.png 300w, https:\/\/blog.metu.edu.tr\/wwwkkadn\/files\/2014\/03\/Web-icinpng_Page1-1024x719.png 1024w\" sizes=\"auto, (max-width: 1134px) 100vw, 1134px\" \/><\/strong><\/p>\n<p style=\"text-align: justify\">\n","protected":false},"excerpt":{"rendered":"<p>Sempozyumumuza katk\u0131da bulunan t\u00fcm kat\u0131l\u0131mc\u0131lar\u0131m\u0131za te\u015fekk\u00fcr ederiz.<\/p>\n","protected":false},"author":2445,"featured_media":0,"parent":0,"menu_order":1,"comment_status":"open","ping_status":"open","template":"","meta":{"footnotes":"","_links_to":"","_links_to_target":""},"class_list":["post-2","page","type-page","status-publish","hentry"],"_links":{"self":[{"href":"https:\/\/blog.metu.edu.tr\/wwwkkadn\/wp-json\/wp\/v2\/pages\/2","targetHints":{"allow":["GET"]}}],"collection":[{"href":"https:\/\/blog.metu.edu.tr\/wwwkkadn\/wp-json\/wp\/v2\/pages"}],"about":[{"href":"https:\/\/blog.metu.edu.tr\/wwwkkadn\/wp-json\/wp\/v2\/types\/page"}],"author":[{"embeddable":true,"href":"https:\/\/blog.metu.edu.tr\/wwwkkadn\/wp-json\/wp\/v2\/users\/2445"}],"replies":[{"embeddable":true,"href":"https:\/\/blog.metu.edu.tr\/wwwkkadn\/wp-json\/wp\/v2\/comments?post=2"}],"version-history":[{"count":0,"href":"https:\/\/blog.metu.edu.tr\/wwwkkadn\/wp-json\/wp\/v2\/pages\/2\/revisions"}],"wp:attachment":[{"href":"https:\/\/blog.metu.edu.tr\/wwwkkadn\/wp-json\/wp\/v2\/media?parent=2"}],"curies":[{"name":"wp","href":"https:\/\/api.w.org\/{rel}","templated":true}]}}