{"id":18,"date":"2014-03-21T10:51:01","date_gmt":"2014-03-21T08:51:01","guid":{"rendered":"http:\/\/blog.metu.edu.tr\/wwwkkadn\/?page_id=18"},"modified":"2014-03-21T10:57:33","modified_gmt":"2014-03-21T08:57:33","slug":"mekan","status":"publish","type":"page","link":"https:\/\/blog.metu.edu.tr\/wwwkkadn\/mekan\/","title":{"rendered":"Mekan"},"content":{"rendered":"<p><img loading=\"lazy\" decoding=\"async\" class=\"aligncenter size-full wp-image-19\" alt=\"menu_30060628\" src=\"http:\/\/blog.metu.edu.tr\/wwwkkadn\/files\/2014\/03\/menu_30060628.jpg\" width=\"640\" height=\"246\" srcset=\"https:\/\/blog.metu.edu.tr\/wwwkkadn\/files\/2014\/03\/menu_30060628.jpg 640w, https:\/\/blog.metu.edu.tr\/wwwkkadn\/files\/2014\/03\/menu_30060628-300x115.jpg 300w\" sizes=\"auto, (max-width: 640px) 100vw, 640px\" \/><\/p>\n<p>Sempozyum <strong>ODT\u00dc Kuzey K\u0131br\u0131s Kampusu K\u00fclt\u00fcr ve Kongre Merkezi<\/strong>&#8216;nde ger\u00e7ekle\u015fecek.<\/p>\n","protected":false},"excerpt":{"rendered":"<p>Sempozyum ODT\u00dc Kuzey K\u0131br\u0131s Kampusu K\u00fclt\u00fcr ve Kongre Merkezi&#8216;nde ger\u00e7ekle\u015fecek.<\/p>\n","protected":false},"author":2445,"featured_media":0,"parent":0,"menu_order":4,"comment_status":"open","ping_status":"open","template":"","meta":{"footnotes":"","_links_to":"","_links_to_target":""},"class_list":["post-18","page","type-page","status-publish","hentry"],"_links":{"self":[{"href":"https:\/\/blog.metu.edu.tr\/wwwkkadn\/wp-json\/wp\/v2\/pages\/18","targetHints":{"allow":["GET"]}}],"collection":[{"href":"https:\/\/blog.metu.edu.tr\/wwwkkadn\/wp-json\/wp\/v2\/pages"}],"about":[{"href":"https:\/\/blog.metu.edu.tr\/wwwkkadn\/wp-json\/wp\/v2\/types\/page"}],"author":[{"embeddable":true,"href":"https:\/\/blog.metu.edu.tr\/wwwkkadn\/wp-json\/wp\/v2\/users\/2445"}],"replies":[{"embeddable":true,"href":"https:\/\/blog.metu.edu.tr\/wwwkkadn\/wp-json\/wp\/v2\/comments?post=18"}],"version-history":[{"count":0,"href":"https:\/\/blog.metu.edu.tr\/wwwkkadn\/wp-json\/wp\/v2\/pages\/18\/revisions"}],"wp:attachment":[{"href":"https:\/\/blog.metu.edu.tr\/wwwkkadn\/wp-json\/wp\/v2\/media?parent=18"}],"curies":[{"name":"wp","href":"https:\/\/api.w.org\/{rel}","templated":true}]}}