{"id":10,"date":"2014-03-20T15:21:11","date_gmt":"2014-03-20T13:21:11","guid":{"rendered":"http:\/\/blog.metu.edu.tr\/wwwkkadn\/?page_id=10"},"modified":"2014-04-30T10:08:04","modified_gmt":"2014-04-30T07:08:04","slug":"bilim-kurulu","status":"publish","type":"page","link":"https:\/\/blog.metu.edu.tr\/wwwkkadn\/bilim-kurulu\/","title":{"rendered":"Bilim Kurulu"},"content":{"rendered":"<p><strong>Bilimsel Dan\u0131\u015fma\/De\u011ferlendirme Kurulu:<\/strong><\/p>\n<ul>\n<li>Prof. Dr. S. Ruken \u00d6zt\u00fcrk (Ankara \u00dcniversitesi \u0130LEF)<\/li>\n<li>Prof. Dr. Mine Gencel-Bek (Ankara \u00dcniversitesi \u0130LEF)<\/li>\n<li>Prof. Dr. Mutlu Binark (Hacettepe \u00dcniversitesi \u0130leti\u015fim Fak\u00fcltesi)<\/li>\n<li>Prof. Dr. Nilg\u00fcn Tutal-Cheviron (Galatasaray \u00dcniversitesi \u0130leti\u015fim Fak\u00fcltesi)<\/li>\n<li>Do\u00e7. Dr. \u00d6zg\u00fcr Erdur-Baker (ODT\u00dc Kuzey K\u0131br\u0131s Kampusu)<\/li>\n<li>Do\u00e7. Dr. \u00c7iler Hatipo\u011flu (ODT\u00dc Kuzey K\u0131br\u0131s Kampusu)<\/li>\n<li>Do\u00e7. Dr. Emine U\u00e7ar-\u0130lbu\u011fa (Akdeniz \u00dcniversitesi \u0130leti\u015fim Fak\u00fcltesi)<\/li>\n<li>Dr. Hande S\u00f6zer (ODT\u00dc Kuzey K\u0131br\u0131s Kampusu)<\/li>\n<li>Dr. \u00d6zlem Ezer Boyd (ODT\u00dc Kuzey K\u0131br\u0131s Kampusu)<\/li>\n<\/ul>\n","protected":false},"excerpt":{"rendered":"<p>Bilimsel Dan\u0131\u015fma\/De\u011ferlendirme Kurulu: Prof. Dr. S. Ruken \u00d6zt\u00fcrk (Ankara \u00dcniversitesi \u0130LEF) Prof. Dr. Mine Gencel-Bek (Ankara \u00dcniversitesi \u0130LEF) Prof. Dr. Mutlu Binark (Hacettepe \u00dcniversitesi \u0130leti\u015fim Fak\u00fcltesi) Prof. Dr. Nilg\u00fcn Tutal-Cheviron (Galatasaray \u00dcniversitesi \u0130leti\u015fim Fak\u00fcltesi) Do\u00e7. Dr. \u00d6zg\u00fcr Erdur-Baker (ODT\u00dc Kuzey K\u0131br\u0131s Kampusu) Do\u00e7. Dr. \u00c7iler Hatipo\u011flu (ODT\u00dc Kuzey K\u0131br\u0131s Kampusu) Do\u00e7. Dr. Emine U\u00e7ar-\u0130lbu\u011fa (Akdeniz &#8230;<a class=\"post-readmore\" href=\"https:\/\/blog.metu.edu.tr\/wwwkkadn\/bilim-kurulu\/\">read more<\/a><\/p>\n","protected":false},"author":2445,"featured_media":0,"parent":0,"menu_order":9,"comment_status":"open","ping_status":"open","template":"","meta":{"footnotes":"","_links_to":"","_links_to_target":""},"class_list":["post-10","page","type-page","status-publish","hentry"],"_links":{"self":[{"href":"https:\/\/blog.metu.edu.tr\/wwwkkadn\/wp-json\/wp\/v2\/pages\/10","targetHints":{"allow":["GET"]}}],"collection":[{"href":"https:\/\/blog.metu.edu.tr\/wwwkkadn\/wp-json\/wp\/v2\/pages"}],"about":[{"href":"https:\/\/blog.metu.edu.tr\/wwwkkadn\/wp-json\/wp\/v2\/types\/page"}],"author":[{"embeddable":true,"href":"https:\/\/blog.metu.edu.tr\/wwwkkadn\/wp-json\/wp\/v2\/users\/2445"}],"replies":[{"embeddable":true,"href":"https:\/\/blog.metu.edu.tr\/wwwkkadn\/wp-json\/wp\/v2\/comments?post=10"}],"version-history":[{"count":0,"href":"https:\/\/blog.metu.edu.tr\/wwwkkadn\/wp-json\/wp\/v2\/pages\/10\/revisions"}],"wp:attachment":[{"href":"https:\/\/blog.metu.edu.tr\/wwwkkadn\/wp-json\/wp\/v2\/media?parent=10"}],"curies":[{"name":"wp","href":"https:\/\/api.w.org\/{rel}","templated":true}]}}