{"id":304,"date":"2023-05-05T17:01:22","date_gmt":"2023-05-05T17:01:22","guid":{"rendered":"https:\/\/blog.metu.edu.tr\/wwwchslr\/yayinlar-2\/"},"modified":"2024-01-10T14:14:19","modified_gmt":"2024-01-10T14:14:19","slug":"yayinlar-2","status":"publish","type":"page","link":"https:\/\/blog.metu.edu.tr\/wwwchslr?page_id=304&lang=tr","title":{"rendered":"Yay\u0131nlar"},"content":{"rendered":"\n<p><\/p>\n\n<p>K\u0131y\u0131 m\u00fchendisli\u011fi, mimarl\u0131k, turizm, \u015fehir ve b\u00f6lge planlama gibi \u00e7e\u015fitli alanlardan uzmanlar\u0131n i\u015f birli\u011fiyle y\u00fcr\u00fct\u00fclen bu projenin sonu\u00e7lar\u0131n\u0131 s\u00fcre\u00e7 i\u00e7inde payla\u015ft\u0131\u011f\u0131m\u0131z yay\u0131nlarla takip edebilirsiniz!<\/p>\n\n<figure class=\"wp-block-table alignwide is-style-stripes\"><table><tbody><tr><td><strong>K\u00f6sem, \u0130., Uysal, A. \u00c7., \u0130nce, A., \u00d6zyurt, G., Ergin, A., S\u00fczen, M. L., &#8230;Varinlio\u011flu, G.<\/strong> Coastal Archaeological and Natural Heritage Sites of T\u00fcrkiye Threatened by Sea Level Rise. <em>Short Course\/Conference on Applied Coastal Research Book of Abstracts <\/em>(s.23). <a href=\"https:\/\/www.scacr2023.org\/files\/downloads\/SCACR2023-abstract-book.pdf\">https:\/\/www.scacr2023.org\/files\/downloads\/SCACR2023-abstract-book.pdf<\/a><\/td><td class=\"has-text-align-center\" data-align=\"center\">Eyl\u00fcl, 2023<\/td><\/tr><tr><td><strong>\u0130nce, A.,<\/strong> <strong>K\u00f6sem, \u0130., Uysal, A. \u00c7., \u00d6zyurt, G., Ergin, A., S\u00fczen, M. L., &#8230;Varinlio\u011flu, G.<\/strong> Fuzzy-Based Coastal Vulnerability Assessment Model Application on Turkish Coasts with Heritage Sites. <em>Short Course\/Conference on Applied Coastal Research Book of Abstracts <\/em>(s.25). <a href=\"https:\/\/www.scacr2023.org\/files\/downloads\/SCACR2023-abstract-book.pdf\">https:\/\/www.scacr2023.org\/files\/downloads\/SCACR2023-abstract-book.pdf<\/a><\/td><td class=\"has-text-align-center\" data-align=\"center\">Eyl\u00fcl, 2023<\/td><\/tr><tr><td><strong><strong>Uysal, A. \u00c7.<\/strong><\/strong>, <strong>\u0130nce, A.,<\/strong> <strong>K\u00f6sem, \u0130., \u00d6zyurt, G., Ergin, A., S\u00fczen, M. L., &#8230;Varinlio\u011flu, G.<\/strong> Extreme Water Level Projections at the Coastal Heritage Sites of T\u00fcrkiye. <em>Short Course\/Conference on Applied Coastal Research Book of Abstracts <\/em>(s.93). <a href=\"https:\/\/www.scacr2023.org\/files\/downloads\/SCACR2023-abstract-book.pdf\">https:\/\/www.scacr2023.org\/files\/downloads\/SCACR2023-abstract-book.pdf<\/a><\/td><td class=\"has-text-align-center\" data-align=\"center\">Eyl\u00fcl, 2023<\/td><\/tr><\/tbody><\/table><\/figure>\n","protected":false},"excerpt":{"rendered":"<p>K\u0131y\u0131 m\u00fchendisli\u011fi, mimarl\u0131k, turizm, \u015fehir ve b\u00f6lge planlama gibi \u00e7e\u015fitli alanlardan uzmanlar\u0131n i\u015f birli\u011fiyle y\u00fcr\u00fct\u00fclen bu projenin sonu\u00e7lar\u0131n\u0131 s\u00fcre\u00e7 i\u00e7inde payla\u015ft\u0131\u011f\u0131m\u0131z yay\u0131nlarla takip edebilirsiniz! K\u00f6sem, \u0130., Uysal, A. \u00c7., \u0130nce, A., \u00d6zyurt, G., Ergin, A., S\u00fczen, M. L., &#8230;Varinlio\u011flu, G. <a class=\"more-link\" href=\"https:\/\/blog.metu.edu.tr\/wwwchslr?page_id=304&#038;lang=tr\">Read More &#8230;<\/a><\/p>\n","protected":false},"author":8712,"featured_media":248,"parent":0,"menu_order":0,"comment_status":"closed","ping_status":"closed","template":"","meta":{"footnotes":"","_links_to":"","_links_to_target":""},"class_list":["post-304","page","type-page","status-publish","has-post-thumbnail","hentry"],"_links":{"self":[{"href":"https:\/\/blog.metu.edu.tr\/wwwchslr\/index.php?rest_route=\/wp\/v2\/pages\/304","targetHints":{"allow":["GET"]}}],"collection":[{"href":"https:\/\/blog.metu.edu.tr\/wwwchslr\/index.php?rest_route=\/wp\/v2\/pages"}],"about":[{"href":"https:\/\/blog.metu.edu.tr\/wwwchslr\/index.php?rest_route=\/wp\/v2\/types\/page"}],"author":[{"embeddable":true,"href":"https:\/\/blog.metu.edu.tr\/wwwchslr\/index.php?rest_route=\/wp\/v2\/users\/8712"}],"replies":[{"embeddable":true,"href":"https:\/\/blog.metu.edu.tr\/wwwchslr\/index.php?rest_route=%2Fwp%2Fv2%2Fcomments&post=304"}],"version-history":[{"count":0,"href":"https:\/\/blog.metu.edu.tr\/wwwchslr\/index.php?rest_route=\/wp\/v2\/pages\/304\/revisions"}],"wp:featuredmedia":[{"embeddable":true,"href":"https:\/\/blog.metu.edu.tr\/wwwchslr\/index.php?rest_route=\/wp\/v2\/media\/248"}],"wp:attachment":[{"href":"https:\/\/blog.metu.edu.tr\/wwwchslr\/index.php?rest_route=%2Fwp%2Fv2%2Fmedia&parent=304"}],"curies":[{"name":"wp","href":"https:\/\/api.w.org\/{rel}","templated":true}]}}