{"id":303,"date":"2023-10-18T19:30:21","date_gmt":"2023-10-18T19:30:21","guid":{"rendered":"https:\/\/blog.metu.edu.tr\/wwwchslr\/sunumlar-ve-posterler\/"},"modified":"2024-01-10T14:08:51","modified_gmt":"2024-01-10T14:08:51","slug":"sunumlar-ve-posterler","status":"publish","type":"page","link":"https:\/\/blog.metu.edu.tr\/wwwchslr?page_id=303&lang=tr","title":{"rendered":"Sunumlar ve Posterler"},"content":{"rendered":"\n<p><\/p>\n\n<p>Proje kapsam\u0131nda elde etti\u011fimiz sonu\u00e7lar\u0131 kat\u0131ld\u0131\u011f\u0131m\u0131z k\u0131ymetli etkinliklerde de payla\u015f\u0131yoruz! Sunumlar\u0131m\u0131z\u0131 veya posterlerimizi yaln\u0131zca etkinlik kat\u0131l\u0131mc\u0131lar\u0131na de\u011fil burada sizlere de sunuyoruz. Etkinliklerin soru &amp; cevap k\u0131sm\u0131n\u0131 ka\u00e7\u0131rm\u0131\u015f olman\u0131z ise kesinlikle bir sorun de\u011fil, \u00f6\u011frenmek istediklerinizi, merak ettiklerinizi &#8220;Proje Ekibi&#8221; sayfas\u0131nda yer alan e-posta adreslerimizden bize ula\u015farak sorabilirsiniz. <\/p>\n\n<figure class=\"wp-block-table alignwide is-style-stripes\"><table><tbody><tr><td>Poster<\/td><td>T\u00fcrkiye&#8217;nin K\u0131y\u0131lar\u0131nda Bulunan K\u00fclt\u00fcrel Miras Alanlar\u0131 i\u00e7in Ekstrem Su Seviyesi Projeksiyonlar\u0131<\/td><td><a href=\"https:\/\/drive.google.com\/file\/d\/1EH_IzsD87NM-Rz-p0_G39c5X1PDp-Blu\/view?usp=sharing\" target=\"_blank\" rel=\"noopener\" data-type=\"link\" data-id=\"https:\/\/drive.google.com\/file\/d\/1EH_IzsD87NM-Rz-p0_G39c5X1PDp-Blu\/view?usp=sharing\">G\u00f6r\u00fcnt\u00fcle ve \u0130ndir<\/a><\/td><\/tr><tr><td>Sunum<\/td><td>T\u00fcrkiye&#8217;nin K\u0131y\u0131lar\u0131nda Bulunan K\u00fclt\u00fcrel Miras Alanlar\u0131 \u00dczerinde Bulan\u0131k Mant\u0131k K\u0131y\u0131 K\u0131r\u0131lganl\u0131k Modelinin Uygulanmas\u0131<\/td><td><a href=\"https:\/\/drive.google.com\/file\/d\/1EKFyFf1iaHAZR0ynEBNFTgAfFGfkMVcZ\/view?usp=sharing\" target=\"_blank\" rel=\"noopener\" data-type=\"link\" data-id=\"https:\/\/drive.google.com\/file\/d\/1EKFyFf1iaHAZR0ynEBNFTgAfFGfkMVcZ\/view?usp=sharing\">G\u00f6r\u00fcnt\u00fcle ve \u0130ndir<\/a><\/td><\/tr><tr><td>Sunum<\/td><td>Deniz Seviyesi Y\u00fckselmesi Tehdidi Alt\u0131ndaki Arkeolojik Sit Alanlar\u0131<\/td><td><a href=\"https:\/\/drive.google.com\/file\/d\/1EDU5mW0KEHX7UHnkcwkKce6TJvk7jo6g\/view?usp=sharing\" target=\"_blank\" rel=\"noopener\" data-type=\"link\" data-id=\"https:\/\/drive.google.com\/file\/d\/1EDU5mW0KEHX7UHnkcwkKce6TJvk7jo6g\/view?usp=sharing\">G\u00f6r\u00fcnt\u00fcle ve \u0130ndir<\/a><\/td><\/tr><\/tbody><\/table><\/figure>\n","protected":false},"excerpt":{"rendered":"<p>Proje kapsam\u0131nda elde etti\u011fimiz sonu\u00e7lar\u0131 kat\u0131ld\u0131\u011f\u0131m\u0131z k\u0131ymetli etkinliklerde de payla\u015f\u0131yoruz! Sunumlar\u0131m\u0131z\u0131 veya posterlerimizi yaln\u0131zca etkinlik kat\u0131l\u0131mc\u0131lar\u0131na de\u011fil burada sizlere de sunuyoruz. Etkinliklerin soru &amp; cevap k\u0131sm\u0131n\u0131 ka\u00e7\u0131rm\u0131\u015f olman\u0131z ise kesinlikle bir sorun de\u011fil, \u00f6\u011frenmek istediklerinizi, merak ettiklerinizi &#8220;Proje Ekibi&#8221; sayfas\u0131nda <a class=\"more-link\" href=\"https:\/\/blog.metu.edu.tr\/wwwchslr?page_id=303&#038;lang=tr\">Read More &#8230;<\/a><\/p>\n","protected":false},"author":8712,"featured_media":244,"parent":0,"menu_order":0,"comment_status":"closed","ping_status":"closed","template":"","meta":{"footnotes":"","_links_to":"","_links_to_target":""},"class_list":["post-303","page","type-page","status-publish","has-post-thumbnail","hentry"],"_links":{"self":[{"href":"https:\/\/blog.metu.edu.tr\/wwwchslr\/index.php?rest_route=\/wp\/v2\/pages\/303","targetHints":{"allow":["GET"]}}],"collection":[{"href":"https:\/\/blog.metu.edu.tr\/wwwchslr\/index.php?rest_route=\/wp\/v2\/pages"}],"about":[{"href":"https:\/\/blog.metu.edu.tr\/wwwchslr\/index.php?rest_route=\/wp\/v2\/types\/page"}],"author":[{"embeddable":true,"href":"https:\/\/blog.metu.edu.tr\/wwwchslr\/index.php?rest_route=\/wp\/v2\/users\/8712"}],"replies":[{"embeddable":true,"href":"https:\/\/blog.metu.edu.tr\/wwwchslr\/index.php?rest_route=%2Fwp%2Fv2%2Fcomments&post=303"}],"version-history":[{"count":0,"href":"https:\/\/blog.metu.edu.tr\/wwwchslr\/index.php?rest_route=\/wp\/v2\/pages\/303\/revisions"}],"wp:featuredmedia":[{"embeddable":true,"href":"https:\/\/blog.metu.edu.tr\/wwwchslr\/index.php?rest_route=\/wp\/v2\/media\/244"}],"wp:attachment":[{"href":"https:\/\/blog.metu.edu.tr\/wwwchslr\/index.php?rest_route=%2Fwp%2Fv2%2Fmedia&parent=303"}],"curies":[{"name":"wp","href":"https:\/\/api.w.org\/{rel}","templated":true}]}}