{"id":298,"date":"2023-10-11T19:52:16","date_gmt":"2023-10-11T19:52:16","guid":{"rendered":"https:\/\/blog.metu.edu.tr\/wwwchslr\/proje-2\/"},"modified":"2024-01-10T15:05:27","modified_gmt":"2024-01-10T15:05:27","slug":"proje-2","status":"publish","type":"page","link":"https:\/\/blog.metu.edu.tr\/wwwchslr?page_id=298&lang=tr","title":{"rendered":"Proje"},"content":{"rendered":"\n<p>Y\u00fcr\u00fct\u00fclmekte olan proje, \u00fclkemizin k\u0131y\u0131 alanlar\u0131nda bulunan k\u00fclt\u00fcrel miras alanlar\u0131n\u0131n deniz seviyesi y\u00fckselmesi ve etkilerine kar\u015f\u0131 k\u0131r\u0131lganl\u0131klar\u0131n\u0131 \u00e7ok y\u00f6nl\u00fc bir bak\u0131\u015f a\u00e7\u0131s\u0131 ve g\u00f6sterge tabanl\u0131 de\u011ferlendirme modeli ile ara\u015ft\u0131rmay\u0131 ama\u00e7lamaktad\u0131r. Bu ama\u00e7la yola \u00e7\u0131kan proje ekibimize ve proje kapsam\u0131na dair detayl\u0131 bilgilere ula\u015fmak i\u00e7in &#8220;<a href=\"https:\/\/blog.metu.edu.tr\/wwwchslr?page_id=295&#038;lang=tr\">Proje Ekibi<\/a>&#8221; ve &#8220;<a href=\"https:\/\/blog.metu.edu.tr\/wwwchslr?page_id=294&#038;lang=tr\">Proje Kapsam\u0131<\/a>&#8221; sayfalar\u0131m\u0131z\u0131 ziyaret edebilirsiniz.<\/p>\n","protected":false},"excerpt":{"rendered":"<p>Y\u00fcr\u00fct\u00fclmekte olan proje, \u00fclkemizin k\u0131y\u0131 alanlar\u0131nda bulunan k\u00fclt\u00fcrel miras alanlar\u0131n\u0131n deniz seviyesi y\u00fckselmesi ve etkilerine kar\u015f\u0131 k\u0131r\u0131lganl\u0131klar\u0131n\u0131 \u00e7ok y\u00f6nl\u00fc bir bak\u0131\u015f a\u00e7\u0131s\u0131 ve g\u00f6sterge tabanl\u0131 de\u011ferlendirme modeli ile ara\u015ft\u0131rmay\u0131 ama\u00e7lamaktad\u0131r. Bu ama\u00e7la yola \u00e7\u0131kan proje ekibimize ve proje kapsam\u0131na dair <a class=\"more-link\" href=\"https:\/\/blog.metu.edu.tr\/wwwchslr?page_id=298&#038;lang=tr\">Read More &#8230;<\/a><\/p>\n","protected":false},"author":8712,"featured_media":242,"parent":0,"menu_order":0,"comment_status":"closed","ping_status":"closed","template":"","meta":{"footnotes":"","_links_to":"","_links_to_target":""},"class_list":["post-298","page","type-page","status-publish","has-post-thumbnail","hentry"],"_links":{"self":[{"href":"https:\/\/blog.metu.edu.tr\/wwwchslr\/index.php?rest_route=\/wp\/v2\/pages\/298","targetHints":{"allow":["GET"]}}],"collection":[{"href":"https:\/\/blog.metu.edu.tr\/wwwchslr\/index.php?rest_route=\/wp\/v2\/pages"}],"about":[{"href":"https:\/\/blog.metu.edu.tr\/wwwchslr\/index.php?rest_route=\/wp\/v2\/types\/page"}],"author":[{"embeddable":true,"href":"https:\/\/blog.metu.edu.tr\/wwwchslr\/index.php?rest_route=\/wp\/v2\/users\/8712"}],"replies":[{"embeddable":true,"href":"https:\/\/blog.metu.edu.tr\/wwwchslr\/index.php?rest_route=%2Fwp%2Fv2%2Fcomments&post=298"}],"version-history":[{"count":0,"href":"https:\/\/blog.metu.edu.tr\/wwwchslr\/index.php?rest_route=\/wp\/v2\/pages\/298\/revisions"}],"wp:featuredmedia":[{"embeddable":true,"href":"https:\/\/blog.metu.edu.tr\/wwwchslr\/index.php?rest_route=\/wp\/v2\/media\/242"}],"wp:attachment":[{"href":"https:\/\/blog.metu.edu.tr\/wwwchslr\/index.php?rest_route=%2Fwp%2Fv2%2Fmedia&parent=298"}],"curies":[{"name":"wp","href":"https:\/\/api.w.org\/{rel}","templated":true}]}}