{"id":295,"date":"2023-05-05T17:01:22","date_gmt":"2023-05-05T17:01:22","guid":{"rendered":"https:\/\/blog.metu.edu.tr\/wwwchslr\/proje-ekibi-2\/"},"modified":"2024-01-10T13:24:16","modified_gmt":"2024-01-10T13:24:16","slug":"proje-ekibi-2","status":"publish","type":"page","link":"https:\/\/blog.metu.edu.tr\/wwwchslr?page_id=295&lang=tr","title":{"rendered":"Proje Ekibi"},"content":{"rendered":"\n<p>\u00dclkemizin k\u0131y\u0131 b\u00f6lgelerinde yer alan k\u00fclt\u00fcrel miras alanlar\u0131n\u0131n deniz seviyesi y\u00fckselmesi ve etkilerine kar\u015f\u0131 k\u0131r\u0131lganl\u0131klar\u0131n\u0131n de\u011ferlendirilmesini ama\u00e7layan bu projede, konunun geni\u015f kapsaml\u0131 bir \u015fekilde ele al\u0131nmas\u0131 ama\u00e7lanmaktad\u0131r. Bu sebeple de proje ekibi yaln\u0131zca bir alandan uzmanlar\u0131 de\u011fil, mimarl\u0131ktan \u015fehir ve b\u00f6lge planlamaya, arkeolojiden turizme farkl\u0131 alanlarda \u00e7al\u0131\u015fan uzmanlardan olu\u015fmaktad\u0131r.<\/p>\n\n<figure class=\"wp-block-table alignwide is-style-stripes\"><table><tbody><tr><td><strong>Dr. G\u00fclizar \u00d6zyurt Tarakc\u0131o\u011flu<\/strong>&#013;\nOrta Do\u011fu Teknik \u00dcniversitesi, \u0130n\u015faat M\u00fchendisli\u011fi B\u00f6l\u00fcm\u00fc&#013;\ngulizar@metu.edu.tr<\/td><td><strong>Ara\u015ft\u0131rma G\u00f6revlisi, A. \u00c7a\u011fatay Uysal<\/strong>&#013;\nOrta Do\u011fu Teknik \u00dcniversitesi, \u0130n\u015faat M\u00fchendisli\u011fi B\u00f6l\u00fcm\u00fc&#013;\ncauysal@metu.edu.tr<\/td><\/tr><tr><td><strong>Proje Asistan\u0131, Akdeniz \u0130nce<\/strong>&#013;\nOrta Do\u011fu Teknik \u00dcniversitesi, \u0130n\u015faat M\u00fchendisli\u011fi B\u00f6l\u00fcm\u00fc&#013;\nakdeniz.ince@metu.edu.tr<\/td><td><strong>Proje Assistan\u0131, \u0130remnaz K\u00f6sem<\/strong>&#013;\nOrta Do\u011fu Teknik \u00dcniversitesi, \u0130n\u015faat M\u00fchendisli\u011fi B\u00f6l\u00fcm\u00fc&#013;\ne216226@metu.edu.tr<\/td><\/tr><tr><td><strong>Prof. Dr. Ay\u015fen Ergin<\/strong>&#013;\nOrta Do\u011fu Teknik \u00dcniversitesi, \u0130n\u015faat M\u00fchendisli\u011fi B\u00f6l\u00fcm\u00fc&#013;\nergin@metu.edu.tr<\/td><td><strong>Prof. Dr. Ahmet Cevdet Yal\u00e7\u0131ner<\/strong>&#013;\nOrta Do\u011fu Teknik \u00dcniversitesi, \u0130n\u015faat M\u00fchendisli\u011fi B\u00f6l\u00fcm\u00fc&#013;\nyalciner@metu.edu.tr<\/td><\/tr><tr><td><strong>Prof. Dr. M. L\u00fctfi S\u00fczen<\/strong>&#013;\nOrta Do\u011fu Teknik \u00dcniversitesi, Jeoloji M\u00fchendisli\u011fi B\u00f6l\u00fcm\u00fc&#013;\nsuzen@metu.edu.tr<\/td><td><strong>Prof. Dr. Deniz Burcu Erciyas<\/strong>&#013;\nOrta Do\u011fu Teknik \u00dcniversitesi, \u015eehir ve B\u00f6lge Planlama B\u00f6l\u00fcm\u00fc&#013;\nberciyas@metu.edu.tr<\/td><\/tr><tr><td><strong>Dr. U\u011fur \u00c7al\u0131\u015fkan<\/strong>&#013;\nMu\u011fla S\u0131tk\u0131 Ko\u00e7man \u00dcniversitesi, Turizm Fak\u00fcltesi&#013;\nugurcaliskan@mu.edu.tr<\/td><td><strong>Dr. G\u00fczden Varinlio\u011flu<\/strong>&#013;\n\u0130zmir Ekonomi \u00dcniversites,Mimarl\u0131k Fak\u00fcltesi&#013;\nguzden.varinlioglu@ieu.edu.tr<\/td><\/tr><\/tbody><\/table><\/figure>\n","protected":false},"excerpt":{"rendered":"<p>\u00dclkemizin k\u0131y\u0131 b\u00f6lgelerinde yer alan k\u00fclt\u00fcrel miras alanlar\u0131n\u0131n deniz seviyesi y\u00fckselmesi ve etkilerine kar\u015f\u0131 k\u0131r\u0131lganl\u0131klar\u0131n\u0131n de\u011ferlendirilmesini ama\u00e7layan bu projede, konunun geni\u015f kapsaml\u0131 bir \u015fekilde ele al\u0131nmas\u0131 ama\u00e7lanmaktad\u0131r. Bu sebeple de proje ekibi yaln\u0131zca bir alandan uzmanlar\u0131 de\u011fil, mimarl\u0131ktan \u015fehir ve <a class=\"more-link\" href=\"https:\/\/blog.metu.edu.tr\/wwwchslr?page_id=295&#038;lang=tr\">Read More &#8230;<\/a><\/p>\n","protected":false},"author":8712,"featured_media":241,"parent":0,"menu_order":-2,"comment_status":"closed","ping_status":"closed","template":"","meta":{"footnotes":"","_links_to":"","_links_to_target":""},"class_list":["post-295","page","type-page","status-publish","has-post-thumbnail","hentry"],"_links":{"self":[{"href":"https:\/\/blog.metu.edu.tr\/wwwchslr\/index.php?rest_route=\/wp\/v2\/pages\/295","targetHints":{"allow":["GET"]}}],"collection":[{"href":"https:\/\/blog.metu.edu.tr\/wwwchslr\/index.php?rest_route=\/wp\/v2\/pages"}],"about":[{"href":"https:\/\/blog.metu.edu.tr\/wwwchslr\/index.php?rest_route=\/wp\/v2\/types\/page"}],"author":[{"embeddable":true,"href":"https:\/\/blog.metu.edu.tr\/wwwchslr\/index.php?rest_route=\/wp\/v2\/users\/8712"}],"replies":[{"embeddable":true,"href":"https:\/\/blog.metu.edu.tr\/wwwchslr\/index.php?rest_route=%2Fwp%2Fv2%2Fcomments&post=295"}],"version-history":[{"count":0,"href":"https:\/\/blog.metu.edu.tr\/wwwchslr\/index.php?rest_route=\/wp\/v2\/pages\/295\/revisions"}],"wp:featuredmedia":[{"embeddable":true,"href":"https:\/\/blog.metu.edu.tr\/wwwchslr\/index.php?rest_route=\/wp\/v2\/media\/241"}],"wp:attachment":[{"href":"https:\/\/blog.metu.edu.tr\/wwwchslr\/index.php?rest_route=%2Fwp%2Fv2%2Fmedia&parent=295"}],"curies":[{"name":"wp","href":"https:\/\/api.w.org\/{rel}","templated":true}]}}