{"id":294,"date":"2023-10-11T20:12:02","date_gmt":"2023-10-11T20:12:02","guid":{"rendered":"https:\/\/blog.metu.edu.tr\/wwwchslr\/proje-kapsami-2\/"},"modified":"2024-01-11T06:36:21","modified_gmt":"2024-01-11T06:36:21","slug":"proje-kapsami-2","status":"publish","type":"page","link":"https:\/\/blog.metu.edu.tr\/wwwchslr?page_id=294&lang=tr","title":{"rendered":"Proje Kapsam\u0131"},"content":{"rendered":"\n<p>Yap\u0131lan \u00e7al\u0131\u015fma, deniz seviyesindeki y\u00fckselme ve bunun etkilerine kar\u015f\u0131 k\u0131y\u0131larda bulunan k\u00fclt\u00fcrel miras alanlar\u0131na y\u00f6nelik yap\u0131lacak uyum eylemlerinin planlama s\u00fcrecine yard\u0131mc\u0131 olacak bir tarama arac\u0131 geli\u015ftirmeyi ama\u00e7lamaktad\u0131r. Proje kapsam\u0131nda, k\u0131y\u0131larda bulunan k\u00fclt\u00fcrel miras alanlar\u0131 i\u00e7in yeni bir k\u0131r\u0131lganl\u0131k de\u011ferlendirme modeli geli\u015ftirilecek ve Dr. G\u00fclizar \u00d6zyurt Tarakc\u0131o\u011flu taraf\u0131ndan geli\u015ftirilen Bulan\u0131k K\u0131y\u0131 Hasar G\u00f6rebilirlik De\u011ferlendirme Modelini kullanarak fiziksel ve sosyal hassasiyetleri entegre edilecektir. Proje, ana hedeflerine ula\u015fmak i\u00e7in \u00e7e\u015fitli i\u015f paketleri halinde d\u00fczenlenmi\u015ftir.<\/p>\n\n<h2 class=\"wp-block-heading\"><h2><strong>Projenin Hedefleri<\/strong><\/h2><\/h2>\n\n<ul class=\"wp-block-list\">\n<li><strong><span id=\"[0,8]\" class=\"word\">Bilimsel<\/span> <span id=\"[9,12]\" class=\"word\">bir<\/span> <span id=\"[13,17]\" class=\"word\">risk<\/span> <span id=\"[18,25]\" class=\"word\">analizi<\/span> <span id=\"[26,36]\" class=\"word\">y\u00f6ntemi<\/span>: <\/strong>G\u00f6sterge\u00a0<span id=\"[69,76]\" class=\"word\">tabanl\u0131<\/span> <span id=\"[77,84]\" class=\"word\">bulan\u0131k<\/span> <span id=\"[85,89]\" class=\"word\">k\u0131y\u0131<\/span> <span id=\"[90,101]\" class=\"word\">hassasiyeti<\/span> <span id=\"[102,115]\" class=\"word\">de\u011ferlendirme<\/span> <span id=\"[116,124]\" class=\"word\">modelini<\/span> (<span id=\"[126,132]\" class=\"word\">\u00d6zyurt<\/span>, <span id=\"[134,138]\" class=\"word\">2010<\/span>) <span id=\"[140,148]\" class=\"word\">k\u00fclt\u00fcrel<\/span> <span id=\"[149,154]\" class=\"word\">miras<\/span> alanlar\u0131n\u0131n <span id=\"[155,169]\" class=\"word\">hassasiyetleri<\/span> <span id=\"[170,173]\" class=\"word\">ile<\/span> <span id=\"[174,185]\" class=\"word\">birle\u015ftiren<\/span> <span id=\"[186,194]\" class=\"word\">kapsaml\u0131 ve<\/span>\u00a0<span id=\"[196,200]\" class=\"word\">veri<\/span> <span id=\"[201,207]\" class=\"word\">odakl\u0131<\/span> <span id=\"[208,211]\" class=\"word\">bir<\/span> <span id=\"[212,222]\" class=\"word\">metodolojinin<\/span> <span id=\"[223,235]\" class=\"word\">geli\u015ftirilmesi<\/span> <span id=\"[236,250]\" class=\"word\">ama\u00e7lanmaktad\u0131r<\/span>. Geli\u015ftirilecek bu y\u00f6ntemin, saha \u00f6zelinde yap\u0131lan \u00e7al\u0131\u015fmalardan ziyade ulusal \u00f6l\u00e7ekte yap\u0131lacak de\u011ferlendirme uygulamalar\u0131nda kullan\u0131lmas\u0131 hedeflenmektedir. Y\u00f6ntemde kullan\u0131lacak g\u00f6stergeler, k\u0131r\u0131lganl\u0131klar\u0131n ulusal \u00f6l\u00e7ekte anla\u015f\u0131lmas\u0131na yard\u0131mc\u0131 olacak \u015fekilde belirlenmektedir. Ayr\u0131ca bu y\u00f6ntemle yap\u0131lacak analiz sadece toplam k\u0131r\u0131lganl\u0131\u011f\u0131 dikkate almakla kalmayacak, ayn\u0131 zamanda k\u0131y\u0131 erozyonu ve periyodik su bask\u0131nlar\u0131n\u0131n k\u00fclt\u00fcrel miras alanlar\u0131 \u00fczerindeki etkilerini de ayr\u0131 ayr\u0131 de\u011ferlendirecektir. Bu yakla\u015f\u0131m, k\u0131y\u0131larda bulunan k\u00fclt\u00fcrel miras alanlar\u0131n\u0131n farkl\u0131 etkilere kar\u015f\u0131 hassasiyetleri ve maruziyetleri a\u00e7\u0131s\u0131ndan \u00f6nceliklendirilmesini ama\u00e7lamaktad\u0131r.<\/li>\n\n\n\n<li><strong>Y\u00fcksek riskli alanlar i\u00e7in detayl\u0131 de\u011ferlendirme &amp; ta\u015fk\u0131n haritalar\u0131:\u00a0<\/strong>Proje kapsam\u0131nda y\u00fcksek risk alt\u0131nda oldu\u011fu belirlenen alanlar i\u00e7in \u00e7e\u015fitli disiplinlerden uzmanlarla yap\u0131lan detayl\u0131 de\u011ferlendirmelerle, 2100 y\u0131l\u0131na kadar \u00f6ng\u00f6r\u00fclen de\u011fi\u015fimlerin etkileri belirlenecektir. Bu etkilerin ayr\u0131nt\u0131l\u0131 olarak incelenmesiyle de di\u011fer risk seviyelerindeki miras alanlar\u0131n\u0131n kapsaml\u0131 incelemeleri i\u00e7in kullan\u0131labilecek bir y\u00f6ntem ortaya konacakt\u0131r. Ayr\u0131ca co\u011frafi bilgi sistemleri ve mevcut ulusal \/ uluslararas\u0131 veri tabanlar\u0131 entegre bir \u015fekilde kullan\u0131larak y\u00fcksek risk alt\u0131nda oldu\u011fu belirlenen alanlarda, ekstrem su seviyesi ko\u015fullar\u0131 alt\u0131ndaki ta\u015fk\u0131n alan\u0131 boyutlar\u0131 hesaplanacak ve ta\u015fk\u0131n haritalar\u0131 haz\u0131rlanacakt\u0131r.<\/li>\n\n\n\n<li><strong>K\u00fclt\u00fcrel miras alan\u0131nda iklim de\u011fi\u015fikli\u011fine ili\u015fkin mevcut bilginin de\u011ferlendirilmesi:<\/strong> Y\u00fcksek risk d\u00fczeyindeki miras alanlar\u0131 \u00fczerinde \u00e7al\u0131\u015fan uzmanlar\u0131n ve ara\u015ft\u0131rmac\u0131lar\u0131n mevcut bilgi ve \u00f6ng\u00f6r\u00fcleri bir anket arac\u0131l\u0131\u011f\u0131yla de\u011ferlendirilecektir. Bu sayede, profesyonel olarak bu alanla ilgilenen kitlenin iklim de\u011fi\u015fikli\u011finin etkilerini nas\u0131l alg\u0131lad\u0131\u011f\u0131n\u0131n g\u00f6r\u00fclmesi ama\u00e7lanm\u0131\u015ft\u0131r.<\/li>\n\n\n\n<li><strong>Uyum\u00a0 \u00e7al\u0131\u015fmalar\u0131 i\u00e7in \u00f6nerilen \u00f6nlemlerin payla\u015f\u0131lmas\u0131:<\/strong> Modelin sonu\u00e7lar\u0131 do\u011fruland\u0131ktan sonra, bulgular k\u00fclt\u00fcrel miras ve iklim de\u011fi\u015fikli\u011fi alan\u0131nda hem okuyan hem de \u00e7al\u0131\u015fan profesyonellere sunulacakt\u0131r. Bu sunum, deniz seviyesinin y\u00fckselmesi ve bunun etkileri nedeniyle tehdit alt\u0131nda olan T\u00fcrkiye&#8217;nin k\u0131y\u0131lar\u0131nda yer alan k\u00fclt\u00fcrel miras\u0131 alanlar\u0131n\u0131n korunmas\u0131na yard\u0131mc\u0131 olabilecek olas\u0131 uyum \u00e7al\u0131\u015fmalar\u0131na ili\u015fkin tavsiye almay\u0131 ama\u00e7lamaktad\u0131r.<\/li>\n<\/ul>\n","protected":false},"excerpt":{"rendered":"<p>Yap\u0131lan \u00e7al\u0131\u015fma, deniz seviyesindeki y\u00fckselme ve bunun etkilerine kar\u015f\u0131 k\u0131y\u0131larda bulunan k\u00fclt\u00fcrel miras alanlar\u0131na y\u00f6nelik yap\u0131lacak uyum eylemlerinin planlama s\u00fcrecine yard\u0131mc\u0131 olacak bir tarama arac\u0131 geli\u015ftirmeyi ama\u00e7lamaktad\u0131r. Proje kapsam\u0131nda, k\u0131y\u0131larda bulunan k\u00fclt\u00fcrel miras alanlar\u0131 i\u00e7in yeni bir k\u0131r\u0131lganl\u0131k de\u011ferlendirme modeli <a class=\"more-link\" href=\"https:\/\/blog.metu.edu.tr\/wwwchslr?page_id=294&#038;lang=tr\">Read More &#8230;<\/a><\/p>\n","protected":false},"author":8712,"featured_media":242,"parent":0,"menu_order":0,"comment_status":"closed","ping_status":"closed","template":"","meta":{"footnotes":"","_links_to":"","_links_to_target":""},"class_list":["post-294","page","type-page","status-publish","has-post-thumbnail","hentry"],"_links":{"self":[{"href":"https:\/\/blog.metu.edu.tr\/wwwchslr\/index.php?rest_route=\/wp\/v2\/pages\/294","targetHints":{"allow":["GET"]}}],"collection":[{"href":"https:\/\/blog.metu.edu.tr\/wwwchslr\/index.php?rest_route=\/wp\/v2\/pages"}],"about":[{"href":"https:\/\/blog.metu.edu.tr\/wwwchslr\/index.php?rest_route=\/wp\/v2\/types\/page"}],"author":[{"embeddable":true,"href":"https:\/\/blog.metu.edu.tr\/wwwchslr\/index.php?rest_route=\/wp\/v2\/users\/8712"}],"replies":[{"embeddable":true,"href":"https:\/\/blog.metu.edu.tr\/wwwchslr\/index.php?rest_route=%2Fwp%2Fv2%2Fcomments&post=294"}],"version-history":[{"count":0,"href":"https:\/\/blog.metu.edu.tr\/wwwchslr\/index.php?rest_route=\/wp\/v2\/pages\/294\/revisions"}],"wp:featuredmedia":[{"embeddable":true,"href":"https:\/\/blog.metu.edu.tr\/wwwchslr\/index.php?rest_route=\/wp\/v2\/media\/242"}],"wp:attachment":[{"href":"https:\/\/blog.metu.edu.tr\/wwwchslr\/index.php?rest_route=%2Fwp%2Fv2%2Fmedia&parent=294"}],"curies":[{"name":"wp","href":"https:\/\/api.w.org\/{rel}","templated":true}]}}