{"id":13,"date":"2023-05-05T17:01:22","date_gmt":"2023-05-05T17:01:22","guid":{"rendered":"https:\/\/blog.metu.edu.tr\/wwwchslr\/?page_id=13"},"modified":"2023-10-31T18:40:23","modified_gmt":"2023-10-31T18:40:23","slug":"team","status":"publish","type":"page","link":"https:\/\/blog.metu.edu.tr\/wwwchslr?page_id=13","title":{"rendered":"Team"},"content":{"rendered":"\n<p>Our dedicated project team, comprising experts from diverse academic backgrounds such as architecture, tourism, city and regional planning, and coastal engineering, collaboratively investigates the vulnerability of Turkey&#8217;s coastal cultural heritage sites to the rising sea levels and the consequential impacts of climate change. With a shared commitment to preserving and protecting our invaluable coastal heritage, our multifaceted approach leverages a wealth of knowledge and expertise to assess the challenges posed by sea level rise.<\/p>\n\n\n\n<figure class=\"wp-block-table alignwide is-style-stripes\"><table><tbody><tr><td><strong>Assist. Prof. G\u00fclizar \u00d6zyurt Tarakc\u0131o\u011flu<\/strong><br>Middle East Technical University, Dep. of Civil Engineering<br>gulizar@metu.edu.tr<\/td><td><strong>Research Assist. A. \u00c7a\u011fatay Uysal<\/strong><br>Middle East Technical University<br>cauysal@metu.edu.tr<\/td><\/tr><tr><td><strong>Project Assist. Akdeniz \u0130nce<\/strong><br>Middle East Technical University, Dep. of Civil Engineering<br>akdeniz.ince@metu.edu.tr<\/td><td><strong>Project Assist. \u0130remnaz K\u00f6sem<\/strong><br>Middle East Technical University, Dep. of Civil Engineering<br>e216226@metu.edu.tr<\/td><\/tr><tr><td><strong>Prof. Dr. Ay\u015fen Ergin<\/strong><br>Middle East Technical University, Dep. of Civil Engineering<br>ergin@metu.edu.tr<\/td><td><strong>Prof. Dr. Ahmet Cevdet Yal\u00e7\u0131ner<\/strong><br>Middle East Technical University, Dep. of Civil Engineering<br>yalciner@metu.edu.tr<\/td><\/tr><tr><td><strong>Prof. Dr. M. L\u00fctfi S\u00fczen<\/strong><br>Middle East Technical University, Dep. of Geological Engineering<br>suzen@metu.edu.tr<\/td><td><strong>Prof. Dr. Deniz Burcu Erciyas<\/strong><br>Middle East Technical University, Dep. of City and Regional Planning<br>berciyas@metu.edu.tr<\/td><\/tr><tr><td><strong>Assoc. Prof. U\u011fur \u00c7al\u0131\u015fkan<\/strong><br>Mu\u011fla S\u0131tk\u0131 Ko\u00e7man University, Faculty of Tourism<br>ugurcaliskan@mu.edu.tr<\/td><td><strong>Assoc. Prof. G\u00fczden Varinlio\u011flu<\/strong><br>\u0130zmir University of Economics, Faculty of Architecture<br>guzden.varinlioglu@ieu.edu.tr<\/td><\/tr><\/tbody><\/table><\/figure>\n","protected":false},"excerpt":{"rendered":"<p>Our dedicated project team, comprising experts from diverse academic backgrounds such as architecture, tourism, city and regional planning, and coastal engineering, collaboratively investigates the vulnerability of Turkey&#8217;s coastal cultural heritage sites to the rising sea levels and the consequential impacts <a class=\"more-link\" href=\"https:\/\/blog.metu.edu.tr\/wwwchslr?page_id=13\">Read More &#8230;<\/a><\/p>\n","protected":false},"author":8712,"featured_media":141,"parent":90,"menu_order":-2,"comment_status":"closed","ping_status":"closed","template":"","meta":{"footnotes":"","_links_to":"","_links_to_target":""},"class_list":["post-13","page","type-page","status-publish","has-post-thumbnail","hentry"],"_links":{"self":[{"href":"https:\/\/blog.metu.edu.tr\/wwwchslr\/index.php?rest_route=\/wp\/v2\/pages\/13","targetHints":{"allow":["GET"]}}],"collection":[{"href":"https:\/\/blog.metu.edu.tr\/wwwchslr\/index.php?rest_route=\/wp\/v2\/pages"}],"about":[{"href":"https:\/\/blog.metu.edu.tr\/wwwchslr\/index.php?rest_route=\/wp\/v2\/types\/page"}],"author":[{"embeddable":true,"href":"https:\/\/blog.metu.edu.tr\/wwwchslr\/index.php?rest_route=\/wp\/v2\/users\/8712"}],"replies":[{"embeddable":true,"href":"https:\/\/blog.metu.edu.tr\/wwwchslr\/index.php?rest_route=%2Fwp%2Fv2%2Fcomments&post=13"}],"version-history":[{"count":0,"href":"https:\/\/blog.metu.edu.tr\/wwwchslr\/index.php?rest_route=\/wp\/v2\/pages\/13\/revisions"}],"up":[{"embeddable":true,"href":"https:\/\/blog.metu.edu.tr\/wwwchslr\/index.php?rest_route=\/wp\/v2\/pages\/90"}],"wp:featuredmedia":[{"embeddable":true,"href":"https:\/\/blog.metu.edu.tr\/wwwchslr\/index.php?rest_route=\/wp\/v2\/media\/141"}],"wp:attachment":[{"href":"https:\/\/blog.metu.edu.tr\/wwwchslr\/index.php?rest_route=%2Fwp%2Fv2%2Fmedia&parent=13"}],"curies":[{"name":"wp","href":"https:\/\/api.w.org\/{rel}","templated":true}]}}