{"id":27,"date":"2015-03-16T15:03:37","date_gmt":"2015-03-16T13:03:37","guid":{"rendered":"http:\/\/blog.metu.edu.tr\/wwwatlas\/?page_id=27"},"modified":"2015-06-18T11:57:26","modified_gmt":"2015-06-18T08:57:26","slug":"students","status":"publish","type":"page","link":"https:\/\/blog.metu.edu.tr\/wwwatlas\/people\/students\/","title":{"rendered":"Students"},"content":{"rendered":"<ul>\n<li><strong>G\u00f6khan Koray G\u00dcLTEK\u0130N<\/strong>\n<ul>\n<li>Ph.D. student, Electrical and Electronics Engineering, METU<\/li>\n<li><strong>Contact:<\/strong>\u00a0ggokhan@metu.edu.tr<br \/>\n<hr \/>\n<\/li>\n<\/ul>\n<\/li>\n<\/ul>\n<ul>\n<li><strong>G\u00f6rkem SE\u00c7ER<\/strong>\n<ul>\n<li>Ph.D. student, Computer\u00a0Engineering, METU<br \/>\n<hr \/>\n<\/li>\n<\/ul>\n<\/li>\n<li><strong>\u00c7a\u011flar SEYLAN<\/strong>\n<ul>\n<li>M.Sc. student, Computer\u00a0Engineering, METU<\/li>\n<li><strong>Contact:<\/strong> cseylan@ceng.metu.edu.tr<br \/>\n<hr \/>\n<\/li>\n<\/ul>\n<\/li>\n<li><strong>Ne\u015fet \u00dcnver AKMANDOR<\/strong>\n<ul>\n<li>M.Sc. student, Electrical and Electronics Engineering, METU<\/li>\n<li><strong>Contact:<\/strong> unver.akmandor@metu.edu.tr<br \/>\n<hr \/>\n<\/li>\n<\/ul>\n<\/li>\n<\/ul>\n<ul>\n<li><strong>Merve \u00d6ZEN<\/strong>\n<ul>\n<li>M.Sc. student, Computer\u00a0Engineering, METU<\/li>\n<li><strong>Contact:<\/strong>\u00a0merve.ozen@ceng.metu.edu.tr<br \/>\n<hr \/>\n<\/li>\n<\/ul>\n<\/li>\n<li><strong>Sinan \u015eahin CANDAN<\/strong>\n<ul>\n<li>B.Sc. student, Mechanical Engineering, METU<\/li>\n<li><strong>Contact:<\/strong> sinansahincandan@gmail.com<br \/>\n<hr \/>\n<\/li>\n<\/ul>\n<\/li>\n<li><strong>Ay\u015fe Deniz DUYUL<\/strong>\n<ul>\n<li>B.Sc. student, Electrical and Electronics Engineering, METU<\/li>\n<li><strong>Contact:<\/strong>\u00a0denizduyul@gmail<\/li>\n<\/ul>\n<\/li>\n<\/ul>\n","protected":false},"excerpt":{"rendered":"<p>G\u00f6khan Koray G\u00dcLTEK\u0130N Ph.D. student, Electrical and Electronics Engineering, METU Contact:\u00a0ggokhan@metu.edu.tr G\u00f6rkem SE\u00c7ER Ph.D. student, Computer\u00a0Engineering, METU \u00c7a\u011flar SEYLAN M.Sc. student, Computer\u00a0Engineering, METU Contact: cseylan@ceng.metu.edu.tr Ne\u015fet \u00dcnver AKMANDOR M.Sc. student, Electrical and Electronics Engineering, METU Contact: unver.akmandor@metu.edu.tr Merve \u00d6ZEN M.Sc. &hellip; <a href=\"https:\/\/blog.metu.edu.tr\/wwwatlas\/people\/students\/\">Continue reading <span class=\"meta-nav\">&rarr;<\/span><\/a><\/p>\n","protected":false},"author":3462,"featured_media":0,"parent":25,"menu_order":1,"comment_status":"closed","ping_status":"closed","template":"","meta":{"footnotes":"","_links_to":"","_links_to_target":""},"class_list":["post-27","page","type-page","status-publish","hentry"],"_links":{"self":[{"href":"https:\/\/blog.metu.edu.tr\/wwwatlas\/wp-json\/wp\/v2\/pages\/27","targetHints":{"allow":["GET"]}}],"collection":[{"href":"https:\/\/blog.metu.edu.tr\/wwwatlas\/wp-json\/wp\/v2\/pages"}],"about":[{"href":"https:\/\/blog.metu.edu.tr\/wwwatlas\/wp-json\/wp\/v2\/types\/page"}],"author":[{"embeddable":true,"href":"https:\/\/blog.metu.edu.tr\/wwwatlas\/wp-json\/wp\/v2\/users\/3462"}],"replies":[{"embeddable":true,"href":"https:\/\/blog.metu.edu.tr\/wwwatlas\/wp-json\/wp\/v2\/comments?post=27"}],"version-history":[{"count":0,"href":"https:\/\/blog.metu.edu.tr\/wwwatlas\/wp-json\/wp\/v2\/pages\/27\/revisions"}],"up":[{"embeddable":true,"href":"https:\/\/blog.metu.edu.tr\/wwwatlas\/wp-json\/wp\/v2\/pages\/25"}],"wp:attachment":[{"href":"https:\/\/blog.metu.edu.tr\/wwwatlas\/wp-json\/wp\/v2\/media?parent=27"}],"curies":[{"name":"wp","href":"https:\/\/api.w.org\/{rel}","templated":true}]}}