{"id":13,"date":"2015-03-13T15:11:28","date_gmt":"2015-03-13T13:11:28","guid":{"rendered":"http:\/\/blog.metu.edu.tr\/wwwatlas\/?page_id=13"},"modified":"2015-06-12T22:24:34","modified_gmt":"2015-06-12T19:24:34","slug":"history","status":"publish","type":"page","link":"https:\/\/blog.metu.edu.tr\/wwwatlas\/aboutus\/history\/","title":{"rendered":"History"},"content":{"rendered":"<p>The ATLAS Laboratory was established in 2012 by three faculty members, Ulu\u00e7 Saranl\u0131, Yi\u011fit Yaz\u0131c\u0131o\u011flu and Af\u015far Saranl\u0131 from the Computer Engineering, Mechanical Engineering and Electrical and Electronics Engineering departments of the Middle East Technical University, respectively. Collaborative activities of these researcher and their individual research groups date back to 2006, starting with the joint TUBITAK Project 106E089, titled &#8220;State estimation and dynamic feedback behaviors for  a legged robot for outdoor applications&#8221;. Collaboration between these groups continued with other research projects and the subsequent establishment of the ATLAS laboratory.<\/p>\n","protected":false},"excerpt":{"rendered":"<p>The ATLAS Laboratory was established in 2012 by three faculty members, Ulu\u00e7 Saranl\u0131, Yi\u011fit Yaz\u0131c\u0131o\u011flu and Af\u015far Saranl\u0131 from the Computer Engineering, Mechanical Engineering and Electrical and Electronics Engineering departments of the Middle East Technical University, respectively. Collaborative activities of &hellip; <a href=\"https:\/\/blog.metu.edu.tr\/wwwatlas\/aboutus\/history\/\">Continue reading <span class=\"meta-nav\">&rarr;<\/span><\/a><\/p>\n","protected":false},"author":3196,"featured_media":0,"parent":2,"menu_order":0,"comment_status":"closed","ping_status":"closed","template":"","meta":{"footnotes":"","_links_to":"","_links_to_target":""},"class_list":["post-13","page","type-page","status-publish","hentry"],"_links":{"self":[{"href":"https:\/\/blog.metu.edu.tr\/wwwatlas\/wp-json\/wp\/v2\/pages\/13","targetHints":{"allow":["GET"]}}],"collection":[{"href":"https:\/\/blog.metu.edu.tr\/wwwatlas\/wp-json\/wp\/v2\/pages"}],"about":[{"href":"https:\/\/blog.metu.edu.tr\/wwwatlas\/wp-json\/wp\/v2\/types\/page"}],"author":[{"embeddable":true,"href":"https:\/\/blog.metu.edu.tr\/wwwatlas\/wp-json\/wp\/v2\/users\/3196"}],"replies":[{"embeddable":true,"href":"https:\/\/blog.metu.edu.tr\/wwwatlas\/wp-json\/wp\/v2\/comments?post=13"}],"version-history":[{"count":0,"href":"https:\/\/blog.metu.edu.tr\/wwwatlas\/wp-json\/wp\/v2\/pages\/13\/revisions"}],"up":[{"embeddable":true,"href":"https:\/\/blog.metu.edu.tr\/wwwatlas\/wp-json\/wp\/v2\/pages\/2"}],"wp:attachment":[{"href":"https:\/\/blog.metu.edu.tr\/wwwatlas\/wp-json\/wp\/v2\/media?parent=13"}],"curies":[{"name":"wp","href":"https:\/\/api.w.org\/{rel}","templated":true}]}}