{"id":10,"date":"2013-10-01T18:07:56","date_gmt":"2013-10-01T15:07:56","guid":{"rendered":"http:\/\/blog.metu.edu.tr\/veysi\/?page_id=10"},"modified":"2013-10-01T19:27:44","modified_gmt":"2013-10-01T16:27:44","slug":"teaching","status":"publish","type":"page","link":"https:\/\/blog.metu.edu.tr\/veysi\/teaching\/","title":{"rendered":"Teaching"},"content":{"rendered":"<ul>\n<li><a href=\"http:\/\/www.ceng.metu.edu.tr\/courses\/ceng477\/\" target=\"_blank\">CENG 477 Introduction to Computer Graphics<\/a><\/li>\n<li><a href=\"http:\/\/www.ceng.metu.edu.tr\/courses\/ceng538\/\" target=\"_blank\">CENG 538 Advanced Graphics and User Interfaces<\/a><\/li>\n<li><a href=\"http:\/\/www.ceng.metu.edu.tr\/courses\/ceng732\/\" target=\"_blank\">CENG 732 Computer Animation<\/a><\/li>\n<li>CENG 701 Virtual Reality<\/li>\n<li><a href=\"http:\/\/nash.ii.metu.edu.tr\/~gate\/GameTechnologies-Courses-GameDevelopmentPipeline.html\" target=\"_blank\">GATE 505 Game Development Pipeline<\/a><\/li>\n<li>Undergraduate and graduate Computer Graphics courses at introduction and advanced levels, Middle East Technical University, 1996-2011.<\/li>\n<li>Undergraduate and graduate Computer Graphics courses at introduction and advanced levels, Bilkent University 1991-1995.<\/li>\n<li>Graduate courses on Managament Information Systems, Quality and Productivity Management and Advanced Logistics Systems Analysis and Design, Savunma Bilimleri Enstit\u00fcs\u00fc, Kara Harp Okulu, 2003-2005.<\/li>\n<li>Graduate course on Multimedia Systems, \u00c7ankaya \u00dcniversitesi, 2003.<\/li>\n<li>Graduate course on Information Technologies for Road Safety, Fen Bilimleri Enstit\u00fcs\u00fc, Gazi \u00dcniversitesi, 2003.<\/li>\n<li>Graduate course on Graduate Seminars, Middle East Technical University, 2001-2004.<\/li>\n<\/ul>\n","protected":false},"excerpt":{"rendered":"<p>CENG 477 Introduction to Computer Graphics CENG 538 Advanced Graphics and User Interfaces CENG 732 Computer Animation CENG 701 Virtual Reality GATE 505 Game Development Pipeline Undergraduate and graduate Computer Graphics courses at introduction and advanced levels, Middle East Technical University, 1996-2011. Undergraduate and graduate Computer Graphics courses at introduction \u2026 <a class=\"continue-reading-link\" href=\"https:\/\/blog.metu.edu.tr\/veysi\/teaching\/\"> Continue reading <span class=\"meta-nav\">&rarr; <\/span><\/a><\/p>\n","protected":false},"author":1886,"featured_media":0,"parent":0,"menu_order":0,"comment_status":"open","ping_status":"open","template":"","meta":{"footnotes":"","_links_to":"","_links_to_target":""},"class_list":["post-10","page","type-page","status-publish","hentry"],"_links":{"self":[{"href":"https:\/\/blog.metu.edu.tr\/veysi\/wp-json\/wp\/v2\/pages\/10","targetHints":{"allow":["GET"]}}],"collection":[{"href":"https:\/\/blog.metu.edu.tr\/veysi\/wp-json\/wp\/v2\/pages"}],"about":[{"href":"https:\/\/blog.metu.edu.tr\/veysi\/wp-json\/wp\/v2\/types\/page"}],"author":[{"embeddable":true,"href":"https:\/\/blog.metu.edu.tr\/veysi\/wp-json\/wp\/v2\/users\/1886"}],"replies":[{"embeddable":true,"href":"https:\/\/blog.metu.edu.tr\/veysi\/wp-json\/wp\/v2\/comments?post=10"}],"version-history":[{"count":0,"href":"https:\/\/blog.metu.edu.tr\/veysi\/wp-json\/wp\/v2\/pages\/10\/revisions"}],"wp:attachment":[{"href":"https:\/\/blog.metu.edu.tr\/veysi\/wp-json\/wp\/v2\/media?parent=10"}],"curies":[{"name":"wp","href":"https:\/\/api.w.org\/{rel}","templated":true}]}}