{"id":7,"date":"2013-09-30T22:01:01","date_gmt":"2013-09-30T19:01:01","guid":{"rendered":"http:\/\/blog.metu.edu.tr\/vatalay\/?page_id=7"},"modified":"2023-06-27T07:03:50","modified_gmt":"2023-06-27T04:03:50","slug":"about-me","status":"publish","type":"page","link":"https:\/\/blog.metu.edu.tr\/vatalay\/","title":{"rendered":""},"content":{"rendered":"<p><img loading=\"lazy\" decoding=\"async\" class=\"alignright wp-image-43\" style=\"margin-top: 0.857143rem;margin-bottom: 0.857143rem;margin-left: 1.71429rem\" src=\"https:\/\/blog.metu.edu.tr\/vatalay\/files\/2018\/01\/IMG_8062-2-300x242.jpeg\" alt=\"\" width=\"239\" height=\"193\" srcset=\"https:\/\/blog.metu.edu.tr\/vatalay\/files\/2018\/01\/IMG_8062-2-300x242.jpeg 300w, https:\/\/blog.metu.edu.tr\/vatalay\/files\/2018\/01\/IMG_8062-2.jpeg 486w\" sizes=\"auto, (max-width: 239px) 100vw, 239px\" \/><\/p>\n<p>I served as a professor of Computer Engineering at the <a href=\"http:\/\/www.metu.edu.tr\/\" target=\"_blank\" rel=\"noopener noreferrer\">Middle East Technical University<\/a>\u00a0(METU), Ankara, Turkey.<br \/>My research interests lie in the areas of<br \/>\u00a0&#8211; machine learning for bioinformatics,<br \/>\u00a0&#8211; data stream analysis and clustering, and<br \/>\u00a0&#8211; machine learning applications.<\/p>\n<p><span style=\"color: #0000ff\"><strong>RECENT SELECTED PUBLICATIONS<\/strong><\/span><\/p>\n<ul>\n<li>CROssBAR: comprehensive resource of biomedical relations with knowledge graph representations <br \/><em>Nucleic Acids Research <\/em>49:e96 [<a href=\"https:\/\/doi.org\/10.1093\/nar\/gkab543\" target=\"_blank\" rel=\"noopener\">article<\/a>][<a href=\"https:\/\/cansyl.metu.edu.tr\/crossbar\" target=\"_blank\" rel=\"noopener\">WebPage<\/a>][<a href=\"https:\/\/crossbar.kansil.org\/\" target=\"_blank\" rel=\"noopener\">WebService<\/a>]<\/li>\n<li>MDeePred: novel multi-channel protein featurization for deep learning-based binding affinity prediction in drug discovery\u00a0 <em><br \/>Bioinformatics<\/em> 37:693-704 \u00a0 [<a href=\"https:\/\/doi.org\/10.1093\/bioinformatics\/btaa858\" target=\"_blank\" rel=\"noopener\">article]<\/a> [<a href=\"https:\/\/github.com\/cansyl\/MDeePred\" target=\"_blank\" rel=\"noopener\">GitHub]<\/a><\/li>\n<li>Data stream clustering: a review\u00a0 <br \/><em>Artificial Intelligence Review<\/em> 54:1201\u20131236\u00a0\u00a0 [<a href=\"https:\/\/link.springer.com\/article\/10.1007\/s10462-020-09874-x\" target=\"_blank\" rel=\"noopener\">article<\/a>]<\/li>\n<li>iBioProVis: interactive visualization and analysis of compound bioactivity space\u00a0 <br \/><em>Bioinformatics<\/em> 36:4227\u20134230 \u00a0 [<a href=\"https:\/\/academic.oup.com\/bioinformatics\/article-abstract\/36\/14\/4227\/5837106?redirectedFrom=fulltext\" target=\"_blank\" rel=\"noopener\">article<\/a>] [<a href=\"https:\/\/ibpv.kansil.org\/\" target=\"_blank\" rel=\"noopener\">WebService<\/a>]<\/li>\n<li>DEEPScreen: high performance drug\u2013target interaction prediction with convolutional neural networks using 2-D structural compound representations\u00a0 <br \/><em>Chemical Science<\/em> 11:2531-2557 [<a href=\"https:\/\/pubs.rsc.org\/en\/content\/articlelanding\/2020\/sc\/c9sc03414e#!divAbstract\" target=\"_blank\" rel=\"noopener\">article<\/a>][<a href=\"https:\/\/github.com\/cansyl\/DEEPscreen.\" target=\"_blank\" rel=\"noopener\">GitHub<\/a>]<\/li>\n<\/ul>\n<p style=\"padding-left: 30px\"><a href=\"\/vatalay?page_id=2\" target=\"_blank\" rel=\"noopener noreferrer\">list of all publicat<\/a><a href=\"\/vatalay?page_id=2\">ions<\/a><br \/><a href=\"https:\/\/scholar.google.com\/citations?hl=en&amp;user=Dk-ZeFkAAAAJ&amp;view_op=list_works&amp;sortby=pubdate\" target=\"_blank\" rel=\"noopener\">Google Scholar<\/a><\/p>\n<p><strong><span style=\"color: #0000ff\">SOFTWARE <br \/><\/span><\/strong><\/p>\n<p style=\"padding-left: 30px\"><strong>MDeePred <\/strong>[<a href=\"https:\/\/github.com\/cansyl\/MDeePred\" target=\"_blank\" rel=\"noopener\">GitHub<\/a>] pairwise input deep neural network regressor for drug-target affinity prediction for virtual screening <br \/><strong>CROssBAR<\/strong> [<a href=\"https:\/\/cansyl.metu.edu.tr\/crossbar\" target=\"_blank\" rel=\"noopener\">WebService<\/a>] Comprehensive Resource of Biomedical Relations with Deep Learning and Knowledge Graph Representations<br \/><strong>iBioProVis<\/strong> [<a href=\"https:\/\/ibioprovis.kansil.org\/\" target=\"_blank\" rel=\"noopener\">WebService<\/a>] visualization of compounds on 2D space in the context of their cognate targets<br \/><strong>DEEPScreen<\/strong> [<a href=\"https:\/\/github.com\/cansyl\/DEEPScreen\" target=\"_blank\" rel=\"noopener\">GitHub<\/a>] virtual screening with deep convolutional neural networks using compound images <br \/><strong>DEEPred<\/strong> \u00a0[<a href=\"https:\/\/github.com\/cansyl\/DEEPred\" target=\"_blank\" rel=\"noopener\">GitHub<\/a>] automated function prediction<br \/><strong>ECPred\u00a0<\/strong> [<a href=\"https:\/\/ecpred.kansil.org\/\" target=\"_blank\" rel=\"noopener\">WebService<\/a>][<a href=\"https:\/\/github.com\/cansyl\/ECPred\" target=\"_blank\" rel=\"noopener\">GitHub<\/a>] Enzyme Commission (EC) number prediction<\/p>\n<p>Other tools and services<\/p>\n<p><span style=\"color: #0000ff\"><strong>PROJECTS<\/strong><\/span><\/p>\n<p><strong>CROssBAR<\/strong> \u00a0\u00a0 [<a href=\"https:\/\/cansyl.metu.edu.tr\/crossbar\" target=\"_blank\" rel=\"noopener\">WebPage<\/a>]\u00a0\u00a0\u00a0 <br \/>we developed a comprehensive computational resource by linking various biomedical resources, generating relation predictions using machine\/deep learning, and developing information-rich knowledge graphs that incorporate available and predicted biomedical relationships with the aim of providing aid to biomedical researchers to further understand disease mechanisms and to discover\/develop new drugs<\/p>\n<p><strong>SmartHome Consortium<br \/><\/strong>A consortium of 18 companies and 5 universities lead by Arcelik\/BEKO to develop and implement a platform for smart homes. We are interested in data stream analytics and data stream clustering. We have developed a data stream clustering algorithm using UMAP to detect and adopt concept drifts that are changes in data.<\/p>\n<p><a href=\"https:\/\/blog.metu.edu.tr\/vatalay\/research\/\" target=\"_blank\" rel=\"noopener\">More about research<\/a><\/p>\n<p><span style=\"color: #0000ff\"><strong>CURRENT GRADUATE STUDENTS<\/strong><\/span><\/p>\n<ul>\n<li>Alperen Dalk\u0131ran, Ph.D. candidate<\/li>\n<li>Serkan \u00d6zen, Ph.D. candidate<\/li>\n<li>G\u00f6khan \u00d6zsar\u0131, Ph.D. candidate<\/li>\n<li>Ahmet Atakan, Ph.D. candidate<\/li>\n<li>Samet \u00d6zdilek, M.Sc. candidate<\/li>\n<li>Ali \u0130lker S\u0131\u011f\u0131rc\u0131, M.Sc. candidate<\/li>\n<li>Leyla Helin \u00c7etin, M.Sc. candidate<\/li>\n<li>Deniz Germen, M.Sc. candidate<\/li>\n<li>Ardan Y\u0131lmaz, M.Sc. candidate<\/li>\n<\/ul>\n<p><a href=\"http:\/\/blog.metu.edu.tr\/vatalay\/students\/\">Alumni<\/a><\/p>\n<p><span style=\"color: #0000ff\"><strong>EDUCATION<\/strong><\/span><\/p>\n<p style=\"padding-left: 30px\"><strong>Dipl\u00f4me de Docteur <\/strong>dans la sp\u00e9cialit\u00e9 Informatique (Ph.D. in Computer Science), 1993, <em>Universit\u00e9 Paris Descartes (Paris V)<\/em>, Paris, France<br \/><strong>Dipl\u00f4me d\u2019Etudes Approfondies <\/strong>en Informatique, 1991, <em>Universit\u00e9 Paris Descartes (Paris V)<\/em>, Paris, France<br \/><strong>Master of Science <\/strong>in Electrical and Electronics Engineering, 1990, <em>METU<\/em>, Ankara, Turkey<br \/><strong>Bachelor of Science <\/strong>in Electrical and Electronics Engineering, 1987, <em>METU<\/em>, Ankara, Turkey<\/p>\n<p><span style=\"color: #0000ff\"><strong>PROFESSIONAL POSITIONS<\/strong><\/span><\/p>\n<p style=\"padding-left: 30px\"><strong>Professor<\/strong>, <em>METU<\/em>, Ankara, Turkey, 2005-2023<br \/><strong>Associate Professor<\/strong>, <em>METU<\/em>, Ankara, Turkey, 1998-2005<br \/><strong>Visiting Research Associate Professor<\/strong>, <em>Virginia Bioinformatics Institute<\/em>, <em>Virginia Tech<\/em>, VA, USA, Jan. 2004-Jan. 2005<br \/><strong>Assistant Professor<\/strong>, <em>METU<\/em>, Ankara, Turkey, 1993-1998<br \/><strong>Instructor<\/strong>, <em>Universit\u00e9 Paris Descartes (Paris V)<\/em>, Paris, France, 1993<br \/><strong>Visiting Scholar<\/strong>, <em>New Jersey Institute of Technology<\/em>, NJ, USA, 1991-1992<\/p>\n<p><span style=\"color: #0000ff\"><strong>MAJOR ADMINISTRATIONAL POSITIONS<\/strong><\/span><\/p>\n<p style=\"padding-left: 30px\"><strong>Vice President <\/strong>for research, <em>METU<\/em>, 2010-2016<br \/><strong>Chairman of Board<\/strong>, <em>ODT\u00dc TEKNOKENT<\/em> (<em>METU Technopolis)<\/em>, 2010-2016<br \/><strong>Member of University Senate<\/strong>, <em>METU<\/em>, 2010-2016<br \/><strong>Assistant to President<\/strong>, <em>METU<\/em>, 2008-2010<br \/><strong>Board Member<\/strong>, <em>Informatics Association of Turkey<\/em>, 2009-2011<br \/><strong>Department Chairperson<\/strong>, <em>METU Dep. of Computer Eng<\/em>., 2007-2008<\/p>\n<p><span style=\"color: #0000ff\"><strong>TEACHING<\/strong><\/span><\/p>\n<ul>\n<li>CEng 310 Algorithms and Data Structures with Python<\/li>\n<li>CEng 232 Logic Design<\/li>\n<li>CEng 301 Algorithms and Data Structures<\/li>\n<li><a href=\"https:\/\/catalog.metu.edu.tr\/course.php?prog=571&amp;course_code=5710336\" target=\"_blank\" rel=\"noopener noreferrer\">CEng 336 Introduction to Embedded Systems Development<\/a><\/li>\n<li><a href=\"http:\/\/blog.metu.edu.tr\/vatalay\/ceng-574-statistical-data-analysis\/\" target=\"_blank\" rel=\"noopener noreferrer\">CEng 574 Statistical Data Analysis<\/a><\/li>\n<\/ul>\n<p><span style=\"color: #0000ff\"><strong>CONSULTANCY<\/strong><\/span><\/p>\n<ul>\n<li>Member, International Technical Advisory Board of Arcelik (Research and Development Directorate), 2011-2022<\/li>\n<li>Member, Board of Directors of Izmir Biomedicine and Genome Institute (iBG-izmir), 2018-2020<\/li>\n<li>Member, Technology Advisory Board of Turkish Aerospace Industries (TAI), 2011-2018<\/li>\n<\/ul>\n<p><span style=\"color: #0000ff\"><strong>CONTACT <span style=\"color: #000000\">vatalay AT metu.edu.tr<\/span><\/strong><\/span><\/p>\n\n\n<p><\/p>\n","protected":false},"excerpt":{"rendered":"<p>I served as a professor of Computer Engineering at the Middle East Technical University\u00a0(METU), Ankara, Turkey.My research interests lie in the areas of\u00a0&#8211; machine learning for bioinformatics,\u00a0&#8211; data stream analysis and clustering, and\u00a0&#8211; machine learning applications. RECENT SELECTED PUBLICATIONS CROssBAR: comprehensive resource of biomedical relations with knowledge graph representations Nucleic Acids Research 49:e96 [article][WebPage][WebService] MDeePred: [&hellip;]<\/p>\n","protected":false},"author":1875,"featured_media":0,"parent":0,"menu_order":0,"comment_status":"closed","ping_status":"closed","template":"","meta":{"footnotes":"","_links_to":"","_links_to_target":""},"class_list":["post-7","page","type-page","status-publish","hentry"],"_links":{"self":[{"href":"https:\/\/blog.metu.edu.tr\/vatalay\/wp-json\/wp\/v2\/pages\/7","targetHints":{"allow":["GET"]}}],"collection":[{"href":"https:\/\/blog.metu.edu.tr\/vatalay\/wp-json\/wp\/v2\/pages"}],"about":[{"href":"https:\/\/blog.metu.edu.tr\/vatalay\/wp-json\/wp\/v2\/types\/page"}],"author":[{"embeddable":true,"href":"https:\/\/blog.metu.edu.tr\/vatalay\/wp-json\/wp\/v2\/users\/1875"}],"replies":[{"embeddable":true,"href":"https:\/\/blog.metu.edu.tr\/vatalay\/wp-json\/wp\/v2\/comments?post=7"}],"version-history":[{"count":0,"href":"https:\/\/blog.metu.edu.tr\/vatalay\/wp-json\/wp\/v2\/pages\/7\/revisions"}],"wp:attachment":[{"href":"https:\/\/blog.metu.edu.tr\/vatalay\/wp-json\/wp\/v2\/media?parent=7"}],"curies":[{"name":"wp","href":"https:\/\/api.w.org\/{rel}","templated":true}]}}