{"id":51,"date":"2018-01-25T23:41:35","date_gmt":"2018-01-25T20:41:35","guid":{"rendered":"http:\/\/blog.metu.edu.tr\/vatalay\/?page_id=51"},"modified":"2023-06-27T06:52:43","modified_gmt":"2023-06-27T03:52:43","slug":"students","status":"publish","type":"page","link":"https:\/\/blog.metu.edu.tr\/vatalay\/students\/","title":{"rendered":"Students"},"content":{"rendered":"<p>I am lucky to work or to have worked with the following great students.<\/p>\n<p><strong>Current Graduate Students<\/strong><\/p>\n<ul>\n<li>Alperen Dalk\u0131ran, Ph.D. candidate<\/li>\n<li>Serkan \u00d6zen, Ph.D. candidate<\/li>\n<li>G\u00f6khan \u00d6zsar\u0131, Ph.D. candidate<\/li>\n<li>Ahmet Atakan, Ph.D. candidate<\/li>\n<li>Samet \u00d6zdilek, M.Sc. candidate<\/li>\n<li>Ali \u0130lker S\u0131\u011f\u0131rc\u0131, M.Sc. candidate<\/li>\n<li>Leyla Helin \u00c7etin, M.Sc. candidate<\/li>\n<li>Deniz Germen, M.Sc. candidate<\/li>\n<li>Ardan Y\u0131lmaz, M.Sc. candidate<\/li>\n<\/ul>\n<p><strong>Graduated Doctoral Students: <\/strong><\/p>\n<ul>\n<li><a href=\"https:\/\/twitter.com\/ademmulayim?lang=en\" target=\"_blank\" rel=\"noopener\">Adem Ya\u015far M\u00fclayim<\/a>, Ph.D., 2002.<\/li>\n<li><a href=\"http:\/\/academic.cankaya.edu.tr\/~reza\/\" target=\"_blank\" rel=\"noopener\">Reza Hassanpour<\/a>, Ph.D. , 2003.<\/li>\n<li>(with R. Duin) Musa Mohamed, Ph.D., 2003.<\/li>\n<li>(with R. \u00c7etin-Atalay) <a href=\"http:\/\/akademi.itu.edu.tr\/ssarac\/\" target=\"_blank\" rel=\"noopener\">\u00d6mer Sinan Sara\u00e7<\/a>, Ph.D., 2008.<\/li>\n<li>(with R. \u00c7etin-Atalay) <a href=\"https:\/\/www.linkedin.com\/in\/levent-%C3%A7arkac%C4%B1o%C4%9Flu-317b4383\/\" target=\"_blank\" rel=\"noopener\">Levent \u00c7arkac\u0131o\u011flu<\/a>, Ph.D., 2009.<\/li>\n<li><a href=\"http:\/\/www.ctis.bilkent.edu.tr\/ctis_singleStaff.php?ID=6\" target=\"_blank\" rel=\"noopener\">Serkan Gen\u00e7<\/a>, Ph.D., 2010.<\/li>\n<li>(with R. \u00c7etin-Atalay) <a href=\"http:\/\/debis.deu.edu.tr\/akademiktr\/index.php?cat=3&amp;akod=20140532\" target=\"_blank\" rel=\"noopener\">Zerrin Isik<\/a>, Ph.D., 2011.<\/li>\n<li>K\u0131r\u00e7i\u00e7e\u011fi Yoksul-Korkmaz, Ph.D., 2012.<\/li>\n<li>Ahmet S\u00fcreyya Rifaio\u011flu, Ph.D., 2020.<\/li>\n<li>(with R. \u00c7etin-Atalay) Alaettin Zubaro\u011flu, Ph.D., 2023.<\/li>\n<\/ul>\n<p>(also partially supervised Ph.D. thesis of M.Borchani of Universit\u00e9 Paris Descartes, Paris, France)<\/p>\n<p><strong>Graduated M.Sc. Students<\/strong><\/p>\n<ul>\n<li><a href=\"https:\/\/twitter.com\/ademmulayim?lang=en\" target=\"_blank\" rel=\"noopener\">Adem Ya\u015far M\u00fclayim<\/a>, M.Sc., 1996.<\/li>\n<li>Mehmet U\u011fur Y\u0131lmaz, M.Sc., 1996.<\/li>\n<li>G\u00fcrhan \u00d6zdemir, M.Sc., 1996.<\/li>\n<li>C\u00fcneyt Avc\u0131, M.Sc., 1997.<\/li>\n<li>Ebru Dincel, M.Sc., 1998.<\/li>\n<li>P\u0131nar Duygulu, M.Sc., 1998.<\/li>\n<li>Davut \u00c7ulha, M.Sc., 1998.<\/li>\n<li>Erkan Arslan, M.Sc., 1998.<\/li>\n<li>Serkan Gen\u00e7, M.Sc., 1999.<\/li>\n<li>(with M.Bulut) Selin Baskan, M.Sc., 2000.<\/li>\n<li>Ali \u00d6zzeybek, M.Sc., 2001.<\/li>\n<li>Ula\u015f Y\u0131lmaz, M.Sc., 2002.<\/li>\n<li>Koray Balc\u0131, M.Sc., 2002.<\/li>\n<li>O\u011fuz \u00d6z\u00fcn, M.Sc., 2002.<\/li>\n<li>Bur\u00e7ak Otlu, M.Sc., 2002.<\/li>\n<li>K\u0131r\u00e7i\u00e7e\u011fi Ak\u0131nc\u0131, M.Sc., 2002.<\/li>\n<li>Sait Ula\u015f, M.Sc., 2002.<\/li>\n<li>\u00d6ncel T\u00fczel, M.Sc., 2003.<\/li>\n<li><a href=\"https:\/\/www.linkedin.com\/in\/mustafa-yaman-ph-d-0b8691b\/\" target=\"_blank\" rel=\"noopener\">Mustafa Yaman<\/a>, M.Sc., 2003.<\/li>\n<li>G\u00f6khan Eke, M.Sc., 2003.<\/li>\n<li>Emre Mengi, M.Sc., 2003.<\/li>\n<li>Aykut Erdem, M.Sc., 2003.<\/li>\n<li>Erkut Erdem, M.Sc., 2003.<\/li>\n<li>Bur\u00e7in Bozkurt, M.Sc., 2003.<\/li>\n<li>Mert \u00d6zarar, M.Sc., 2003.<\/li>\n<li>G\u00f6khan Teke, M.Sc., 2003.<\/li>\n<li>Oral Dalay, M.Sc., 2006.<\/li>\n<li>Perit Bezek, M.Sc., 2007.<\/li>\n<li>G\u00f6khan Tekkaya, M.Sc., 2007.<\/li>\n<li><a href=\"https:\/\/www.linkedin.com\/in\/gokcen-cilingir\/\" target=\"_blank\" rel=\"noopener\">G\u00f6k\u00e7en Alay<\/a>, M.Sc., 2007.<\/li>\n<li>Yavuz \u015eahin, M.Sc., 2008.<\/li>\n<li>Ay\u015feg\u00fcl Yaman, M.Sc., 2009.<\/li>\n<li>Ahmet S\u00fcreyya Rifaioglu, M.Sc., 2015.<\/li>\n<li><a href=\"https:\/\/www.linkedin.com\/in\/hasan-fehmi-danaci-4b887716\/\" target=\"_blank\" rel=\"noopener\">Hasan Fehmi Danac\u0131<\/a>, M.Sc., 2015.<\/li>\n<li>Alperen Dalk\u0131ran, M.Sc., 2017.<\/li>\n<li>Erkan Ak\u0131n, M.Sc., 2019.<\/li>\n<li>F\u0131rat Aksoydan, M.Sc., 2019.<\/li>\n<li>G\u00f6khan \u00d6zsar\u0131, M.Sc., 2019.<\/li>\n<li>Ahmet Atakan, M.Sc., 2020.<\/li>\n<li>Ataberk D\u00f6nmez, M.Sc., 2021.<\/li>\n<li>Ecehan Sava\u015f Ba\u015fak, M.Sc., 2021.<\/li>\n<li>\u00d6zlem \u00d6zdo\u011fan, M.Sc., 2021.<\/li>\n<li>Mehmet Din\u00e7, M.Sc., 2022.<\/li>\n<\/ul>\n","protected":false},"excerpt":{"rendered":"<p>I am lucky to work or to have worked with the following great students. Current Graduate Students Alperen Dalk\u0131ran, Ph.D. candidate Serkan \u00d6zen, Ph.D. candidate G\u00f6khan \u00d6zsar\u0131, Ph.D. candidate Ahmet Atakan, Ph.D. candidate Samet \u00d6zdilek, M.Sc. candidate Ali \u0130lker S\u0131\u011f\u0131rc\u0131, M.Sc. candidate Leyla Helin \u00c7etin, M.Sc. candidate Deniz Germen, M.Sc. candidate Ardan Y\u0131lmaz, M.Sc. candidate [&hellip;]<\/p>\n","protected":false},"author":1875,"featured_media":0,"parent":0,"menu_order":0,"comment_status":"closed","ping_status":"closed","template":"","meta":{"footnotes":"","_links_to":"","_links_to_target":""},"class_list":["post-51","page","type-page","status-publish","hentry"],"_links":{"self":[{"href":"https:\/\/blog.metu.edu.tr\/vatalay\/wp-json\/wp\/v2\/pages\/51","targetHints":{"allow":["GET"]}}],"collection":[{"href":"https:\/\/blog.metu.edu.tr\/vatalay\/wp-json\/wp\/v2\/pages"}],"about":[{"href":"https:\/\/blog.metu.edu.tr\/vatalay\/wp-json\/wp\/v2\/types\/page"}],"author":[{"embeddable":true,"href":"https:\/\/blog.metu.edu.tr\/vatalay\/wp-json\/wp\/v2\/users\/1875"}],"replies":[{"embeddable":true,"href":"https:\/\/blog.metu.edu.tr\/vatalay\/wp-json\/wp\/v2\/comments?post=51"}],"version-history":[{"count":0,"href":"https:\/\/blog.metu.edu.tr\/vatalay\/wp-json\/wp\/v2\/pages\/51\/revisions"}],"wp:attachment":[{"href":"https:\/\/blog.metu.edu.tr\/vatalay\/wp-json\/wp\/v2\/media?parent=51"}],"curies":[{"name":"wp","href":"https:\/\/api.w.org\/{rel}","templated":true}]}}