{"id":37,"date":"2016-09-26T12:23:50","date_gmt":"2016-09-26T09:23:50","guid":{"rendered":"http:\/\/blog.metu.edu.tr\/vatalay\/?page_id=37"},"modified":"2022-09-27T22:07:11","modified_gmt":"2022-09-27T19:07:11","slug":"ceng-574-statistical-data-analysis","status":"publish","type":"page","link":"https:\/\/blog.metu.edu.tr\/vatalay\/ceng-574-statistical-data-analysis\/","title":{"rendered":"CEng 574 Statistical Data Analysis"},"content":{"rendered":"<p style=\"text-align: left\"><strong>MIDDLE EAST TECHNICAL UNIVERSITY<br \/>\nDEPT. OF COMPUTER ENGINEERING<br \/>\n<\/strong><\/p>\n<p style=\"text-align: left\"><strong>CEng 574 STATISTICAL DATA ANALYSIS<br \/>\nFall 2022<br \/>\nCourse Webpage<\/strong><\/p>\n<p style=\"padding-left: 30px\"><strong>Instructor<\/strong>\u00a0 \u00a0 \u00a0 Volkan Atalay<br \/>\n<em>e-mail<\/em>\u00a0 \u00a0 \u00a0 \u00a0 \u00a0 \u00a0 \u00a0 vatalay AT metu.edu.tr<br \/>\n<em>office<\/em> \u00a0\u00a0\u00a0\u00a0\u00a0\u00a0\u00a0\u00a0\u00a0\u00a0\u00a0\u00a0\u00a0\u00a0 A-406<br \/>\n<strong>Class<\/strong>\u00a0 \u00a0 \u00a0 \u00a0 \u00a0 \u00a0 \u00a0 \u00a0Thursday 9:40-12:30\u00a0 at G-102 (this classroom is in Computer Center)<br \/>\n<strong>Office Hour<\/strong> \u00a0 <em>TBA<\/em><\/p>\n<p><strong>Course web page address<\/strong> <a href=\"http:\/\/blog.metu.edu.tr\/vatalay\/ceng-574-statistical-data-analysis\/\"> http:\/\/blog.metu.edu.tr\/vatalay\/ceng-574-statistical-data-analysis\/<\/a><br \/>\n<strong>Course Objectives<\/strong><br \/>\nThe objective of this course is to introduce the concepts and techniques of clustering and multivariate and exploratory data analysis. This course also offers an opportunity to perform data analysis by using data visualization, projection, and embedding.<br \/>\n<strong>Prerequisites \u00a0\u00a0\u00a0 <\/strong>Knowledge of programming, probability,\u00a0and linear algebra.<br \/>\n<strong>Main Reference Book<\/strong><br \/>\nAlpayd\u0131n, <em>Introduction to Machine Learning,<\/em> 2<sup>nd<\/sup> Edition (2010) or 3<sup>rd<\/sup> Edition (2014), The MIT Press.<br \/>\n(Yapay \u00d6\u011frenme, Turkish language edition, translated by the author, Bo\u011fazi\u00e7i \u00dcniversitesi Yay\u0131nevi, 1st Edition 2011, 2nd Edition 2013, 3rd Edition 2017)<\/p>\n<p><strong>Course Outline<\/strong><br \/>\n1\u00a0\u00a0\u00a0\u00a0\u00a0\u00a0\u00a0\u00a0\u00a0 Data representation, distance metrics, and similarity measures<br \/>\n2\u00a0\u00a0\u00a0\u00a0\u00a0\u00a0\u00a0\u00a0\u00a0 Linear and non-linear projection methods, data embedding methods<br \/>\n3\u00a0\u00a0\u00a0\u00a0\u00a0\u00a0\u00a0\u00a0\u00a0 Data clustering algorithms and methods<br \/>\n4\u00a0\u00a0\u00a0\u00a0\u00a0\u00a0\u00a0\u00a0\u00a0 Evaluation of clustering algorithms and validation of clusterings<br \/>\n5\u00a0\u00a0\u00a0\u00a0\u00a0\u00a0\u00a0\u00a0\u00a0 Applications of data clustering in various fields such as bioinformatics and data stream analysis<\/p>\n<p><strong>Grading<br \/>\n<\/strong>Assignment #1, #2 \u00a0\u00a0\u00a0 \u00a0\u00a0\u00a0 \u00a0\u00a0\u00a0\u00a0\u00a0\u00a0\u00a0\u00a0\u00a0\u00a0 3pts each\u00a0\u00a0\u00a0\u00a0\u00a0\u00a0\u00a0\u00a0 6<br \/>\nAssignment #3, #4, #5 \u00a0\u00a0\u00a0 \u00a0\u00a0\u00a0 \u00a0 10pts each\u00a0\u00a0\u00a0\u00a0\u00a0\u00a0 30<br \/>\nAssignment #6 \u00a0 \u00a0 \u00a0 \u00a0 \u00a0 \u00a0 \u00a0 \u00a0 \u00a0 \u00a0\u00a0 \u00a0\u00a0\u00a0\u00a0 6pts \u00a0 \u00a0 \u00a0 \u00a0\u00a0 \u00a0\u00a0\u00a0\u00a0\u00a0\u00a0\u00a0 6<br \/>\nFinal dataset analysis \u00a0 \u00a0 \u00a0 \u00a0 \u00a0 \u00a0 \u00a0 \u00a0 \u00a0 \u00a0 \u00a0 \u00a0 \u00a0 \u00a0\u00a0\u00a0\u00a0\u00a0\u00a0\u00a0\u00a0\u00a0\u00a0\u00a0 18<br \/>\nMidterm\u00a0\u00a0\u00a0 \u00a0\u00a0\u00a0 \u00a0\u00a0\u00a0 \u00a0\u00a0\u00a0 \u00a0\u00a0\u00a0 \u00a0\u00a0\u00a0 \u00a0\u00a0\u00a0\u00a0\u00a0\u00a0\u00a0\u00a0\u00a0\u00a0\u00a0\u00a0\u00a0\u00a0\u00a0\u00a0\u00a0\u00a0\u00a0\u00a0\u00a0\u00a0\u00a0\u00a0\u00a0\u00a0\u00a0\u00a0\u00a0\u00a0\u00a0\u00a0\u00a0\u00a0\u00a0\u00a0\u00a0 30<br \/>\nAttendance and class participation\u00a0\u00a0\u00a0\u00a0\u00a0\u00a0\u00a0\u00a0\u00a0\u00a0\u00a0\u00a0\u00a0\u00a0\u00a0 10<\/p>\n<p><strong>Notes and Remarks<\/strong><br \/>\n<strong><span style=\"color: #ff0000\">Students coming from graduate programs other than the Computer Engineering program should attend the first class.<\/span><\/strong><\/p>\n<p>We will use <a href=\"http:\/\/odtuclass.metu.edu.tr\/\">ODTUClass<\/a> for the conduct and for all of the materials for this course.<br \/>\nAssignments should be done on an individual basis.<br \/>\nThe final dataset analysis will be performed in a team setting of 2 persons.<br \/>\nLate submission policy: you have a total of 4 days of late submission.<br \/>\nAcademic Integrity Guide for Students: <a href=\"http:\/\/oidb.metu.edu.tr\/system\/files\/Academic%20Integrity%20Guide%20for%20Students.pdf\">http:\/\/oidb.metu.edu.tr\/system\/files\/Academic%20Integrity%20Guide%20for%20Students.pdf<\/a><\/p>\n<p><span style=\"color: #ff0000\"><a href=\"https:\/\/drive.google.com\/file\/d\/1NopiODWt4BEh1jq63tnXntEkQDB-q0Z2\/view?usp=sharing\" target=\"_blank\" rel=\"noopener\"><span style=\"color: #ff0000\">Introduction lecture slides<\/span><\/a><\/span><\/p>\n<p><span style=\"color: #ff0000\">\u00a0<\/span><\/p>\n<p><strong>Related Links<\/strong><br \/>\n<strong>PCA<\/strong><br \/>\nA Tutorial on Principal Component Analysis, Jonathon Shlens, 2014, <a href=\"http:\/\/arxiv.org\/pdf\/1404.1100v1.pdf\">http:\/\/arxiv.org\/pdf\/1404.1100v1.pdf<\/a><br \/>\nA tutorial on Principal Components Analysis, Lindsay I Smith, February 26, 2002, <a href=\"http:\/\/www.cs.otago.ac.nz\/cosc453\/student_tutorials\/principal_components.pdf\">http:\/\/www.cs.otago.ac.nz\/cosc453\/student_tutorials\/principal_components.pdf<\/a><\/p>\n","protected":false},"excerpt":{"rendered":"<p>MIDDLE EAST TECHNICAL UNIVERSITY DEPT. OF COMPUTER ENGINEERING CEng 574 STATISTICAL DATA ANALYSIS Fall 2022 Course Webpage Instructor\u00a0 \u00a0 \u00a0 Volkan Atalay e-mail\u00a0 \u00a0 \u00a0 \u00a0 \u00a0 \u00a0 \u00a0 vatalay AT metu.edu.tr office \u00a0\u00a0\u00a0\u00a0\u00a0\u00a0\u00a0\u00a0\u00a0\u00a0\u00a0\u00a0\u00a0\u00a0 A-406 Class\u00a0 \u00a0 \u00a0 \u00a0 \u00a0 \u00a0 \u00a0 \u00a0Thursday 9:40-12:30\u00a0 at G-102 (this classroom is in Computer Center) Office Hour \u00a0 [&hellip;]<\/p>\n","protected":false},"author":1875,"featured_media":0,"parent":0,"menu_order":0,"comment_status":"closed","ping_status":"closed","template":"","meta":{"footnotes":"","_links_to":"","_links_to_target":""},"class_list":["post-37","page","type-page","status-publish","hentry"],"_links":{"self":[{"href":"https:\/\/blog.metu.edu.tr\/vatalay\/wp-json\/wp\/v2\/pages\/37","targetHints":{"allow":["GET"]}}],"collection":[{"href":"https:\/\/blog.metu.edu.tr\/vatalay\/wp-json\/wp\/v2\/pages"}],"about":[{"href":"https:\/\/blog.metu.edu.tr\/vatalay\/wp-json\/wp\/v2\/types\/page"}],"author":[{"embeddable":true,"href":"https:\/\/blog.metu.edu.tr\/vatalay\/wp-json\/wp\/v2\/users\/1875"}],"replies":[{"embeddable":true,"href":"https:\/\/blog.metu.edu.tr\/vatalay\/wp-json\/wp\/v2\/comments?post=37"}],"version-history":[{"count":0,"href":"https:\/\/blog.metu.edu.tr\/vatalay\/wp-json\/wp\/v2\/pages\/37\/revisions"}],"wp:attachment":[{"href":"https:\/\/blog.metu.edu.tr\/vatalay\/wp-json\/wp\/v2\/media?parent=37"}],"curies":[{"name":"wp","href":"https:\/\/api.w.org\/{rel}","templated":true}]}}