{"id":17,"date":"2013-10-14T23:02:52","date_gmt":"2013-10-14T20:02:52","guid":{"rendered":"http:\/\/blog.metu.edu.tr\/vatalay\/?page_id=17"},"modified":"2013-10-14T23:16:29","modified_gmt":"2013-10-14T20:16:29","slug":"misc","status":"publish","type":"page","link":"https:\/\/blog.metu.edu.tr\/vatalay\/misc\/","title":{"rendered":"Misc"},"content":{"rendered":"<ul>\n<li><a title=\"AndroidDevDays: Prof. Dr. Volkan Atalay - A\u00e7\u0131l\u0131\u015f Konu\u015fmas\u0131\" href=\"http:\/\/www.youtube.com\/watch?v=8gqPtYUo8ME\" target=\"_blank\">Android Geli\u015ftirici G\u00fcnleri &#8211;\u00a0A\u00e7\u0131l\u0131\u015f Konu\u015fmas\u0131\u00a0<\/a>21\/22 May\u0131s 2012-ODT\u00dc K\u00fclt\u00fcr ve Kongre Merkezi<\/li>\n<li><\/li>\n<\/ul>\n","protected":false},"excerpt":{"rendered":"<p>Android Geli\u015ftirici G\u00fcnleri &#8211;\u00a0A\u00e7\u0131l\u0131\u015f Konu\u015fmas\u0131\u00a021\/22 May\u0131s 2012-ODT\u00dc K\u00fclt\u00fcr ve Kongre Merkezi<\/p>\n","protected":false},"author":1875,"featured_media":0,"parent":0,"menu_order":7,"comment_status":"closed","ping_status":"closed","template":"","meta":{"footnotes":"","_links_to":"","_links_to_target":""},"class_list":["post-17","page","type-page","status-publish","hentry"],"_links":{"self":[{"href":"https:\/\/blog.metu.edu.tr\/vatalay\/wp-json\/wp\/v2\/pages\/17","targetHints":{"allow":["GET"]}}],"collection":[{"href":"https:\/\/blog.metu.edu.tr\/vatalay\/wp-json\/wp\/v2\/pages"}],"about":[{"href":"https:\/\/blog.metu.edu.tr\/vatalay\/wp-json\/wp\/v2\/types\/page"}],"author":[{"embeddable":true,"href":"https:\/\/blog.metu.edu.tr\/vatalay\/wp-json\/wp\/v2\/users\/1875"}],"replies":[{"embeddable":true,"href":"https:\/\/blog.metu.edu.tr\/vatalay\/wp-json\/wp\/v2\/comments?post=17"}],"version-history":[{"count":0,"href":"https:\/\/blog.metu.edu.tr\/vatalay\/wp-json\/wp\/v2\/pages\/17\/revisions"}],"wp:attachment":[{"href":"https:\/\/blog.metu.edu.tr\/vatalay\/wp-json\/wp\/v2\/media?parent=17"}],"curies":[{"name":"wp","href":"https:\/\/api.w.org\/{rel}","templated":true}]}}