{"id":69,"date":"2014-04-04T08:29:28","date_gmt":"2014-04-04T05:29:28","guid":{"rendered":"http:\/\/blog.metu.edu.tr\/tuyilmaz\/?page_id=69"},"modified":"2025-01-23T09:12:08","modified_gmt":"2025-01-23T06:12:08","slug":"research_group","status":"publish","type":"page","link":"https:\/\/blog.metu.edu.tr\/tuyilmaz\/research_group\/","title":{"rendered":"RESEARCH GROUP"},"content":{"rendered":"<p><a href=\"https:\/\/blog.metu.edu.tr\/tuyilmaz\/files\/2023\/10\/photo_2023-10-27_17-19-59.jpg\"><img loading=\"lazy\" decoding=\"async\" class=\"alignleft size-full wp-image-311\" src=\"https:\/\/blog.metu.edu.tr\/tuyilmaz\/files\/2023\/10\/photo_2023-10-27_17-19-59.jpg\" alt=\"\" width=\"1280\" height=\"960\" srcset=\"https:\/\/blog.metu.edu.tr\/tuyilmaz\/files\/2023\/10\/photo_2023-10-27_17-19-59.jpg 1280w, https:\/\/blog.metu.edu.tr\/tuyilmaz\/files\/2023\/10\/photo_2023-10-27_17-19-59-300x225.jpg 300w, https:\/\/blog.metu.edu.tr\/tuyilmaz\/files\/2023\/10\/photo_2023-10-27_17-19-59-1024x768.jpg 1024w, https:\/\/blog.metu.edu.tr\/tuyilmaz\/files\/2023\/10\/photo_2023-10-27_17-19-59-768x576.jpg 768w, https:\/\/blog.metu.edu.tr\/tuyilmaz\/files\/2023\/10\/photo_2023-10-27_17-19-59-624x468.jpg 624w\" sizes=\"auto, (max-width: 1280px) 100vw, 1280px\" \/><\/a><\/p>\n<p><span style=\"color: #0000ff\"><strong>CURRENT GRADUATE STUDENTS<\/strong><\/span><\/p>\n<p>Ali \u00c7em \u00c7atal (PhD)<\/p>\n<p>Deniz Ruhi Yal\u00e7\u0131n (PhD)<\/p>\n<p>Aysu Ar\u0131k (MS)<\/p>\n<p>\u0130dil Derin Akgedik (MS)<\/p>\n<p>Sebahattin Furkan Aksuo\u011flu (MS)<\/p>\n<p>G\u00fcrb\u00fcz Doruk S\u00f6\u011f\u00fctl\u00fc (BS)<\/p>\n<p><span style=\"color: #0000ff\"><strong>GRADUATED MEMBERS<\/strong><\/span><\/p>\n<p><strong>Dr. Ali Ulvi Galip \u015eenocak (PhD 2024)<\/strong>. <a href=\"https:\/\/open.metu.edu.tr\/handle\/11511\/112676\">Explainable and Context-Aware Machine Learning For Common and Imbalanced Atmospheric Forecasting. Ankara, ODTU.\u00a0<\/a><\/p>\n<p><strong>Dr. Eren D\u00fczenli (PhD 2022)<\/strong>. <a href=\"https:\/\/open.metu.edu.tr\/handle\/11511\/99764\">Evaluation of the WRF &amp; WRF-Hydro modeling system to better understand the hydrometeorological interactions over humid and semi-arid climate conditions. Ankara, ODTU.<\/a><\/p>\n<p><strong>Dr. Burak Bulut (Phd 2021)<\/strong>. <a href=\"https:\/\/open.metu.edu.tr\/handle\/11511\/91437\">Estimation of wheat yields by using remotely sensed and modeled agro-meteorological data-driven statistical and crop growth models. Ankara, ODTU.<\/a><\/p>\n<p><strong>Dr. Muhammad Amjad (PhD 2020)<\/strong>. <a href=\"https:\/\/open.metu.edu.tr\/handle\/11511\/45228\">Evaluating and merging model- and satellite-based precipitation products over varying climate and topography. Ankara, ODTU<\/a>.<\/p>\n<p><strong>Dr. Mehdi Hesami Afshar (PhD 2019)<\/strong>. <a href=\"https:\/\/open.metu.edu.tr\/handle\/11511\/27917\">Investigation of added utility of nonlinear techniques in rescaling soil moisture datasets. Ankara, ODTU.<\/a><\/p>\n<p><strong>Ali Cem \u00c7atal (MS 2024)<\/strong>. <a href=\"https:\/\/open.metu.edu.tr\/handle\/11511\/112912\">Investigation of the sensitivity of WRF radiation physics options to hourly and daily temperature prediction accuracy. Ankara, ODTU.<\/a><\/p>\n<p><strong>\u00c7a\u011fatay \u00c7akan (MS 2024)<\/strong>. <a href=\"https:\/\/open.metu.edu.tr\/handle\/11511\/112252\">GPCC and GPCP precipitation products and GRACE and GRACE-FO terrestrial water storage observations for the assessment of drought recovery times, Ankara, ODTU.<\/a><\/p>\n<p><strong>Sena Yilmaz (MS 2023)<\/strong>. <a href=\"https:\/\/open.metu.edu.tr\/handle\/11511\/105613\">Assessing The Performance of a Novel HBV Model: A Comparative Analysis with Existing HBV-Light Model and Climate Projections. Ankara, ODTU.<\/a><\/p>\n<p><strong>Beril Ayd\u0131n (MS 2023).<\/strong> <a href=\"https:\/\/open.metu.edu.tr\/handle\/11511\/102022\">Accuracy analyses of numeric weather prediction-based stratiform and convective precipitation shortterm forecasts over Turkey. Ankara, ODTU.<\/a><\/p>\n<p><strong>Numan Burak Bark\u0131\u015f (MS 2022)<\/strong>. <a href=\"https:\/\/open.metu.edu.tr\/handle\/11511\/99563\">Investigating The Effects Of Climate Change On The Surface Runoff Potential Over Kizilirmak Basin. Ankara, ODTU.<\/a><\/p>\n<p><strong>Elif D\u00f6nmez Alt\u0131ndal (MS 2022)<\/strong>. <a href=\"https:\/\/open.metu.edu.tr\/handle\/11511\/98586\">Multispectral Multi-Temporal Crop Cover Classification Over T\u00fcrkiye Using Random Forest Algorithm. Ankara, ODTU.<\/a><\/p>\n<p><strong>Nuri Erhan Ersoy (MS 2022)<\/strong>. <a href=\"https:\/\/open.metu.edu.tr\/handle\/11511\/96769\">Impact of climate change over the variability of drought characteristics over 25 basins of Turkey. Ankara, ODTU<\/a>.<\/p>\n<p><strong>Yousefi Kaveh Patakchi (MS 2020)<\/strong>. <a href=\"https:\/\/catalog.library.metu.edu.tr\/search~S9\/?searchtype=a&amp;searcharg=Patakchi&amp;searchscope=8&amp;SORT=D&amp;extended=0&amp;SUBMIT=Search&amp;searchlimits=&amp;searchorigarg=aPatakchi+\">Estimation of bias-corrected high-resolution radar precipitation maps using the radar and rain gauge network over Turkey. Ankara, ODTU<\/a>.<\/p>\n<p><strong>Ipek Gul Karasu (MS 2019)<\/strong>. <a href=\"https:\/\/catalog.library.metu.edu.tr\/search~S8?\/aKarasu\/akarasu\/1%2C4%2C8%2CB\/frameset&amp;FF=akarasu+ipek+gu~al&amp;1%2C1%2C\">Intercomparison of grace-based groundwater level change and in-situ measurements over Central Anatolia basins, Turkey Ankara, ODTU<\/a>.<\/p>\n<p><strong>Ali Ulvi Galip Senocak (MS 2019)<\/strong>. <a href=\"https:\/\/catalog.library.metu.edu.tr\/search~S8?\/a{u015F}enocak\/as~aenocak\/1%2C2%2C2%2CB\/frameset&amp;FF=as~aenocak+ali+ulvi+galip&amp;1%2C1%2C\">Detection of reservoir water levels using landsat remote sensing data over Ermenek and Alt\u0131nkaya dams Ankara, ODTU<\/a>.<\/p>\n<p><strong>Mehmet Ali \u00c7olak (MS 2017)<\/strong>. <a href=\"https:\/\/catalog.library.metu.edu.tr\/search~S8\/?searchtype=a&amp;searcharg=%C3%A7olak%2C+mehmet+ali&amp;searchscope=4&amp;SORT=D&amp;extended=0&amp;SUBMIT=Search&amp;searchlimits=&amp;searchorigarg=a%7Bu00E7%7Dolak%2C+mehmet+ali\">Predictability of monthly streamflow discharge using remote sensing precipitation data by data driven models. Ankara, ODTU<\/a>.<\/p>\n<p><strong>Eren D\u00fczenli (MS 2017)<\/strong>. <a href=\"https:\/\/catalog.library.metu.edu.tr\/search~S8\/?searchtype=a&amp;searcharg=D%C3%BCzenli%2C+eren&amp;searchscope=4&amp;SORT=D&amp;extended=0&amp;SUBMIT=Search&amp;searchlimits=&amp;searchorigarg=aD%7Bu00FC%7Dzenli%2C+eren\">Decadal variability analysis of extreme precipitation in Turkey and its relationship with teleconnection patterns. Ankara, ODTU<\/a>.<\/p>\n<p><strong>Burak Bulut (MS 2015)<\/strong>. <a href=\"https:\/\/catalog.library.metu.edu.tr\/search~S4?\/aBulut%2C+burak\/abulut+burak\/1%2C1%2C2%2CB\/frameset&amp;FF=abulut+burak&amp;2%2C%2C2\/indexsort=-\">Evaluation of the consistency of station-based soil moisture measurements with hydrological model and remote sensing observations over Turkey. Ankara, ODTU<\/a>.<\/p>\n<p><strong>Serkan Bayar (BS 2022)<\/strong>. <span id=\"158\" class=\"citation\"><span id=\"180\" class=\"Dummy\"><\/span><a href=\"https:\/\/doi.org\/10.1029\/2022EF002972\"><span id=\"181\" class=\"articleTitle\">CMIP6 Earth system models project greater acceleration of climate zone change due to stronger warming rates<\/span><span id=\"182\" class=\"Dummy\">. <\/span><\/a><\/span><\/p>\n\n\n<p><\/p>\n","protected":false},"excerpt":{"rendered":"<p>CURRENT GRADUATE STUDENTS Ali \u00c7em \u00c7atal (PhD) Deniz Ruhi Yal\u00e7\u0131n (PhD) Aysu Ar\u0131k (MS) \u0130dil Derin Akgedik (MS) Sebahattin Furkan Aksuo\u011flu (MS) G\u00fcrb\u00fcz Doruk S\u00f6\u011f\u00fctl\u00fc (BS) GRADUATED MEMBERS Dr. Ali Ulvi Galip \u015eenocak (PhD 2024). Explainable and Context-Aware Machine Learning For Common and Imbalanced Atmospheric Forecasting. Ankara, ODTU.\u00a0 Dr. Eren D\u00fczenli (PhD 2022). Evaluation of [&hellip;]<\/p>\n","protected":false},"author":1739,"featured_media":0,"parent":0,"menu_order":4,"comment_status":"open","ping_status":"closed","template":"page-templates\/front-page.php","meta":{"footnotes":"","_links_to":"","_links_to_target":""},"class_list":["post-69","page","type-page","status-publish","hentry"],"_links":{"self":[{"href":"https:\/\/blog.metu.edu.tr\/tuyilmaz\/wp-json\/wp\/v2\/pages\/69","targetHints":{"allow":["GET"]}}],"collection":[{"href":"https:\/\/blog.metu.edu.tr\/tuyilmaz\/wp-json\/wp\/v2\/pages"}],"about":[{"href":"https:\/\/blog.metu.edu.tr\/tuyilmaz\/wp-json\/wp\/v2\/types\/page"}],"author":[{"embeddable":true,"href":"https:\/\/blog.metu.edu.tr\/tuyilmaz\/wp-json\/wp\/v2\/users\/1739"}],"replies":[{"embeddable":true,"href":"https:\/\/blog.metu.edu.tr\/tuyilmaz\/wp-json\/wp\/v2\/comments?post=69"}],"version-history":[{"count":0,"href":"https:\/\/blog.metu.edu.tr\/tuyilmaz\/wp-json\/wp\/v2\/pages\/69\/revisions"}],"wp:attachment":[{"href":"https:\/\/blog.metu.edu.tr\/tuyilmaz\/wp-json\/wp\/v2\/media?parent=69"}],"curies":[{"name":"wp","href":"https:\/\/api.w.org\/{rel}","templated":true}]}}