{"id":23,"date":"2016-02-01T16:31:39","date_gmt":"2016-02-01T14:31:39","guid":{"rendered":"http:\/\/blog.metu.edu.tr\/ttemizel\/?page_id=23"},"modified":"2025-05-27T15:54:35","modified_gmt":"2025-05-27T12:54:35","slug":"achievements","status":"publish","type":"page","link":"https:\/\/blog.metu.edu.tr\/ttemizel\/achievements\/","title":{"rendered":"Achievements"},"content":{"rendered":"<p>Data for Refugees Challenge (Project Coordinator) &#8211; Honorable Mention Award in Labor category, 2019.\u00a0 http:\/\/d4r.turktelekom.com.tr\/. Our project web site is http:\/\/d4r.metu.edu.tr<\/p>\n<p>METU Academic Performance Award\u00a0 (In recognition of academic productivity during the past three academic years), 2016.<\/p>\n<p>NVIDIA CUDA Research Center Award, U.S., 2012<\/p>\n<p>NVIDIA CUDA Teaching Center Award, U.S., 2010<\/p>\n<p>NVIDIA Research Grant, Professional Partnership Award, U.S., 2009.<\/p>\n<p>IEEE Computational Intelligence Society Travel Grant (2005)<\/p>\n<p>Royal Academy of Engineering Travel Grant (2005)<\/p>\n<p><strong>PROFESSIONAL ACTIVITIES<\/strong><\/p>\n<p>Panel Member in Felis 2017 (Felis \u00d6d\u00fclleri 2017 Verinin Yarat\u0131c\u0131 Kullan\u0131m\u0131 B\u00f6l\u00fcm\u00fc J\u00fcri \u00dcyesi,\u00a0https:\/\/www.felisodulleri.com\/2017)<\/p>\n<p>EU H2020- INFRAIA-02-2017: Integrating Activities for Starting Communities &#8211; Worked as an expert for evaluating projects, 2016, 2017<\/p>\n<p>Reviewer in Journal of Biomedical Informatics, 2017<\/p>\n<p>Reviewer in IET Computer Journal, 2016, 2017<\/p>\n<p>Reviewer in ACM Computing Surveys, 2016<\/p>\n<p>Reviewer in Tubitak Journal of Electrical Engineering and Computer Sciences, 2016, 2017<\/p>\n<p>Member of Computer and Informatics Commission in METU (2008-2018).<\/p>\n<p>Programme Committee Member in BASARIM09 and BASARIM12 (Ulusal Y\u00fcksek Ba\u015far\u0131m ve Grid Konferans\u0131)<\/p>\n<p>Reviewer in T\u00fcbitak Teydeb Project, 1001 Projects 2007-2018.<\/p>\n<p>Reviewer in IJCNN (International Joint Conference on Neural Networks) 2007, 2009, 2012 and 2016 Conferences<\/p>\n<p>Reviewer in ISCTURKEY 2008 (Information Security and Cryptology Conference with International Participation)<\/p>\n<p>Reviewer in Informatics for Health and Social Care Journal 2015.<\/p>\n<p>Reviewer in Neurocomputing Journal 2007<\/p>\n<p>Reviewer in Knowledge-based Systems Journal 2013, 2016-2018<\/p>\n<p>Reviewer in USMOS 2007 Conference (Ulusal Savunma Uygulamalar\u0131 Modelleme ve Sim\u00fclasyon Konferans\u0131)<\/p>\n<p>Reviewer in EUROSIP 2006<\/p>\n<p>EU 7th Framework Security Call Expert Evaluator (FP-SEC-2009 and FP-SEC-2010): Evaluated 14 collaborative and integrated projects in total (Expertise domain on data mining)<\/p>\n","protected":false},"excerpt":{"rendered":"<p>Data for Refugees Challenge (Project Coordinator) &#8211; Honorable Mention Award in Labor category, 2019.\u00a0 http:\/\/d4r.turktelekom.com.tr\/. Our project web site is http:\/\/d4r.metu.edu.tr METU Academic Performance Award\u00a0 (In recognition of academic productivity during the past three academic years), 2016. NVIDIA CUDA Research Center Award, U.S., 2012 NVIDIA CUDA Teaching Center Award, U.S., 2010 NVIDIA Research Grant, Professional [&hellip;]<\/p>\n","protected":false},"author":3925,"featured_media":0,"parent":0,"menu_order":3,"comment_status":"closed","ping_status":"closed","template":"","meta":{"footnotes":"","_links_to":"","_links_to_target":""},"class_list":["post-23","page","type-page","status-publish","hentry"],"_links":{"self":[{"href":"https:\/\/blog.metu.edu.tr\/ttemizel\/wp-json\/wp\/v2\/pages\/23","targetHints":{"allow":["GET"]}}],"collection":[{"href":"https:\/\/blog.metu.edu.tr\/ttemizel\/wp-json\/wp\/v2\/pages"}],"about":[{"href":"https:\/\/blog.metu.edu.tr\/ttemizel\/wp-json\/wp\/v2\/types\/page"}],"author":[{"embeddable":true,"href":"https:\/\/blog.metu.edu.tr\/ttemizel\/wp-json\/wp\/v2\/users\/3925"}],"replies":[{"embeddable":true,"href":"https:\/\/blog.metu.edu.tr\/ttemizel\/wp-json\/wp\/v2\/comments?post=23"}],"version-history":[{"count":0,"href":"https:\/\/blog.metu.edu.tr\/ttemizel\/wp-json\/wp\/v2\/pages\/23\/revisions"}],"wp:attachment":[{"href":"https:\/\/blog.metu.edu.tr\/ttemizel\/wp-json\/wp\/v2\/media?parent=23"}],"curies":[{"name":"wp","href":"https:\/\/api.w.org\/{rel}","templated":true}]}}