{"id":3,"date":"2010-02-12T14:29:01","date_gmt":"2010-02-12T12:29:01","guid":{"rendered":"http:\/\/blog.metu.edu.tr\/tseker\/hakkinda\/"},"modified":"2010-02-12T14:29:01","modified_gmt":"2010-02-12T12:29:01","slug":"hakkinda","status":"publish","type":"page","link":"https:\/\/blog.metu.edu.tr\/tseker\/hakkinda\/","title":{"rendered":"Hakk\u0131mda"},"content":{"rendered":"<p>Merhaba.<\/p>\n<p>Tamay \u015eeker&#8217;in web g\u00fcnl\u00fc\u011f\u00fcndesiniz.<\/p>\n<p>Ara\u015ft\u0131rmac\u0131y\u0131m.\u00a0 San\u0131r\u0131m!..<\/p>\n<p>Bol bol ara\u015ft\u0131r\u0131r\u0131m.<\/p>\n<p>En sevdi\u011fim \u015feyler:<\/p>\n<ul>\n<li>Dergiler<\/li>\n<li>Galeriler<\/li>\n<li>Simit-\u00e7ay<\/li>\n<li>Sakinlik<\/li>\n<\/ul>\n","protected":false},"excerpt":{"rendered":"<p>Merhaba. Tamay \u015eeker&#8217;in web g\u00fcnl\u00fc\u011f\u00fcndesiniz. Ara\u015ft\u0131rmac\u0131y\u0131m.\u00a0 San\u0131r\u0131m!.. Bol bol ara\u015ft\u0131r\u0131r\u0131m. En sevdi\u011fim \u015feyler: Dergiler Galeriler Simit-\u00e7ay Sakinlik<\/p>\n","protected":false},"author":626,"featured_media":0,"parent":0,"menu_order":0,"comment_status":"open","ping_status":"open","template":"","meta":{"footnotes":"","_links_to":"","_links_to_target":""},"class_list":["post-3","page","type-page","status-publish","hentry"],"_links":{"self":[{"href":"https:\/\/blog.metu.edu.tr\/tseker\/wp-json\/wp\/v2\/pages\/3","targetHints":{"allow":["GET"]}}],"collection":[{"href":"https:\/\/blog.metu.edu.tr\/tseker\/wp-json\/wp\/v2\/pages"}],"about":[{"href":"https:\/\/blog.metu.edu.tr\/tseker\/wp-json\/wp\/v2\/types\/page"}],"author":[{"embeddable":true,"href":"https:\/\/blog.metu.edu.tr\/tseker\/wp-json\/wp\/v2\/users\/626"}],"replies":[{"embeddable":true,"href":"https:\/\/blog.metu.edu.tr\/tseker\/wp-json\/wp\/v2\/comments?post=3"}],"version-history":[{"count":0,"href":"https:\/\/blog.metu.edu.tr\/tseker\/wp-json\/wp\/v2\/pages\/3\/revisions"}],"wp:attachment":[{"href":"https:\/\/blog.metu.edu.tr\/tseker\/wp-json\/wp\/v2\/media?parent=3"}],"curies":[{"name":"wp","href":"https:\/\/api.w.org\/{rel}","templated":true}]}}