{"id":2,"date":"2010-01-23T16:01:05","date_gmt":"2010-01-23T14:01:05","guid":{"rendered":"http:\/\/blog.metu.edu.tr\/taner\/hakkinda\/"},"modified":"2010-01-23T16:01:05","modified_gmt":"2010-01-23T14:01:05","slug":"hakkinda","status":"publish","type":"page","link":"https:\/\/blog.metu.edu.tr\/taner\/hakkinda\/","title":{"rendered":"hakk\u0131mda&#8230;"},"content":{"rendered":"<div id=\"attachment_6\" style=\"width: 210px\" class=\"wp-caption aligncenter\"><img loading=\"lazy\" decoding=\"async\" aria-describedby=\"caption-attachment-6\" class=\"size-full wp-image-6  \" src=\"http:\/\/blog.metu.edu.tr\/taner\/files\/2010\/01\/taner1.jpg\" alt=\"Tek bir \u015feye ihtiyac\u0131m\u0131z var, o da \u00e7al\u0131\u015fkan olmak...\" width=\"200\" height=\"266\" \/><p id=\"caption-attachment-6\" class=\"wp-caption-text\">Bedenin \u00f6ld\u00fc\u011f\u00fcnde de\u011fil, ad\u0131n unutuldu\u011funda ger\u00e7ekten \u00f6lm\u00fc\u015fs\u00fcnd\u00fcr. \/ You are really dead not when you die but forgotten...<\/p><\/div>\n<p>d\u00fcnyaya geli\u015fim 15 ekim 1971 diyadin &#8211; a\u011fr\u0131 diye ge\u00e7iyor kay\u0131tlarda&#8230; hen\u00fcz \u00fc\u00e7 ya\u015f\u0131nda geldi\u011fim ankara halen nefes ald\u0131\u011f\u0131m \u015fehir&#8230; ilk &#8211; orta &#8211; lise y\u0131llar\u0131ndan (ki Mimar Kemal ile ba\u015flay\u0131p 50.y\u0131l ile bitti) sonra \u00fcniversite ve \u00e7al\u0131\u015fma hayat\u0131m e\u015fzamanl\u0131 olarak ba\u015flad\u0131&#8230; bir yandan yar\u0131 zamanl\u0131 i\u015flerde \u00e7al\u0131\u015f\u0131rken, di\u011fer yandan da odt\u00fc&#8217;de s\u00fcrd\u00fcrd\u00fcm e\u011fitimimi&#8230; tarih b\u00f6l\u00fcm\u00fcnde lisans (1996), uluslararas\u0131 ili\u015fkilerde y\u00fcksek lisans (2000) bittikten sonra epey ara verdim akademik hayata&#8230;\u00a0nihayet, 2007 sonbahar\u0131nda, ald\u0131\u011f\u0131m tavsiyelere istinaden ba\u015flad\u0131m doktora program\u0131na &#8230;\u00a0halen bir yandan ders anlat\u0131rken \u00f6\u011frencilerime, bir yandan da tezimi yazmaya \u00e7al\u0131\u015f\u0131yorum&#8230;<\/p>\n<p>gezmeye, farkl\u0131 y\u00f6re ve \u00fclke mutfaklar\u0131n\u0131 ke\u015ffetmeye, insanlar i\u00e7in bir \u015feyler yapmaya, \u00a0\u00f6\u011frenmeye ve \u00f6\u011fretmeye gayretli oldu\u011fumu \u00fcmid ediyorum&#8230;<\/p>\n","protected":false},"excerpt":{"rendered":"<p>d\u00fcnyaya geli\u015fim 15 ekim 1971 diyadin &#8211; a\u011fr\u0131 diye ge\u00e7iyor kay\u0131tlarda&#8230; hen\u00fcz \u00fc\u00e7 ya\u015f\u0131nda geldi\u011fim ankara halen nefes ald\u0131\u011f\u0131m \u015fehir&#8230; ilk &#8211; orta &#8211; lise y\u0131llar\u0131ndan (ki Mimar Kemal ile ba\u015flay\u0131p 50.y\u0131l ile bitti) sonra \u00fcniversite ve \u00e7al\u0131\u015fma hayat\u0131m e\u015fzamanl\u0131 olarak ba\u015flad\u0131&#8230; bir yandan yar\u0131 zamanl\u0131 i\u015flerde \u00e7al\u0131\u015f\u0131rken, di\u011fer yandan da odt\u00fc&#8217;de s\u00fcrd\u00fcrd\u00fcm e\u011fitimimi&#8230; tarih [&hellip;]<\/p>\n","protected":false},"author":622,"featured_media":0,"parent":0,"menu_order":0,"comment_status":"open","ping_status":"open","template":"","meta":{"footnotes":"","_links_to":"","_links_to_target":""},"class_list":["post-2","page","type-page","status-publish","hentry"],"_links":{"self":[{"href":"https:\/\/blog.metu.edu.tr\/taner\/wp-json\/wp\/v2\/pages\/2","targetHints":{"allow":["GET"]}}],"collection":[{"href":"https:\/\/blog.metu.edu.tr\/taner\/wp-json\/wp\/v2\/pages"}],"about":[{"href":"https:\/\/blog.metu.edu.tr\/taner\/wp-json\/wp\/v2\/types\/page"}],"author":[{"embeddable":true,"href":"https:\/\/blog.metu.edu.tr\/taner\/wp-json\/wp\/v2\/users\/622"}],"replies":[{"embeddable":true,"href":"https:\/\/blog.metu.edu.tr\/taner\/wp-json\/wp\/v2\/comments?post=2"}],"version-history":[{"count":0,"href":"https:\/\/blog.metu.edu.tr\/taner\/wp-json\/wp\/v2\/pages\/2\/revisions"}],"wp:attachment":[{"href":"https:\/\/blog.metu.edu.tr\/taner\/wp-json\/wp\/v2\/media?parent=2"}],"curies":[{"name":"wp","href":"https:\/\/api.w.org\/{rel}","templated":true}]}}