{"id":24,"date":"2015-02-26T11:54:35","date_gmt":"2015-02-26T09:54:35","guid":{"rendered":"http:\/\/blog.metu.edu.tr\/syerci\/?page_id=24"},"modified":"2015-02-26T11:58:54","modified_gmt":"2015-02-26T09:58:54","slug":"people","status":"publish","type":"page","link":"https:\/\/blog.metu.edu.tr\/syerci\/people\/","title":{"rendered":"People"},"content":{"rendered":"<h2>Members<\/h2>\n[row]\n[one_fourth]\n<p><img loading=\"lazy\" decoding=\"async\" class=\"alignnone wp-image-26 size-medium\" src=\"http:\/\/blog.metu.edu.tr\/syerci\/files\/2015\/02\/Selcuk-Hoca-250x300.jpg\" alt=\"Selcuk-Hoca\" width=\"250\" height=\"300\" \/><\/p>\n[\/one_fourth]\n[three_fourth]\n<h3>Asst. Prof. Selcuk Yerci<\/h3>\n<p>Micro and Nanotechnology Programme<br \/>\nDepartment of Electrical and Computer Engineering<br \/>\nThe Center for Solar Energy Research and Applications<\/p>\n<p>Room :<br \/>\nPhone :<br \/>\nFax :<br \/>\nEmail :<\/p>\n<p>Research Areas :<\/p>\n[\/three_fourth]\n[\/row]\n[content_box]\n[row]\n[span12]\n<h2>Graduate Students<\/h2>\n[\/span12]\n[\/row]\n[row]\n[one_sixth]\n<p><img loading=\"lazy\" decoding=\"async\" class=\"alignnone wp-image-25 size-full\" src=\"http:\/\/blog.metu.edu.tr\/syerci\/files\/2015\/02\/mehmet1-150x150.jpg\" alt=\"mehmet1-150x150\" width=\"150\" height=\"150\" \/><\/p>\n[\/one_sixth]\n[one_third]\n<h3>Mehmet Ko\u00e7<\/h3>\n<p>Ph.D. Student<br \/>\nElectrical and Electronics Engineering<br \/>\nMicro and Nanotechnology Programme<\/p>\n<p>M.S. in Micro and Nanotechnology @ METU<br \/>\nB.S. in Electrical and Electronics Engineering @ Bilkent University<\/p>\n<p>E-mail: mehmetkoc.ee[at]gmail.com<\/p>\n<p>Research Areas: Electromagnetic and drift-diffusion simulation of solar cells<\/p>\n[\/one_third]\n[one_sixth]\n<p><img loading=\"lazy\" decoding=\"async\" class=\"alignnone wp-image-28 size-full\" src=\"http:\/\/blog.metu.edu.tr\/syerci\/files\/2015\/02\/ilker-150x150.jpg\" alt=\"ilker-150x150\" width=\"150\" height=\"150\" \/><\/p>\n[\/one_sixth]\n[one_third]\n<h3>\u0130lker Y\u0131ld\u0131z<\/h3>\n<p>Ph.D. Student<br \/>\nPhysics<\/p>\n<p>M.S. in Physics @ METU<br \/>\nB.S. in Physics @ Anadolu University<\/p>\n<p>E-mail: iyildiz[at]metu.edu.tr<\/p>\n<p>Research Areas: XPS , TOF-SIMS, UPS, band-alignment in alternative solar materials<\/p>\n[\/one_third]\n[\/row]\n[row]\n[one_sixth]\n<p><img loading=\"lazy\" decoding=\"async\" class=\"alignnone wp-image-27 size-full\" src=\"http:\/\/blog.metu.edu.tr\/syerci\/files\/2015\/02\/wiria-150x150.jpg\" alt=\"wiria-150x150\" width=\"150\" height=\"150\" \/><\/p>\n[\/one_sixth]\n[one_third]\n<h3>Wiria Soltanpoor<\/h3>\n<p>Ph.D. Student<br \/>\nMicro and Nanotechnology Programme<\/p>\n<p>M.Sc. in Theoretical Physics @ Mohaghegh<br \/>\nB.Sc. in Nuclear Physics @ Urmia University<\/p>\n<p>E-mail: wiria.soltanpoor@metu.edu.tr<\/p>\n<p>Research Areas:<br \/>\nLimit efficiency of solar cells<\/p>\n[\/one_third]\n[one_sixth]\n<p><img loading=\"lazy\" decoding=\"async\" class=\"alignnone wp-image-28 size-full\" src=\"http:\/\/blog.metu.edu.tr\/syerci\/files\/2015\/02\/ilker-150x150.jpg\" alt=\"ilker-150x150\" width=\"150\" height=\"150\" \/><\/p>\n[\/one_sixth]\n[one_third]\n<h3>\u0130lker Y\u0131ld\u0131z<\/h3>\n<p>Ph.D. Student<br \/>\nPhysics<\/p>\n<p>M.S. in Physics @ METU<br \/>\nB.S. in Physics @ Anadolu University<\/p>\n<p>E-mail: iyildiz[at]metu.edu.tr<\/p>\n<p>Research Areas: XPS , TOF-SIMS, UPS, band-alignment in alternative solar materials<\/p>\n[\/one_third]\n[\/row]\n[\/content_box]\n","protected":false},"excerpt":{"rendered":"<p>Members [row] [one_fourth] [\/one_fourth] [three_fourth] Asst. Prof. Selcuk Yerci Micro and Nanotechnology Programme Department of Electrical and Computer Engineering The Center for Solar Energy Research and Applications Room : Phone : Fax : Email : Research Areas : [\/three_fourth] [\/row] [content_box] [row] [span12] Graduate Students [\/span12] [\/row] [row] [one_sixth] [\/one_sixth] [one_third] Mehmet Ko\u00e7 Ph.D. Student Electrical and Electronics Engineering Micro&nbsp;<a href=\"https:\/\/blog.metu.edu.tr\/syerci\/people\/\" class=\"read-more\">Continue Reading<\/a><\/p>\n","protected":false},"author":3078,"featured_media":0,"parent":0,"menu_order":0,"comment_status":"open","ping_status":"open","template":"page-fullwidth.php","meta":{"footnotes":"","_links_to":"","_links_to_target":""},"class_list":["post-24","page","type-page","status-publish","hentry"],"_links":{"self":[{"href":"https:\/\/blog.metu.edu.tr\/syerci\/wp-json\/wp\/v2\/pages\/24","targetHints":{"allow":["GET"]}}],"collection":[{"href":"https:\/\/blog.metu.edu.tr\/syerci\/wp-json\/wp\/v2\/pages"}],"about":[{"href":"https:\/\/blog.metu.edu.tr\/syerci\/wp-json\/wp\/v2\/types\/page"}],"author":[{"embeddable":true,"href":"https:\/\/blog.metu.edu.tr\/syerci\/wp-json\/wp\/v2\/users\/3078"}],"replies":[{"embeddable":true,"href":"https:\/\/blog.metu.edu.tr\/syerci\/wp-json\/wp\/v2\/comments?post=24"}],"version-history":[{"count":0,"href":"https:\/\/blog.metu.edu.tr\/syerci\/wp-json\/wp\/v2\/pages\/24\/revisions"}],"wp:attachment":[{"href":"https:\/\/blog.metu.edu.tr\/syerci\/wp-json\/wp\/v2\/media?parent=24"}],"curies":[{"name":"wp","href":"https:\/\/api.w.org\/{rel}","templated":true}]}}