{"id":145,"date":"2018-03-09T14:56:21","date_gmt":"2018-03-09T11:56:21","guid":{"rendered":"http:\/\/blog.metu.edu.tr\/ssevimli\/?page_id=145"},"modified":"2023-12-17T08:59:44","modified_gmt":"2023-12-17T05:59:44","slug":"presentations","status":"publish","type":"page","link":"https:\/\/blog.metu.edu.tr\/ssevimli\/presentations\/","title":{"rendered":"PRESENTATIONS"},"content":{"rendered":"<h3><em><strong>Invited Speaker\u00a0<\/strong><\/em><\/h3>\n<p><span style=\"font-size: 1rem\"><strong>Sevimli-Celik, S. <\/strong>(2023). Play for Learning &amp; Well-being. <em>2nd Transdisciplinary Dialogues on Adult Education Symposium<\/em>. Transdisciplinary Continuing Education Research, University for Continuing Education, Krems, Austria.<br \/>\n<strong><br \/>\nSevimli-Celik, S. <\/strong>(2022, Online). Active, Playful &amp; Creative Teaching in Education.<em>1st\u00a0 International ATEM ( Art, Technology, Education, Management) Conference<\/em>, Milenium University, Gniezno, Poland.<\/span><\/p>\n<p><strong>Sevimli-Celik, S. <\/strong>(2016). Movement as an Active Practice in Pre-service Teacher Education. <em>1st Play Conference: Children Between Digital &amp; Traditional Toys, <\/em>King Saud University, Riyadh, Kingdom of Saudi Arabia.<\/p>\n<p><em><strong>Guest Instructor\u00a0<\/strong><\/em><\/p>\n<p><strong>Sevimli-Celik, S.<\/strong> (2016, Online). More Movement, Smarter Kids! Presented in \u00a0a graduate class of <em>Fine Arts and Play for the Developing Child. <\/em>Bloomsburg University, USA.<\/p>\n<p><em><strong>Panel Discussion (Panelist)\u00a0<\/strong><\/em><\/p>\n<p>LEGO Education Teacher Conference (2019). Bahcesehir University, \u0130stanbul, Turkey.<\/p>\n<p><em style=\"font-size: 1rem\"><strong>International\u00a0<\/strong><\/em><\/p>\n<p><span style=\"font-size: 1rem\">1. <\/span><strong style=\"font-size: 1rem\">Sevimli-Celik, S.<\/strong><span style=\"font-size: 1rem\">, Kirazci, S., &amp; Ince, M. L. (2009). Views of parents and school administrators about preschool movement education: A report from Turkey. Paper presented at the 16th International Conference on Learning in Barcelona, Spain.<\/span><\/p>\n<p>2. Johnson, J., McCoy, K., <strong>Sevimli-Celik, S.<\/strong>, Searfoss, A., &amp; Al Mansour, M. (2010). Teachers&#8217; values and ideas about play and morality. Paper presented at the Association for the Study of Play&#8217;s 36th Annual Conference in Atlanta, Georgia, USA.<\/p>\n<p>3. Patte, M.M., Johnson, J.E., Cohen, L., Nell, M., Jarrett, O., Kuschner, D., Sluss, D., Tarwick-Smith; J., Van-Thiel, L., Graves, S., Reifel, S., Mahoney-Ferster, M., Cemore, J., Tolentino, E., Waite-Stupiansky, S., <strong>Sevimli-Celik, S.<\/strong>, &amp; Baltrusatis, S. (2010). Clearing away rubble from the wellspring: Making room for play in the lives of children. Paper presented at the National Association for the Education of Young Children&#8217;s Annual Conference in Anaheim, California, USA.<\/p>\n<p>4. <strong>Sevimli-Celik, S.<\/strong> (2011). Understanding of play in Turkish cultural context. Paper presented at the Association for the Study of Play&#8217;s 37th Annual Conference in Rochester, New York, USA.<\/p>\n<p>5. Johnson, J.E., Cheng, M.F., Al-Mansour, M., <strong>Sevimli-Celik, S.<\/strong>, Ko, Y., &amp; Rafie, F. (2011). Trans-cultural analysis of play accounts: Preliminary results. Paper presented at the Association for the Study of Play&#8217;s 37th Annual Conference in Rochester, New York, USA.<\/p>\n<p>6. <strong>Sevimli-Celik, S.<\/strong>, &amp; Johnson, J.E. (2011). Preschool teachers&#8217; attitudes toward physical education: Need assessment study. Paper presented at the National Association for the Education of Young Children&#8217;s Annual Conference in Orlando, Florida, USA.<\/p>\n<p>7. Patte, M.M., Johnson, J.E., Cohen, L., Nell, M., Jarrett, O., Kuschner, D., Sutterby, J., Sluss, D., Trawick-Smith, J., Van-Thiel, L., Graves, S., Reifel, S., Mahoney-Ferster, M., Tolentino, E., Waite-Stupiansky, S., <strong>Sevimli-Celik, S.<\/strong>, Baltrusaitis, S., Cemore, J., Pyles, J., Babu, S., &amp; Al-Mansour, M. (2011). Current play research spanning national and international contexts. Paper presented at the National Association for the Education of Young Children&#8217;s Annual Conference in Orlando, Florida, USA.<\/p>\n<p>8. Johnson, J.E., Al-Mansour, M., <strong>Sevimli-Celik, S.<\/strong>, &amp; Ko, Y. (2012). Trans-cultural study of play during the early and middle childhood years. Paper presented at the Association for Childhood Education International Conference in Washington, DC, USA.<\/p>\n<p>9. Patte, M.M., Johnson, J.E., Nell, M., Jarrett, O., Sutterby, J., Sluss, D., Mahoney-Ferster, M., Waite-Stupiansky, S., <strong>Sevimli-Celik, S.<\/strong>, Al-Mansour, M., Baltrusaitis, S., &amp; Guirguis, R. (2012). Rethinking children&#8217;s play in the 21st century: A discussion with play scholars from around the world. Paper presented at the Featured Session of the National Association for the Education of Young Children&#8217;s Annual Conference in Atlanta, Georgia, USA.<\/p>\n<p>10. Johnson, J.E., Johnson M.K., Al-Mansour, M., <strong>Sevimli-Celik, S.<\/strong> (2013). Play as an Educative Process Goes to Scale: Implementing and Evaluating Activity Components of a Required Course for Early &amp; Primary Teacher Candidates. Paper presented at the National Association for the Education of Young Children&#8217;s Annual Conference in Washington, DC, USA.<\/p>\n<p>11. Patte, M., Nell, M., Johnson, J., <strong>Sevimli-Celik, S.<\/strong>, Cohen, L, Trawick-Smith, J., Mahoney Ferster, M., Sluss, D., Jarrett, O., Sutterby, J., Al-Mansour, M., Bergen, D., Guirguis, R., Zosh, J., Swaminathan, S., Sherwood, S., Schein, D., Vu, J., Han, M. (2013). Weaving together the golden strands of play and research. Paper presented at the National Association for the Education of Young Children&#8217;s Annual Conference in Washington, DC, USA.<\/p>\n<p>12. Johnson, J., &amp; <strong>Sevimli-Celik, S.<\/strong> (2014). Teaching teachers to play for ECE and more. Paper presented at the 5th Annual Mini-Conference on Play, Development and Early Childhood Education at Bloomsburg University, Bloomsburg, PA, USA.<\/p>\n<p>13. Johnson, J., Tugrul, B., Mahoney-Frester, M., Al-Monsour, M., Al-Mukaimy, M., Glisan, C., Lee, C., Murillo, K., Sengupta, N., <strong>Sevimli-Celik, S.<\/strong>, Arda-Tuncdemir, T., Wu, V. (2014). Multinational and multicultural play research: Challenges and possibilities. Paper presented at the Association for the Study of Play&#8217;s 40th Annual Conference in Rochester, New York, USA.<\/p>\n<p>14. <strong>Sevimli-Celik, S<\/strong>., &amp; Ata-Akturk, A. (2017). Nurturing Creativity and Playfulness in Early Childhood Pre-service Teacher Education. Paper presented at the 27th ICCP World Play Conference in Vilnius, Lithuania.<\/p>\n<p>15. Gulhan, M., <strong>Sevimli-Celik, S<\/strong>., &amp; Tugrul, B. (2017). An Investigation of Preschool Teachers&#8217; Role During Playtime. Paper presented at the 27th ICCP World Play Conference in Vilnius, Lithuania.<\/p>\n<p>16. Cetken, S., &amp; <strong>Sevimli-Celik, S.<\/strong> (2017). Investigation of Early Childhood Educators&#8217; Perspectives Towards Outdoor Play. Paper presented at the 20th of IPA Triennial World Conferences, Calgary, Canada.<\/p>\n<p>17. <strong>Sevimli-Celik, S.,<\/strong> Canaslan, B., &amp; Tugrul, B. (2018). Reclaiming the Outdoors for Learning: Experiences of Children &amp; Teachers. Paper presented at the International Conference of The Association for the Study of Play (TASP) in Melbourne, Florida, USA.<\/p>\n<p>18. Al\u0131c\u0131, S., &amp; <strong>Sevimli-Celik, S.<\/strong> (2018).&#8221;<span style=\"font-size: 1rem\">Oh, I am not a creative person\u201d: Pre-service teachers\u2019 attitude towards creativity and problem solving. Paper presented at the 28th EECERA Conference in Budapest,\u00a0<\/span><span style=\"font-size: 1rem\">Hungary<\/span><span style=\"font-size: 1rem\">.<\/span><\/p>\n<p>19.\u00a0<strong>Sevimli-Celik, S.<\/strong>\u00a0&amp;\u00a0<span style=\"font-size: 1rem\">Cetken, S.<\/span><span style=\"font-size: 1rem\">\u00a0<\/span><span style=\"font-size: 1rem\">(2019). Design Characteristics of Play Areas &amp; Children\u2019s Play Preferences. Paper presented at the 18th Biennial EARLI Conference in Aachen, Germany.<\/span><\/p>\n<p><span style=\"font-size: 1rem\">20. Kilincci, E., Cetken-Aktas, S., &amp; <strong>Sevimli-Celik, S.<\/strong> (Online, 2021). &#8220;I play because it is fun&#8221;. Play Experiences of Preschoolers. Paper presented at the 28th ICCP World Conference on Play, University Autonomous of Madrid, Spain.<\/span><\/p>\n<p>21. Uzum, S., &amp; <strong>Sevimli-Celik, S.<\/strong> (2022). Visual Arts in Early Childhood Classrooms: The Views of Pre-service Teachers. 74th OMEP World Assembly and Conference, Athens, Greece.<\/p>\n<p>22.Turgut-Kurt, R., &amp; <strong>Sevimli-Celik, S.<\/strong> (2023). \u201cI support taking risks only under my control!\u201d Preschool Teachers\u2019 Attitudes and Self-reported Practices about Risky Play Outdoors. 31st EECERA Conference, Lisbon, Portugal.<\/p>\n<p>23. Cetken-Aktas, S., Demirci, G. E., &amp; <strong>Sevimli-Celik, S.<\/strong> (2023). Learning Outdoors in the Higher Education: Experiences of Pre-Service Teachers. 31st EECERA Conference, Lisbon, Portugal.<\/p>\n<p><b><i>National<\/i><\/b><\/p>\n<p>1. <strong>Sevimli-Celik, S.<\/strong> (2015). Erken Cocukluk Doneminde Hareket Egitimi. Gunumuz Cocuklar\u0131n\u0131n Gelisen Ogretmeni Sempozyumu, Nesibe Aydin Okullar\u0131. Ankara, Turkey.<\/p>\n<p>2. Banko, C., Akdemir, K., Gemici, M., Senyurt, E., &amp;\u00a0<strong>Sevimli-Celik, S.<\/strong> (2016). Ac\u0131k Hava Oyun Alanlar\u0131n\u0131n Risk Alma Becerisini Desteklemesi Ac\u0131s\u0131ndan Incelenmesi. 3rd International Eurasian Educational Research Congress, Mugla S\u0131tk\u0131 Kocman Universitesi, Mugla, Turkey.<\/p>\n<p>3.\u00a0<strong>Sevimli-Celik, S.<\/strong> (2017). Erken Cocukluk Doneminde Yarat\u0131c\u0131 Dusunme. II. ODTU Cocuk Akl\u0131m Gunu, Ankara, Turkey.<\/p>\n<p>4. Gulhan, M. &amp; <strong>Sevimli-Celik, S<\/strong>. (2017). Okul Oncesi Ogretmenlerinin Serbest Oyun ve Serbest Oyun Zaman\u0131n\u0131n Onemine Iliskin Inan\u0131slar\u0131n\u0131n Incelenmesi. 4th International Eurasian Educational Research Congress, Pamukkale Universitesi, Denizli, Turkey.<\/p>\n<p>5. Demirtas, S., Al\u0131c\u0131, S., &amp; <strong>Sevimli-Celik, S.<\/strong> (2017). Gorsel Sanatlar ve Materyal Gelistirme Dersinin Okul Oncesi Ogretmen Adaylar\u0131n\u0131n Problem Cozme Becerisi ve Yarat\u0131c\u0131l\u0131k Duzeyine Etkisi. 4th International Eurasian Educational Research Congress, Pamukkale Universitesi, Denizli, Turkey.<\/p>\n<p>6. Akdemir, K. &amp; <strong>Sevimli-Celik, S.<\/strong> (2017). Erken Cocukluk Doneminde Sanat Atolyesi Ornegi: Kopruler Projesi. 5th International Early Childhood Education Congress, Gazi Universitesi, Ankara, Turkey.<\/p>\n<p>7. Tugrul, B., Boz, M., Capan, S. A., <strong>Sevimli-Celik, S<\/strong>., Aslan, M. O., &amp; Uludag, G. (2017). Turkiye Oyun Profili Arast\u0131rmas\u0131 I. Okul Oncesi Donemdeki Cocuklara Sunulan Oyun Olanaklar\u0131n\u0131n Okul Oncesi Ogretmen Goruslerine Gore Incelenmesi. 5th International Early Childhood Education Congress, Gazi Universitesi, Ankara, Turkey.<\/p>\n<p>8. Cetken, S. &amp; <strong>Sevimli-Celik, S.<\/strong> (2018). Cocuk Gozunden D\u0131s Mekan Oyun Alanlar\u0131. 5th International Eurasian Educational Research Congress, Akdeniz Universitesi, Antalya, Turkey.<\/p>\n<p>9. Isikci, G. &amp; <strong>Sevimli-Celik, S.<\/strong> (2019). Yarat\u0131c\u0131l\u0131k ve Yarat\u0131c\u0131l\u0131kla \u0130li\u015fkili Kavramlara Y\u00f6nelik Alg\u0131lar\u0131n Metafor Analizi Yoluyla \u0130ncelenmesi. 6th International Eurasian Educational Research Congress, Ankara Universitesi, Ankara, Turkey.<\/p>\n<p>10. Mert, Z. &amp; <strong>Sevimli-Celik, S.<\/strong> (2019). Okul \u00d6ncesi S\u0131n\u0131flar\u0131nda Yap\u0131-\u0130n\u015fa Oyuncaklar\u0131n\u0131n Kullan\u0131m\u0131 ve \u00d6\u011fretmen G\u00f6r\u00fc\u015fleri. 6th International Eurasian Educational Research Congress, Ankara Universitesi, Ankara, Turkey.<\/p>\n<p>11. Terzioglu, T.E. &amp; <strong>Sevimli-Celik, S.<\/strong> (2019).\u00a0<span style=\"font-size: 1rem\">Mindful Teachers and Mindful Kids: Investigating Early Childhood Teachers\u2019 Perceptions of Yoga for Kids. 6th International Early Childhood Education Congress, Kafkas Universitesi, Kars, Turkey.\u00a0<\/span><\/p>\n<p>12. Kandemir, M. &amp; <strong>Sevimli-Celik, S<\/strong>. (Online, 2021). A\u00e7\u0131k Hava Zaman\u0131 Uygulamalar\u0131: \u00d6\u011fretmen ve Veli G\u00f6r\u00fc\u015fleri, Sakarya Universitesi, Sakarya, Turkey.<\/p>\n","protected":false},"excerpt":{"rendered":"<p>Invited Speaker\u00a0 Sevimli-Celik, S. (2023). Play for Learning &amp; Well-being. 2nd Transdisciplinary Dialogues on Adult Education Symposium. Transdisciplinary Continuing Education Research, University for Continuing Education, Krems, Austria. Sevimli-Celik, S. (2022, Online). Active, Playful &amp; Creative Teaching in Education.1st\u00a0 International ATEM ( Art, Technology, Education, Management) Conference, Milenium University, Gniezno, Poland. Sevimli-Celik, S. (2016). Movement as [&hellip;]<\/p>\n","protected":false},"author":3851,"featured_media":0,"parent":0,"menu_order":5,"comment_status":"closed","ping_status":"closed","template":"","meta":{"footnotes":"","_links_to":"","_links_to_target":""},"class_list":["post-145","page","type-page","status-publish","hentry"],"_links":{"self":[{"href":"https:\/\/blog.metu.edu.tr\/ssevimli\/wp-json\/wp\/v2\/pages\/145","targetHints":{"allow":["GET"]}}],"collection":[{"href":"https:\/\/blog.metu.edu.tr\/ssevimli\/wp-json\/wp\/v2\/pages"}],"about":[{"href":"https:\/\/blog.metu.edu.tr\/ssevimli\/wp-json\/wp\/v2\/types\/page"}],"author":[{"embeddable":true,"href":"https:\/\/blog.metu.edu.tr\/ssevimli\/wp-json\/wp\/v2\/users\/3851"}],"replies":[{"embeddable":true,"href":"https:\/\/blog.metu.edu.tr\/ssevimli\/wp-json\/wp\/v2\/comments?post=145"}],"version-history":[{"count":0,"href":"https:\/\/blog.metu.edu.tr\/ssevimli\/wp-json\/wp\/v2\/pages\/145\/revisions"}],"wp:attachment":[{"href":"https:\/\/blog.metu.edu.tr\/ssevimli\/wp-json\/wp\/v2\/media?parent=145"}],"curies":[{"name":"wp","href":"https:\/\/api.w.org\/{rel}","templated":true}]}}