{"id":103,"date":"2017-07-12T16:20:31","date_gmt":"2017-07-12T13:20:31","guid":{"rendered":"http:\/\/blog.metu.edu.tr\/ssevimli\/?page_id=103"},"modified":"2024-11-16T23:41:09","modified_gmt":"2024-11-16T20:41:09","slug":"current-projects","status":"publish","type":"page","link":"https:\/\/blog.metu.edu.tr\/ssevimli\/current-projects\/","title":{"rendered":"PROJECTS, AWARDS, &amp; CERTIFICATES"},"content":{"rendered":"<p><strong>Projects<br \/><\/strong><strong>Principal Investigator,<\/strong> &#8220;<em>\u00c7ocuk G\u00f6z\u00fcnden D\u0131\u015f Mekan Oyun Alanlar\u0131<\/em>&#8221; (Outdoor Play Areas Through the Eyes of Children), BAP-20180051, METU\u00a0 \u00a0 \u00a0 \u00a0 \u00a0 \u00a0 \u00a0 Research Fund (2018-2019).<\/p>\n<p><strong>Principal Investigator<\/strong>, &#8220;<em>Erken \u00c7ocukluk D\u00f6neminde Aktif \u00d6\u011frenme Ortamlar\u0131n\u0131n Yarat\u0131lmas\u0131&#8221;\u00a0 <\/em>(Creating Active Learning Environments in the Early Years), BAP-08-11-2017, METU Research Fund (2017-2019).<\/p>\n<p><strong>Advisor, &#8220;<\/strong><em>Okul \u00d6ncesi D\u00f6nem \u00c7ocuklar\u0131n\u0131n Rehberli Oyun S\u0131ras\u0131ndaki Deneyimleri ve S\u00f6ylemleri&#8221; (Experiences and Discourses of Preschool Children during Guided Play), <\/em>752988, TUBITAK 1002 Research Fund (2023-2024).\u00a0<\/p>\n<p><strong>Awards &amp; Grants<br \/><\/strong><em>Graduate Study Award<br \/><\/em>Penn State Graduate Student Full Scholarship (2009-2014, Penn State University).<\/p>\n<p><em>Teaching Grant<br \/><\/em>ERASMUS Teaching Mobility Grant to University of Turku, Finland (2019).<br \/>ERASMUS Teaching Mobility Grant to Universidad de Castilla-La Mancha, Spain (2023).<\/p>\n<p><em>Scholar Award<br \/><\/em>Article Award for &#8220;Teacher preparation for movement education: Increasing pre-service teachers\u2019 competence for working with young children&#8221; (2016, METU).<br \/>Book Award for &#8220;Active Designs for Movement in Early Childhood Environments&#8221; (2018, METU).<\/p>\n<p><em style=\"font-size: 1rem\">Travel Grants<\/em><span style=\"font-size: 1rem\"><br \/><\/span><span style=\"font-size: 1rem\">The Association of Study of Play Scholar Travel Grant to TASP Conference in Florida, USA (2018).<br \/>Jacob Foundation Travel Award to EARLI Conference in Aachen, Germany (2019).\u00a0<\/span><\/p>\n<p><strong>Certificates\u00a0<\/strong><br \/>Children&#8217;s Yoga Teacher Training (3-8-years old), Yogalin, Certified by International Yoga Federation\u00a0<\/p>\n\n\n<p><\/p>\n","protected":false},"excerpt":{"rendered":"<p>ProjectsPrincipal Investigator, &#8220;\u00c7ocuk G\u00f6z\u00fcnden D\u0131\u015f Mekan Oyun Alanlar\u0131&#8221; (Outdoor Play Areas Through the Eyes of Children), BAP-20180051, METU\u00a0 \u00a0 \u00a0 \u00a0 \u00a0 \u00a0 \u00a0 Research Fund (2018-2019). Principal Investigator, &#8220;Erken \u00c7ocukluk D\u00f6neminde Aktif \u00d6\u011frenme Ortamlar\u0131n\u0131n Yarat\u0131lmas\u0131&#8221;\u00a0 (Creating Active Learning Environments in the Early Years), BAP-08-11-2017, METU Research Fund (2017-2019). Advisor, &#8220;Okul \u00d6ncesi D\u00f6nem \u00c7ocuklar\u0131n\u0131n Rehberli [&hellip;]<\/p>\n","protected":false},"author":3851,"featured_media":0,"parent":0,"menu_order":4,"comment_status":"closed","ping_status":"closed","template":"","meta":{"footnotes":"","_links_to":"","_links_to_target":""},"class_list":["post-103","page","type-page","status-publish","hentry"],"_links":{"self":[{"href":"https:\/\/blog.metu.edu.tr\/ssevimli\/wp-json\/wp\/v2\/pages\/103","targetHints":{"allow":["GET"]}}],"collection":[{"href":"https:\/\/blog.metu.edu.tr\/ssevimli\/wp-json\/wp\/v2\/pages"}],"about":[{"href":"https:\/\/blog.metu.edu.tr\/ssevimli\/wp-json\/wp\/v2\/types\/page"}],"author":[{"embeddable":true,"href":"https:\/\/blog.metu.edu.tr\/ssevimli\/wp-json\/wp\/v2\/users\/3851"}],"replies":[{"embeddable":true,"href":"https:\/\/blog.metu.edu.tr\/ssevimli\/wp-json\/wp\/v2\/comments?post=103"}],"version-history":[{"count":0,"href":"https:\/\/blog.metu.edu.tr\/ssevimli\/wp-json\/wp\/v2\/pages\/103\/revisions"}],"wp:attachment":[{"href":"https:\/\/blog.metu.edu.tr\/ssevimli\/wp-json\/wp\/v2\/media?parent=103"}],"curies":[{"name":"wp","href":"https:\/\/api.w.org\/{rel}","templated":true}]}}