{"id":195,"date":"2018-06-20T19:07:46","date_gmt":"2018-06-20T19:07:46","guid":{"rendered":"http:\/\/blog.metu.edu.tr\/sidogan\/?page_id=195"},"modified":"2023-02-28T11:35:45","modified_gmt":"2023-02-28T11:35:45","slug":"articles","status":"publish","type":"page","link":"https:\/\/blog.metu.edu.tr\/sidogan\/my-publications\/articles\/","title":{"rendered":"Articles"},"content":{"rendered":"<ul>\n<li><a class=\"nova-legacy-e-link nova-legacy-e-link--color-inherit nova-legacy-e-link--theme-bare\" href=\"https:\/\/www.researchgate.net\/publication\/339985422_A_Systematic_Review_on_the_Use_of_Technology_in_Learning_Disabilities?_sg%5B0%5D=ofkx8rYyD0LoTr7phEp6-hhwo91QStQq2zNhaO9vlHTktL_xoQUSoYhNLKTv5xRWL5h6mn703MdIKRZFEeEIYMrhN_pz2Q_-7C_Vj2ma.Vrs3cAUqLDR-GL5zjYruNZXTltjPWi55TVeOBJ2ZcmG8SmJ0ppHZYXNkMpFu12OOux1PMH3zlSUC_S-vd6H0SA\">Dogan, S. &amp; Delialio\u011flu, \u00d6. (2020). A Systematic Review on the Use of Technology in Learning Disabilities . Ankara \u00dcniversitesi E\u011fitim Bilimleri Fak\u00fcltesi \u00d6zel E\u011fitim Dergisi , 21 (3) , 611-638 . DOI: 10.21565\/ozelegitimdergisi.563763<\/a><\/li>\n<li>Aslan Orhan, Donmez Mehmet, Dogan Sibel, Yildirim Soner (2019). Bili\u015fsel Etnografya: Kuramsal \u00c7er\u00e7eveler, Y\u00f6ntemler ve S\u00fcre\u00e7ler.\u00a0<em>\u201cE\u011fitim Teknolojisi Kuram ve Uygulama\u201d.<\/em><\/li>\n<li>Do\u011fan, S., Aslan, O., D\u00f6nmez, M., &amp; Y\u0131ld\u0131r\u0131m, S. (2019). Investigation of students&#8217; cognitive processes in computer programming: A cognitive ethnography study.\u00a0<em>Turkish Online Journal of Qualitative Inquiry<\/em>,\u00a010(1).<\/li>\n<li>D\u00f6nmez, M., Do\u011fan, S., &amp; Baran, E. (2018). How Signaling Principle Affects Learning: An Eye-Tracking Study.\u00a0<i>Mersin University Journal of the Faculty of Education<\/i>,\u00a0<i>14<\/i>(2).<\/li>\n<\/ul>\n","protected":false},"excerpt":{"rendered":"<p>Dogan, S. &amp; Delialio\u011flu, \u00d6. (2020). A Systematic Review on the Use of Technology in Learning Disabilities . Ankara \u00dcniversitesi E\u011fitim Bilimleri Fak\u00fcltesi \u00d6zel E\u011fitim Dergisi , 21 (3) , 611-638 . DOI: 10.21565\/ozelegitimdergisi.563763 Aslan Orhan, Donmez Mehmet, Dogan Sibel, Yildirim Soner (2019). Bili\u015fsel Etnografya: Kuramsal \u00c7er\u00e7eveler, Y\u00f6ntemler ve S\u00fcre\u00e7ler.\u00a0\u201cE\u011fitim Teknolojisi Kuram ve Uygulama\u201d. Do\u011fan, [&hellip;]<\/p>\n","protected":false},"author":1090,"featured_media":0,"parent":170,"menu_order":0,"comment_status":"closed","ping_status":"closed","template":"","meta":{"footnotes":"","_links_to":"","_links_to_target":""},"class_list":["post-195","page","type-page","status-publish","hentry"],"_links":{"self":[{"href":"https:\/\/blog.metu.edu.tr\/sidogan\/wp-json\/wp\/v2\/pages\/195","targetHints":{"allow":["GET"]}}],"collection":[{"href":"https:\/\/blog.metu.edu.tr\/sidogan\/wp-json\/wp\/v2\/pages"}],"about":[{"href":"https:\/\/blog.metu.edu.tr\/sidogan\/wp-json\/wp\/v2\/types\/page"}],"author":[{"embeddable":true,"href":"https:\/\/blog.metu.edu.tr\/sidogan\/wp-json\/wp\/v2\/users\/1090"}],"replies":[{"embeddable":true,"href":"https:\/\/blog.metu.edu.tr\/sidogan\/wp-json\/wp\/v2\/comments?post=195"}],"version-history":[{"count":0,"href":"https:\/\/blog.metu.edu.tr\/sidogan\/wp-json\/wp\/v2\/pages\/195\/revisions"}],"up":[{"embeddable":true,"href":"https:\/\/blog.metu.edu.tr\/sidogan\/wp-json\/wp\/v2\/pages\/170"}],"wp:attachment":[{"href":"https:\/\/blog.metu.edu.tr\/sidogan\/wp-json\/wp\/v2\/media?parent=195"}],"curies":[{"name":"wp","href":"https:\/\/api.w.org\/{rel}","templated":true}]}}