{"id":189,"date":"2018-06-20T18:48:51","date_gmt":"2018-06-20T18:48:51","guid":{"rendered":"http:\/\/blog.metu.edu.tr\/sidogan\/?page_id=189"},"modified":"2023-02-28T11:39:30","modified_gmt":"2023-02-28T11:39:30","slug":"home","status":"publish","type":"page","link":"https:\/\/blog.metu.edu.tr\/sidogan\/","title":{"rendered":"Home"},"content":{"rendered":"<table>\n<tbody>\n<tr>\n<td colspan=\"2\" width=\"640\"><strong>EDUCATION<\/strong><\/p>\n<p><strong>2015- 2023:<\/strong><strong> Doctorate<\/strong>, Computer Education and Instructional Technology,\u00a0Middle East Technical University, Ankara, TR<\/p>\n<p><strong>Thesis Title:\u00a0<\/strong>Design, Development, and Evaluation of an Online Learning Material to Support the Reading Comprehension Performance of Students with Learning Difficulties in an Expository Text through Teaching Technical Vocabulary<\/p>\n<p><strong>2012-2015:<\/strong><strong> Master\u2019s<\/strong>, Computer Education and Instructional Technology\u00a0Middle East Technical University, Ankara, TR<br \/>\n<strong>Thesis Title:<\/strong> Examining effects of a technology-enhanced extra curriculum on special education students with intellectual disability \/ Teknoloji ile zenginle\u015ftirilmi\u015f ders d\u0131\u015f\u0131 faaliyetlerin zihinsel engelli \u00f6\u011frenciler \u00fczerindeki etkilerinin incelenmesi<\/td>\n<\/tr>\n<tr>\n<td colspan=\"2\" width=\"640\"><strong>2007\u20132012: Bachelor\u2019s<\/strong>, Computer Education and Instructional Technology Middle East Technical University, Ankara, TR<\/td>\n<\/tr>\n<\/tbody>\n<\/table>\n","protected":false},"excerpt":{"rendered":"<p>EDUCATION 2015- 2023: Doctorate, Computer Education and Instructional Technology,\u00a0Middle East Technical University, Ankara, TR Thesis Title:\u00a0Design, Development, and Evaluation of an Online Learning Material to Support the Reading Comprehension Performance of Students with Learning Difficulties in an Expository Text through Teaching Technical Vocabulary 2012-2015: Master\u2019s, Computer Education and Instructional Technology\u00a0Middle East Technical University, Ankara, TR [&hellip;]<\/p>\n","protected":false},"author":1090,"featured_media":0,"parent":0,"menu_order":0,"comment_status":"closed","ping_status":"closed","template":"","meta":{"footnotes":"","_links_to":"","_links_to_target":""},"class_list":["post-189","page","type-page","status-publish","hentry"],"_links":{"self":[{"href":"https:\/\/blog.metu.edu.tr\/sidogan\/wp-json\/wp\/v2\/pages\/189","targetHints":{"allow":["GET"]}}],"collection":[{"href":"https:\/\/blog.metu.edu.tr\/sidogan\/wp-json\/wp\/v2\/pages"}],"about":[{"href":"https:\/\/blog.metu.edu.tr\/sidogan\/wp-json\/wp\/v2\/types\/page"}],"author":[{"embeddable":true,"href":"https:\/\/blog.metu.edu.tr\/sidogan\/wp-json\/wp\/v2\/users\/1090"}],"replies":[{"embeddable":true,"href":"https:\/\/blog.metu.edu.tr\/sidogan\/wp-json\/wp\/v2\/comments?post=189"}],"version-history":[{"count":0,"href":"https:\/\/blog.metu.edu.tr\/sidogan\/wp-json\/wp\/v2\/pages\/189\/revisions"}],"wp:attachment":[{"href":"https:\/\/blog.metu.edu.tr\/sidogan\/wp-json\/wp\/v2\/media?parent=189"}],"curies":[{"name":"wp","href":"https:\/\/api.w.org\/{rel}","templated":true}]}}